{"id":63990,"date":"2026-04-23T07:12:20","date_gmt":"2026-04-23T07:12:20","guid":{"rendered":"https:\/\/profitstore.pl\/index.php\/produkt\/wklad-eu5-do-komfovent-domekt-r-700-f-370x360x44\/"},"modified":"2026-04-23T07:12:22","modified_gmt":"2026-04-23T07:12:22","slug":"wklad-eu5-do-komfovent-domekt-r-700-f-370x360x44","status":"publish","type":"product","link":"https:\/\/profitstore.pl\/index.php\/produkt\/wklad-eu5-do-komfovent-domekt-r-700-f-370x360x44\/","title":{"rendered":"Wk\u0142ad EU5 do KOMFOVENT DOMEKT R 700 F (370x360x44)"},"content":{"rendered":"<p>Wk\u0142ad filtracyjny klasy \u00a0EU5\/M5 \u00a0pasuj\u0105cy do centrali wentylacyjnej\u00a0 KOMFOVENT DOMEKT R 700F Wk\u0142ad do filtra kasetowego w ramkach metalowych. Filtry s\u0105 zamiennikami, nazwy producent\u00f3w i marek zosta\u0142y u\u017cyte w celu identyfikacji produktu.<\/p>\n<p>Poni\u017cej przedstawiamy sprzedawany produkt:<\/p>\n<p><img src=\"https:\/\/pureventfilters.eu\/4673-large_default\/wklad-eu5-do-komfovent-domekt-r-700-f-370x360x44.jpg\" alt=\"Wk\u0142ad EU5 do KOMFOVENT DOMEKT R 700 F (370x360x44)\" \/><\/p>\n","protected":false},"excerpt":{"rendered":"<p>Wk\u0142ad filtracyjny klasy \u00a0EU5\/M5 \u00a0pasuj\u0105cy do centrali wentylacyjnej\u00a0 KOMFOVENT DOMEKT R 700F Wk\u0142ad do filtra kasetowego w ramkach metalowych. Filtry s\u0105 zamiennikami, nazwy producent\u00f3w i marek zosta\u0142y u\u017cyte w celu identyfikacji produktu. Poni\u017cej przedstawiamy sprzedawany produkt:<\/p>\n","protected":false},"featured_media":63991,"template":"","meta":[],"_links":{"self":[{"href":"https:\/\/profitstore.pl\/index.php\/wp-json\/wp\/v2\/product\/63990"}],"collection":[{"href":"https:\/\/profitstore.pl\/index.php\/wp-json\/wp\/v2\/product"}],"about":[{"href":"https:\/\/profitstore.pl\/index.php\/wp-json\/wp\/v2\/types\/product"}],"wp:featuredmedia":[{"embeddable":true,"href":"https:\/\/profitstore.pl\/index.php\/wp-json\/wp\/v2\/media\/63991"}],"wp:attachment":[{"href":"https:\/\/profitstore.pl\/index.php\/wp-json\/wp\/v2\/media?parent=63990"}],"curies":[{"name":"wp","href":"https:\/\/api.w.org\/{rel}","templated":true}]}}