{"id":63973,"date":"2026-04-23T07:10:59","date_gmt":"2026-04-23T07:10:59","guid":{"rendered":"https:\/\/profitstore.pl\/index.php\/produkt\/filtr-eu5-do-komfovent-domekt-s-1000-f-558x287x46\/"},"modified":"2026-04-23T07:11:02","modified_gmt":"2026-04-23T07:11:02","slug":"filtr-eu5-do-komfovent-domekt-s-1000-f-558x287x46","status":"publish","type":"product","link":"https:\/\/profitstore.pl\/index.php\/produkt\/filtr-eu5-do-komfovent-domekt-s-1000-f-558x287x46\/","title":{"rendered":"Filtr EU5 do KOMFOVENT DOMEKT S 1000 F (558x287x46)"},"content":{"rendered":"<p>Filtr kasetowy\u00a0klasy \u00a0EU5\/M5 \u00a0pasuj\u0105cy do centrali wentylacyjnej\u00a0 KOMFOVENT\u00a0DOMEKT S 1000 F. Filtry s\u0105 zamiennikami, nazwy producent\u00f3w i marek zosta\u0142y u\u017cyte w celu identyfikacji produktu. Prowadzimy sprzeda\u017c filtr\u00f3w w kasecie metalowej gdzie zalet\u0105 takiego rozwi\u0105zania jest mo\u017cliwo\u015b\u0107 samodzielnej wymiany wk\u0142adu filtracyjnego, oraz obni\u017cenie koszt\u00f3w eksploatacji. Wk\u0142ady dost\u0119pne w atrakcyjnych cenach.<\/p>\n<p>Poni\u017cej przedstawiamy sprzedawany produkt:<\/p>\n<p><img src=\"https:\/\/pureventfilters.eu\/2778-large_default\/filtr-eu5-do-komfovent-domekt-s-1000-f-558x287x46.jpg\" alt=\"Filtr EU5 do KOMFOVENT DOMEKT S 1000 F (558x287x46)\" \/><\/p>\n","protected":false},"excerpt":{"rendered":"<p>Filtr kasetowy\u00a0klasy \u00a0EU5\/M5 \u00a0pasuj\u0105cy do centrali wentylacyjnej\u00a0 KOMFOVENT\u00a0DOMEKT S 1000 F. Filtry s\u0105 zamiennikami, nazwy producent\u00f3w i marek zosta\u0142y u\u017cyte w celu identyfikacji produktu. Prowadzimy sprzeda\u017c filtr\u00f3w w kasecie metalowej gdzie zalet\u0105 takiego rozwi\u0105zania jest mo\u017cliwo\u015b\u0107 samodzielnej wymiany wk\u0142adu filtracyjnego, oraz obni\u017cenie koszt\u00f3w eksploatacji. Wk\u0142ady dost\u0119pne w atrakcyjnych cenach. Poni\u017cej przedstawiamy sprzedawany produkt:<\/p>\n","protected":false},"featured_media":28857,"template":"","meta":[],"_links":{"self":[{"href":"https:\/\/profitstore.pl\/index.php\/wp-json\/wp\/v2\/product\/63973"}],"collection":[{"href":"https:\/\/profitstore.pl\/index.php\/wp-json\/wp\/v2\/product"}],"about":[{"href":"https:\/\/profitstore.pl\/index.php\/wp-json\/wp\/v2\/types\/product"}],"wp:featuredmedia":[{"embeddable":true,"href":"https:\/\/profitstore.pl\/index.php\/wp-json\/wp\/v2\/media\/28857"}],"wp:attachment":[{"href":"https:\/\/profitstore.pl\/index.php\/wp-json\/wp\/v2\/media?parent=63973"}],"curies":[{"name":"wp","href":"https:\/\/api.w.org\/{rel}","templated":true}]}}