{"id":63972,"date":"2026-04-21T17:09:15","date_gmt":"2026-04-21T17:09:15","guid":{"rendered":"https:\/\/profitstore.pl\/index.php\/produkt\/filtr-plaski-eu4-do-centrali-viessmann-serii-vitovent-300-v2-415x238\/"},"modified":"2026-04-21T17:09:17","modified_gmt":"2026-04-21T17:09:17","slug":"filtr-plaski-eu4-do-centrali-viessmann-serii-vitovent-300-v2-415x238","status":"publish","type":"product","link":"https:\/\/profitstore.pl\/index.php\/produkt\/filtr-plaski-eu4-do-centrali-viessmann-serii-vitovent-300-v2-415x238\/","title":{"rendered":"Filtr p\u0142aski EU4 do centrali VIESSMANN serii VITOVENT 300 V2 (415&#215;238)"},"content":{"rendered":"<p>Filtr p\u0142aski wykonany z maty o klasie filtracji G4\/EU4. Mata obszyta na ramce z drutu stalowego. Produkt jest zamiennikiem. Nazwy urz\u0105dze\u0144, cz\u0119\u015bci i marek zosta\u0142y u\u017cyte w celu identyfikacji produktu.<\/p>\n<p>Poni\u017cej przedstawiamy sprzedawany produkt:<\/p>\n<p><img src=\"https:\/\/pureventfilters.eu\/2777-large_default\/filtr-plaski-eu4-do-centrali-viessmann-serii-vitovent-300-v2-415x238.jpg\" alt=\"Filtr p\u0142aski EU4 do centrali VIESSMANN serii VITOVENT 300 V2 (415x238)\" \/><\/p>\n","protected":false},"excerpt":{"rendered":"<p>Filtr p\u0142aski wykonany z maty o klasie filtracji G4\/EU4. Mata obszyta na ramce z drutu stalowego. Produkt jest zamiennikiem. Nazwy urz\u0105dze\u0144, cz\u0119\u015bci i marek zosta\u0142y u\u017cyte w celu identyfikacji produktu. Poni\u017cej przedstawiamy sprzedawany produkt:<\/p>\n","protected":false},"featured_media":28856,"template":"","meta":[],"_links":{"self":[{"href":"https:\/\/profitstore.pl\/index.php\/wp-json\/wp\/v2\/product\/63972"}],"collection":[{"href":"https:\/\/profitstore.pl\/index.php\/wp-json\/wp\/v2\/product"}],"about":[{"href":"https:\/\/profitstore.pl\/index.php\/wp-json\/wp\/v2\/types\/product"}],"wp:featuredmedia":[{"embeddable":true,"href":"https:\/\/profitstore.pl\/index.php\/wp-json\/wp\/v2\/media\/28856"}],"wp:attachment":[{"href":"https:\/\/profitstore.pl\/index.php\/wp-json\/wp\/v2\/media?parent=63972"}],"curies":[{"name":"wp","href":"https:\/\/api.w.org\/{rel}","templated":true}]}}