{"id":63969,"date":"2026-04-21T17:09:15","date_gmt":"2026-04-21T17:09:15","guid":{"rendered":"https:\/\/profitstore.pl\/index.php\/produkt\/filtr-plaski-do-rekuperatora-aeris-aeris-comfoair-350-450-550\/"},"modified":"2026-04-21T17:09:16","modified_gmt":"2026-04-21T17:09:16","slug":"filtr-plaski-do-rekuperatora-aeris-aeris-comfoair-350-450-550","status":"publish","type":"product","link":"https:\/\/profitstore.pl\/index.php\/produkt\/filtr-plaski-do-rekuperatora-aeris-aeris-comfoair-350-450-550\/","title":{"rendered":"Filtr p\u0142aski do rekuperatora AERIS \/ AERIS COMFOAIR 350\/450\/550 \/"},"content":{"rendered":"<p>Filtr p\u0142aski\u00a0 o wymiarach 500&#215;200 pasuj\u0105cy centrali\u00a0do AERIS 350 450 550: Prezentowane filtry pasuj\u0105 r\u00f3wnie\u017c do rekuperator\u00f3w: Aeris 350 Standard Aeris 350 Standard VV Aeris 350 Luxe Aeris 350 Luxe VV Aeris 350 Luxe ERV VV Aeris 450 Standard VV Aeris 450 Luxe Aeris 450 Luxe VV Aeris 450 Luxe ERV VV Aeris 550 Luxe Aeris 550 Luxe VV Aeris 550 Luxe ERV VV Aeris GWC CF Aeris Comfoair 350 Aeris Comfoair 450 Aeris Comfoair 550 J.E. StorkAir ComfoAir 350 J.E. StorkAir ComfoAir 550 J.E. StorkAir WHR 930 J.E. StorkAir WHR 950<\/p>\n<p>Poni\u017cej przedstawiamy sprzedawany produkt:<\/p>\n<p><img src=\"https:\/\/pureventfilters.eu\/2776-large_default\/filtr-plaski-do-rekuperatora-aeris-aeris-comfoair-350450550-aeris-gwc-cf-500x200.jpg\" alt=\"Filtr p\u0142aski do rekuperatora AERIS \/ AERIS COMFOAIR 350\/450\/550 \/\" \/><\/p>\n","protected":false},"excerpt":{"rendered":"<p>Filtr p\u0142aski\u00a0 o wymiarach 500&#215;200 pasuj\u0105cy centrali\u00a0do AERIS 350 450 550: Prezentowane filtry pasuj\u0105 r\u00f3wnie\u017c do rekuperator\u00f3w: Aeris 350 Standard Aeris 350 Standard VV Aeris 350 Luxe Aeris 350 Luxe VV Aeris 350 Luxe ERV VV Aeris 450 Standard VV Aeris 450 Luxe Aeris 450 Luxe VV Aeris 450 Luxe ERV VV Aeris 550 Luxe [&hellip;]<\/p>\n","protected":false},"featured_media":63970,"template":"","meta":[],"_links":{"self":[{"href":"https:\/\/profitstore.pl\/index.php\/wp-json\/wp\/v2\/product\/63969"}],"collection":[{"href":"https:\/\/profitstore.pl\/index.php\/wp-json\/wp\/v2\/product"}],"about":[{"href":"https:\/\/profitstore.pl\/index.php\/wp-json\/wp\/v2\/types\/product"}],"wp:featuredmedia":[{"embeddable":true,"href":"https:\/\/profitstore.pl\/index.php\/wp-json\/wp\/v2\/media\/63970"}],"wp:attachment":[{"href":"https:\/\/profitstore.pl\/index.php\/wp-json\/wp\/v2\/media?parent=63969"}],"curies":[{"name":"wp","href":"https:\/\/api.w.org\/{rel}","templated":true}]}}