{"id":63959,"date":"2026-04-25T17:06:38","date_gmt":"2026-04-25T17:06:38","guid":{"rendered":"https:\/\/profitstore.pl\/index.php\/produkt\/filtr-eu7-do-komfovent-verso-cf-2500-f-888x420x96\/"},"modified":"2026-04-25T17:06:40","modified_gmt":"2026-04-25T17:06:40","slug":"filtr-eu7-do-komfovent-verso-cf-2500-f-888x420x96","status":"publish","type":"product","link":"https:\/\/profitstore.pl\/index.php\/produkt\/filtr-eu7-do-komfovent-verso-cf-2500-f-888x420x96\/","title":{"rendered":"Filtr EU7 do KOMFOVENT VERSO CF 2500 F (888x420x96)"},"content":{"rendered":"<p>Filtr kasetowy klasy EU7\/F7 \u00a0pasuj\u0105cy do centrali wentylacyjnej KOMFOVENT VERSO\u00a0CF\u00a02500 F. Filtry s\u0105 zamiennikami, nazwy producent\u00f3w i marek zosta\u0142y u\u017cyte w celu identyfikacji produktu. Prowadzimy sprzeda\u017c filtr\u00f3w w kasecie metalowej gdzie zalet\u0105 takiego rozwi\u0105zania jest mo\u017cliwo\u015b\u0107 samodzielnej wymiany wk\u0142adu filtracyjnego, oraz obni\u017cenie koszt\u00f3w eksploatacji. Wk\u0142ady dost\u0119pne w atrakcyjnych cenach.<\/p>\n<p>Poni\u017cej przedstawiamy sprzedawany produkt:<\/p>\n<p><img src=\"https:\/\/pureventfilters.eu\/4661-large_default\/filtr-eu7-do-komfovent-verso-cf-2500-f-888x420x96.jpg\" alt=\"Filtr EU7 do KOMFOVENT VERSO CF 2500 F (888x420x96)\" \/><\/p>\n","protected":false},"excerpt":{"rendered":"<p>Filtr kasetowy klasy EU7\/F7 \u00a0pasuj\u0105cy do centrali wentylacyjnej KOMFOVENT VERSO\u00a0CF\u00a02500 F. Filtry s\u0105 zamiennikami, nazwy producent\u00f3w i marek zosta\u0142y u\u017cyte w celu identyfikacji produktu. Prowadzimy sprzeda\u017c filtr\u00f3w w kasecie metalowej gdzie zalet\u0105 takiego rozwi\u0105zania jest mo\u017cliwo\u015b\u0107 samodzielnej wymiany wk\u0142adu filtracyjnego, oraz obni\u017cenie koszt\u00f3w eksploatacji. Wk\u0142ady dost\u0119pne w atrakcyjnych cenach. Poni\u017cej przedstawiamy sprzedawany produkt:<\/p>\n","protected":false},"featured_media":58946,"template":"","meta":[],"_links":{"self":[{"href":"https:\/\/profitstore.pl\/index.php\/wp-json\/wp\/v2\/product\/63959"}],"collection":[{"href":"https:\/\/profitstore.pl\/index.php\/wp-json\/wp\/v2\/product"}],"about":[{"href":"https:\/\/profitstore.pl\/index.php\/wp-json\/wp\/v2\/types\/product"}],"wp:featuredmedia":[{"embeddable":true,"href":"https:\/\/profitstore.pl\/index.php\/wp-json\/wp\/v2\/media\/58946"}],"wp:attachment":[{"href":"https:\/\/profitstore.pl\/index.php\/wp-json\/wp\/v2\/media?parent=63959"}],"curies":[{"name":"wp","href":"https:\/\/api.w.org\/{rel}","templated":true}]}}