{"id":63933,"date":"2026-04-19T07:10:02","date_gmt":"2026-04-19T07:10:02","guid":{"rendered":"https:\/\/profitstore.pl\/index.php\/produkt\/filtr-eu4-do-vents-vut-350-vb-ec-500x196x40\/"},"modified":"2026-04-19T07:10:10","modified_gmt":"2026-04-19T07:10:10","slug":"filtr-eu4-do-vents-vut-350-vb-ec-500x196x40","status":"publish","type":"product","link":"https:\/\/profitstore.pl\/index.php\/produkt\/filtr-eu4-do-vents-vut-350-vb-ec-500x196x40\/","title":{"rendered":"Filtr EU4 do VENTS VUT 350 VB EC (500x196x40)"},"content":{"rendered":"<p>Filtr\u00a0 kasetowy \u00a0klasy\u00a0 G4\/EU4 \u00a0pasuj\u0105cych do central wentylacyjnych\u00a0 VENTS VUT 350 VB EC Filtry s\u0105 zamiennikami, nazwy producent\u00f3w i marek zosta\u0142y u\u017cyte w celu identyfikacji produktu.<\/p>\n<p>Poni\u017cej przedstawiamy sprzedawany produkt:<\/p>\n<p><img src=\"https:\/\/pureventfilters.eu\/3630-large_default\/filtr-eu4-do-vents-vut-350-vb-ec-500x196x40.jpg\" alt=\"Filtr EU4 do VENTS VUT 350 VB EC (500x196x40)\" \/><\/p>\n","protected":false},"excerpt":{"rendered":"<p>Filtr\u00a0 kasetowy \u00a0klasy\u00a0 G4\/EU4 \u00a0pasuj\u0105cych do central wentylacyjnych\u00a0 VENTS VUT 350 VB EC Filtry s\u0105 zamiennikami, nazwy producent\u00f3w i marek zosta\u0142y u\u017cyte w celu identyfikacji produktu. Poni\u017cej przedstawiamy sprzedawany produkt:<\/p>\n","protected":false},"featured_media":63934,"template":"","meta":[],"_links":{"self":[{"href":"https:\/\/profitstore.pl\/index.php\/wp-json\/wp\/v2\/product\/63933"}],"collection":[{"href":"https:\/\/profitstore.pl\/index.php\/wp-json\/wp\/v2\/product"}],"about":[{"href":"https:\/\/profitstore.pl\/index.php\/wp-json\/wp\/v2\/types\/product"}],"wp:featuredmedia":[{"embeddable":true,"href":"https:\/\/profitstore.pl\/index.php\/wp-json\/wp\/v2\/media\/63934"}],"wp:attachment":[{"href":"https:\/\/profitstore.pl\/index.php\/wp-json\/wp\/v2\/media?parent=63933"}],"curies":[{"name":"wp","href":"https:\/\/api.w.org\/{rel}","templated":true}]}}