{"id":639,"date":"2019-07-05T13:47:28","date_gmt":"2019-07-05T13:47:28","guid":{"rendered":"https:\/\/profitstore.pl\/index.php\/produkt\/import-placeholder-for-1137\/"},"modified":"2019-07-05T14:36:56","modified_gmt":"2019-07-05T14:36:56","slug":"lozko-tapicerowane-harmony-led","status":"publish","type":"product","link":"https:\/\/profitstore.pl\/index.php\/produkt\/lozko-tapicerowane-harmony-led\/","title":{"rendered":"\u0141\u00f3zko tapicerowane  HARMONY LED"},"content":{"rendered":"<p><strong>\u00a0 \u00a0 \u00a0 \u00a0<\/strong><\/p>\n<p><strong>\u00a0 \u00a0 \u00a0 \u00a0 \u00a0 \u00a0 \u00a0 \u00a0 \u00a0 \u00a0 \u00a0 \u00a0 \u00a0 HARMONY LED<\/strong><\/p>\n<div class=\"content\">\u00a0 Ca\u0142e\u00a0<strong>\u0142\u00f3\u017cko\u00a0<\/strong>\u00a0wykonane jest ze sk\u00f3ry ekologicznej lub wed\u0142ug \u017cyczenia klienta\u00a0 z tkaniny .<\/div>\n<div class=\"content\">\u00a0\u00a0<strong>Mebel\u00a0<\/strong>\u00a0wykonany jest z najwi\u0119ksz\u0105 staranno\u015bci\u0105 i dba\u0142o\u015bci\u0105 o ka\u017cdy detal.<\/div>\n<div class=\"content\">\u00a0<strong>\u0141\u00f3\u017cka<\/strong>\u00a0wykonywane s\u0105 od podstaw przez wykwalifikowanych pracownik\u00f3w naszej firmy produkowane w Polsce .<\/div>\n<div class=\"content\">\u00a0Ka\u017cdy klient ma mo\u017cliwo\u015b\u0107 do indywidualnego wyboru kolor\u00f3w<strong>\u00a0\u0142\u00f3\u017cka<\/strong>\u00a0i jego rozmiaru.<\/div>\n<div class=\"content\"><strong>W zestawie stoliki nocne!!!<\/strong><\/div>\n<div class=\"content\">\u00a0<img style=\"border: 0px; cursor: default;\" src=\"http:\/\/www.tapicerowane-lozka.pl\/files\/mharmony1.jpg?t=1479833860724\" alt=\"\" \/><\/div>\n<div class=\"content\"><strong>\u00a0<\/strong><\/div>\n<div class=\"content\">\u00a0<img style=\"border: 0px; cursor: default;\" src=\"http:\/\/www.tapicerowane-lozka.pl\/files\/mharmony1n.jpg\" alt=\"\u0142\u00f3\u017cko harmony led\" \/><\/div>\n<div class=\"content\"><img style=\"border: 0px; cursor: default;\" src=\"http:\/\/www.tapicerowane-lozka.pl\/files\/mharmomyled2.jpg\" alt=\"\u0142\u00f3\u017cko harmony led\" \/><\/div>\n<div id=\"productDescription\" class=\"content\">\n<p>\u00a0<img style=\"border: 0px; cursor: default;\" src=\"http:\/\/www.tapicerowane-lozka.pl\/files\/harmony3d.gif\" alt=\"design3d\" \/><\/p>\n<p>Zestaw zawiera masywny\u00a0<strong>stela\u017c<\/strong>\u00a0dopasowany do ka\u017cdego<strong>\u00a0materaca<\/strong>\u00a0.<\/p>\n<p><img src=\"https:\/\/www.aismeble.pl\/img\/cms\/stela\u017cz.jpg\" \/><\/p>\n<p>N\u00f3\u017cki do\u00a0<strong>\u0142\u00f3\u017cka<\/strong>\u00a0wykonane ze stali chromowanej .<\/p>\n<p><strong>\u00a0<\/strong><\/p>\n<p><strong>\u00a0<\/strong><\/p>\n<p><strong>WSZELKICH PORAD UDZIELAMY POD NUMEREM TELEFONU ; 600 335 659<\/strong><\/p>\n<p><strong>-\u0141\u00f3\u017cko pod materac 12<\/strong><strong>0<\/strong><strong>\u00a0x 200<\/strong><\/p>\n<p>WYMIARY<\/p>\n<p>SZEROKO\u015a\u0106 &#8211; 290 CM<\/p>\n<p>D\u0141UGO\u015a\u0106 &#8211; 230 \u00a0CM<\/p>\n<p>WYSOKO\u015a\u0106 &#8211; 66 CM<\/p>\n<p style=\"margin: 0px; padding: 0px 0px 10px; border: 0px; color: #666666; font-family: Verdana, Arial, sans-serif; font-size: 12.996px;\"><strong style=\"color: #000000; font-family: Verdana, Arial, Helvetica, sans-serif; font-size: 12px;\">-\u0141\u00f3\u017cko pod materac 14<\/strong><strong style=\"color: #000000; font-family: Verdana, Arial, Helvetica, sans-serif; font-size: 12px;\">0<\/strong><strong style=\"color: #000000; font-family: Verdana, Arial, Helvetica, sans-serif; font-size: 12px;\">\u00a0x 200<\/strong><\/p>\n<p style=\"margin: 0px; padding: 0px 0px 10px; border: 0px; color: #666666; font-family: Verdana, Arial, sans-serif; font-size: 12.996px;\"><img loading=\"lazy\" style=\"margin: 0px; padding: 0px; border: 0px;\" src=\"http:\/\/www.tapicerowane-lozka.pl\/files\/m140harmony.jpg\" alt=\"\u0142\u00f3\u017cko harmony led 140x200 cm\" width=\"620\" height=\"345\" \/><\/p>\n<p style=\"margin: 0px; padding: 0px 0px 10px; border: 0px; color: #666666; font-family: Verdana, Arial, sans-serif; font-size: 12.996px;\"><strong style=\"color: #000000; font-family: Verdana, Arial, Helvetica, sans-serif; font-size: 12px;\">-\u0141\u00f3\u017cko pod materac 14<\/strong><strong style=\"color: #000000; font-family: Verdana, Arial, Helvetica, sans-serif; font-size: 12px;\">0<\/strong><strong style=\"color: #000000; font-family: Verdana, Arial, Helvetica, sans-serif; font-size: 12px;\">\u00a0x 220<\/strong><\/p>\n<p>WYMIARY<\/p>\n<p>SZEROKO\u015a\u0106 &#8211; 310 CM<\/p>\n<p>D\u0141UGO\u015a\u0106 &#8211; 250 \u00a0CM<\/p>\n<p>WYSOKO\u015a\u0106 &#8211; 66 CM<\/p>\n<p style=\"margin: 0px; padding: 0px 0px 10px; border: 0px; color: #666666; font-family: Verdana, Arial, sans-serif; font-size: 12.996px;\"><strong style=\"color: #000000; font-family: Verdana, Arial, Helvetica, sans-serif; font-size: 12px;\">-\u0141\u00f3\u017cko pod materac 16<\/strong><strong style=\"color: #000000; font-family: Verdana, Arial, Helvetica, sans-serif; font-size: 12px;\">0<\/strong><strong style=\"color: #000000; font-family: Verdana, Arial, Helvetica, sans-serif; font-size: 12px;\">\u00a0x 200<\/strong><\/p>\n<p style=\"margin: 0px; padding: 0px 0px 10px; border: 0px; color: #666666; font-family: Verdana, Arial, sans-serif; font-size: 12.996px;\"><img loading=\"lazy\" style=\"margin: 0px; padding: 0px; border: 0px;\" src=\"http:\/\/www.tapicerowane-lozka.pl\/files\/m160harmony.jpg\" alt=\"\u0142\u00f3\u017cko harmony led 160x200 cm\" width=\"620\" height=\"345\" \/><\/p>\n<p style=\"margin: 0px; padding: 0px 0px 10px; border: 0px; color: #666666; font-family: Verdana, Arial, sans-serif; font-size: 12.996px;\"><strong style=\"color: #000000; font-family: Verdana, Arial, Helvetica, sans-serif; font-size: 12px;\">-\u0141\u00f3\u017cko pod materac 16<\/strong><strong style=\"color: #000000; font-family: Verdana, Arial, Helvetica, sans-serif; font-size: 12px;\">0<\/strong><strong style=\"color: #000000; font-family: Verdana, Arial, Helvetica, sans-serif; font-size: 12px;\">\u00a0x 220<\/strong><\/p>\n<p>WYMIARY<\/p>\n<p>SZEROKO\u015a\u0106 &#8211; 330 CM<\/p>\n<p>D\u0141UGO\u015a\u0106 &#8211; 250 \u00a0CM<\/p>\n<p style=\"margin: 0px; padding: 0px 0px 10px; border: 0px; color: #666666; font-family: Verdana, Arial, sans-serif; font-size: 12.996px;\"><span style=\"color: #000000; font-family: Verdana, Arial, Helvetica, sans-serif; font-size: 12px;\">WYSOKO\u015a\u0106 &#8211; 66 CM<\/span><\/p>\n<p style=\"margin: 0px; padding: 0px 0px 10px; border: 0px; color: #666666; font-family: Verdana, Arial, sans-serif; font-size: 12.996px;\"><strong style=\"color: #000000; font-family: Verdana, Arial, Helvetica, sans-serif; font-size: 12px;\">-\u0141\u00f3\u017cko pod materac 18<\/strong><strong style=\"color: #000000; font-family: Verdana, Arial, Helvetica, sans-serif; font-size: 12px;\">0<\/strong><strong style=\"color: #000000; font-family: Verdana, Arial, Helvetica, sans-serif; font-size: 12px;\">\u00a0x 200<\/strong><\/p>\n<p style=\"margin: 0px; padding: 0px 0px 10px; border: 0px; color: #666666; font-family: Verdana, Arial, sans-serif; font-size: 12.996px;\"><img loading=\"lazy\" style=\"margin: 0px; padding: 0px; border: 0px;\" src=\"http:\/\/www.tapicerowane-lozka.pl\/files\/m180harmony.jpg\" alt=\"\u0142\u00f3\u017cko harmony led 180x200 cm\" width=\"620\" height=\"345\" \/><\/p>\n<p style=\"margin: 0px; padding: 0px 0px 10px; border: 0px; color: #666666; font-family: Verdana, Arial, sans-serif; font-size: 12.996px;\"><strong style=\"color: #000000; font-family: Verdana, Arial, Helvetica, sans-serif; font-size: 12px;\">-\u0141\u00f3\u017cko pod materac 18<\/strong><strong style=\"color: #000000; font-family: Verdana, Arial, Helvetica, sans-serif; font-size: 12px;\">0<\/strong><strong style=\"color: #000000; font-family: Verdana, Arial, Helvetica, sans-serif; font-size: 12px;\">\u00a0x 220<\/strong><\/p>\n<p>WYMIARY<\/p>\n<p>SZEROKO\u015a\u0106 &#8211; 350 CM<\/p>\n<p>D\u0141UGO\u015a\u0106 &#8211; 250 \u00a0CM<\/p>\n<p>WYSOKO\u015a\u0106 &#8211; 66 CM<\/p>\n<p style=\"margin: 0px; padding: 0px 0px 10px; border: 0px; color: #666666; font-family: Verdana, Arial, sans-serif; font-size: 12.996px;\"><strong style=\"color: #000000; font-family: Verdana, Arial, Helvetica, sans-serif; font-size: 12px;\">-\u0141\u00f3\u017cko pod materac 20<\/strong><strong style=\"color: #000000; font-family: Verdana, Arial, Helvetica, sans-serif; font-size: 12px;\">0<\/strong><strong style=\"color: #000000; font-family: Verdana, Arial, Helvetica, sans-serif; font-size: 12px;\">\u00a0x 200<\/strong><\/p>\n<p style=\"margin: 0px; padding: 0px 0px 10px; border: 0px; color: #666666; font-family: Verdana, Arial, sans-serif; font-size: 12.996px;\"><img loading=\"lazy\" style=\"margin: 0px; padding: 0px; border: 0px;\" src=\"http:\/\/www.tapicerowane-lozka.pl\/files\/m200harmony.jpg\" alt=\"\u0142\u00f3\u017cko harmony led 200x200 cm\" width=\"620\" height=\"345\" \/><\/p>\n<p style=\"margin: 0px; padding: 0px 0px 10px; border: 0px; color: #666666; font-family: Verdana, Arial, sans-serif; font-size: 12.996px;\"><strong style=\"color: #000000; font-family: Verdana, Arial, Helvetica, sans-serif; font-size: 12px;\">-\u0141\u00f3\u017cko pod materac 20<\/strong><strong style=\"color: #000000; font-family: Verdana, Arial, Helvetica, sans-serif; font-size: 12px;\">0<\/strong><strong style=\"color: #000000; font-family: Verdana, Arial, Helvetica, sans-serif; font-size: 12px;\">\u00a0x 220<\/strong><\/p>\n<p style=\"margin: 0px; padding: 0px 0px 10px; border: 0px; color: #666666; font-family: Verdana, Arial, sans-serif; font-size: 12.996px;\"><img loading=\"lazy\" style=\"margin: 0px; padding: 0px; border: 0px;\" src=\"http:\/\/www.tapicerowane-lozka.pl\/files\/m220harmony.jpg\" alt=\"\u0142\u00f3\u017cko harmony led 200x220 cm\" width=\"620\" height=\"345\" \/><\/p>\n<p>\u00a0<strong>Gwarancja &#8211; 24 msc.<\/strong><\/p>\n<p><strong>CZAS REALIZACJI \u00a0DO\u00a0<\/strong><strong>14 \u00a0DNI ROBOCZYCH<\/strong><\/p>\n<p><strong>\u0141\u00f3zko\u00a0 bez materaca , kt\u00f3ry mo\u017cna zakupi\u0107 w naszym sklepie.<br \/>\n<\/strong><\/p>\n<\/div>\n<div id=\"productDescription\" class=\"content\">\n<p><img src=\"https:\/\/www.aismeble.pl\/img\/cms\/tkaniny\/probnikekt.jpg\" \/><\/p>\n<p><img src=\"https:\/\/www.aismeble.pl\/img\/cms\/tkaniny\/tkanina ARUBA.jpg\" \/><\/p>\n<p>&nbsp;<\/p>\n<p>Po z\u0142o\u017ceniu zam\u00f3wienia prosz\u0119 okre\u015bli\u0107 kolor i rodzaj materia\u0142u, z kt\u00f3rego ma by\u0107 wykonany\u00a0<strong style=\"font-family: verdana, geneva, sans-serif;\">mebel.<\/strong><\/p>\n<p>DO WYBORU SK\u00d3RA EKOLOGICZNA LUB TKANINA W TEJ SAMEJ CENIE<\/p>\n<p>Na \u017cyczenie wysy\u0142amy pr\u00f3bki tkanin w celu weryfikacji koloru tkaniny (podane kolory na monitorze mog\u0105 nieznacznie r\u00f3\u017cni\u0107 si\u0119 od rzeczywistych).<\/p>\n<p>Instrukcja monta\u017cu oraz elementy monta\u017cowe do\u0142\u0105czone w komplecie z<strong>\u00a0\u0142\u00f3\u017ckiem<\/strong>.<\/p>\n<\/div>\n","protected":false},"excerpt":{"rendered":"<p>\u00a0 \u00a0 \u00a0 \u00a0 \u00a0 \u00a0 \u00a0 \u00a0 \u00a0 \u00a0 \u00a0 \u00a0 \u00a0 \u00a0 \u00a0 \u00a0 \u00a0 HARMONY LED \u00a0 Ca\u0142e\u00a0\u0142\u00f3\u017cko\u00a0\u00a0wykonane jest ze sk\u00f3ry ekologicznej lub wed\u0142ug \u017cyczenia klienta\u00a0 z tkaniny . \u00a0\u00a0Mebel\u00a0\u00a0wykonany jest z najwi\u0119ksz\u0105 staranno\u015bci\u0105 i dba\u0142o\u015bci\u0105 o ka\u017cdy detal. \u00a0\u0141\u00f3\u017cka\u00a0wykonywane s\u0105 od podstaw przez wykwalifikowanych pracownik\u00f3w naszej firmy produkowane w Polsce . [&hellip;]<\/p>\n","protected":false},"featured_media":669,"template":"","meta":[],"_links":{"self":[{"href":"https:\/\/profitstore.pl\/index.php\/wp-json\/wp\/v2\/product\/639"}],"collection":[{"href":"https:\/\/profitstore.pl\/index.php\/wp-json\/wp\/v2\/product"}],"about":[{"href":"https:\/\/profitstore.pl\/index.php\/wp-json\/wp\/v2\/types\/product"}],"wp:featuredmedia":[{"embeddable":true,"href":"https:\/\/profitstore.pl\/index.php\/wp-json\/wp\/v2\/media\/669"}],"wp:attachment":[{"href":"https:\/\/profitstore.pl\/index.php\/wp-json\/wp\/v2\/media?parent=639"}],"curies":[{"name":"wp","href":"https:\/\/api.w.org\/{rel}","templated":true}]}}