{"id":63792,"date":"2023-08-21T17:05:30","date_gmt":"2023-08-21T17:05:30","guid":{"rendered":"https:\/\/profitstore.pl\/index.php\/produkt\/filtr-uniwersalny-do-dzbankow-dafi-brita-anna\/"},"modified":"2023-08-21T17:05:31","modified_gmt":"2023-08-21T17:05:31","slug":"filtr-uniwersalny-do-dzbankow-dafi-brita-anna","status":"publish","type":"product","link":"https:\/\/profitstore.pl\/index.php\/produkt\/filtr-uniwersalny-do-dzbankow-dafi-brita-anna\/","title":{"rendered":"Filtr uniwersalny do dzbank\u00f3w Dafi, Brita, Anna"},"content":{"rendered":"<p>Specjalnir dobrane, aktywne materia\u0142y wype\u0142niaj\u0105ce wk\u0142ad filtracyjny pozwalaj\u0105 na dok\u0142adn\u0105 absorpcj\u0119 zawartych w wodzie niekorzystnych dla zdrowia sk\u0142adnik\u00f3w chemicznych. Dzi\u0119ki temu skutecznie zmniejsza twardo\u015b\u0107 wody, ilo\u015b\u0107 metali ci\u0119\u017ckich, chloru i innych szkodliwych zanieczyszcze\u0144 powoduj\u0105cych osadzanie si\u0119 kamienia w czajnikach, ekspresach do kawy, \u017celazkach, itp. Aktywny w\u0119giel poprawia smak, zapach i kolor filtrowanej wody. Posiada atest Pa\u0144stwowego Zak\u0142adu Higieny HK\/W\/0798\/01\/2016<\/p>\n<p>Poni\u017cej przedstawiamy sprzedawany produkt:<\/p>\n<p><img src=\"https:\/\/pureventfilters.eu\/2472-large_default\/filtr-uniwersalny-do-dzbankow-dafi-brita-anna.jpg\" alt=\"Filtr uniwersalny do dzbank\u00f3w Dafi, Brita, Anna\" \/><\/p>\n","protected":false},"excerpt":{"rendered":"<p>Specjalnir dobrane, aktywne materia\u0142y wype\u0142niaj\u0105ce wk\u0142ad filtracyjny pozwalaj\u0105 na dok\u0142adn\u0105 absorpcj\u0119 zawartych w wodzie niekorzystnych dla zdrowia sk\u0142adnik\u00f3w chemicznych. Dzi\u0119ki temu skutecznie zmniejsza twardo\u015b\u0107 wody, ilo\u015b\u0107 metali ci\u0119\u017ckich, chloru i innych szkodliwych zanieczyszcze\u0144 powoduj\u0105cych osadzanie si\u0119 kamienia w czajnikach, ekspresach do kawy, \u017celazkach, itp. Aktywny w\u0119giel poprawia smak, zapach i kolor filtrowanej wody. Posiada atest [&hellip;]<\/p>\n","protected":false},"featured_media":43248,"template":"","meta":[],"_links":{"self":[{"href":"https:\/\/profitstore.pl\/index.php\/wp-json\/wp\/v2\/product\/63792"}],"collection":[{"href":"https:\/\/profitstore.pl\/index.php\/wp-json\/wp\/v2\/product"}],"about":[{"href":"https:\/\/profitstore.pl\/index.php\/wp-json\/wp\/v2\/types\/product"}],"wp:featuredmedia":[{"embeddable":true,"href":"https:\/\/profitstore.pl\/index.php\/wp-json\/wp\/v2\/media\/43248"}],"wp:attachment":[{"href":"https:\/\/profitstore.pl\/index.php\/wp-json\/wp\/v2\/media?parent=63792"}],"curies":[{"name":"wp","href":"https:\/\/api.w.org\/{rel}","templated":true}]}}