{"id":63682,"date":"2026-04-20T07:10:27","date_gmt":"2026-04-20T07:10:27","guid":{"rendered":"https:\/\/profitstore.pl\/index.php\/produkt\/wklad-filtra-eu5-do-komfovent-kompakt-rego-500u-545x300x44\/"},"modified":"2026-04-20T07:10:28","modified_gmt":"2026-04-20T07:10:28","slug":"wklad-filtra-eu5-do-komfovent-kompakt-rego-500u-545x300x44","status":"publish","type":"product","link":"https:\/\/profitstore.pl\/index.php\/produkt\/wklad-filtra-eu5-do-komfovent-kompakt-rego-500u-545x300x44\/","title":{"rendered":"Wk\u0142ad filtra EU5 do KOMFOVENT KOMPAKT REGO 500U (545x300x44)"},"content":{"rendered":"<p>Wk\u0142ad filtracyjny do filtr\u00f3w kasetowych \u00a0klasy M5\/EU5 pasuj\u0105cy do centrali wentylacyjnej KOMFOVENT KOMPAKT REGO 500U (DOMEKT R 500U). \u00a0 Wk\u0142ad filtracyjny Wymiary: 545x300x44 Klasa filtracji wg EN 779:2012 : M5 Wk\u0142ad filtra: mata plisowana MiniPleat Prowadzimy sprzeda\u017c filtr\u00f3w w kasecie metalowej gdzie zalet\u0105 takiego rozwi\u0105zania jest mo\u017cliwo\u015b\u0107 samodzielnej wymiany wk\u0142adu filtracyjnego, oraz obni\u017cenie koszt\u00f3w eksploatacji. Wk\u0142ady dost\u0119pne w atrakcyjnych cenach. Wk\u0142ad jest zamiennikiem. Nazwy urz\u0105dze\u0144, cz\u0119\u015bci i marek zosta\u0142y u\u017cyte w celu identyfikacji produktu.<\/p>\n<p>Poni\u017cej przedstawiamy sprzedawany produkt:<\/p>\n<p><img src=\"https:\/\/pureventfilters.eu\/2258-large_default\/wklad-filtra-eu5-do-komfovent-kompakt-rego-500u-545x300x44.jpg\" alt=\"Wk\u0142ad filtra EU5 do KOMFOVENT KOMPAKT REGO 500U (545x300x44)\" \/><\/p>\n","protected":false},"excerpt":{"rendered":"<p>Wk\u0142ad filtracyjny do filtr\u00f3w kasetowych \u00a0klasy M5\/EU5 pasuj\u0105cy do centrali wentylacyjnej KOMFOVENT KOMPAKT REGO 500U (DOMEKT R 500U). \u00a0 Wk\u0142ad filtracyjny Wymiary: 545x300x44 Klasa filtracji wg EN 779:2012 : M5 Wk\u0142ad filtra: mata plisowana MiniPleat Prowadzimy sprzeda\u017c filtr\u00f3w w kasecie metalowej gdzie zalet\u0105 takiego rozwi\u0105zania jest mo\u017cliwo\u015b\u0107 samodzielnej wymiany wk\u0142adu filtracyjnego, oraz obni\u017cenie koszt\u00f3w eksploatacji. [&hellip;]<\/p>\n","protected":false},"featured_media":47971,"template":"","meta":[],"_links":{"self":[{"href":"https:\/\/profitstore.pl\/index.php\/wp-json\/wp\/v2\/product\/63682"}],"collection":[{"href":"https:\/\/profitstore.pl\/index.php\/wp-json\/wp\/v2\/product"}],"about":[{"href":"https:\/\/profitstore.pl\/index.php\/wp-json\/wp\/v2\/types\/product"}],"wp:featuredmedia":[{"embeddable":true,"href":"https:\/\/profitstore.pl\/index.php\/wp-json\/wp\/v2\/media\/47971"}],"wp:attachment":[{"href":"https:\/\/profitstore.pl\/index.php\/wp-json\/wp\/v2\/media?parent=63682"}],"curies":[{"name":"wp","href":"https:\/\/api.w.org\/{rel}","templated":true}]}}