{"id":63667,"date":"2022-08-25T07:33:27","date_gmt":"2022-08-25T07:33:27","guid":{"rendered":"https:\/\/profitstore.pl\/index.php\/produkt\/worki-do-odkurzacza-zelmer-typ-700\/"},"modified":"2022-08-25T09:25:47","modified_gmt":"2022-08-25T09:25:47","slug":"worki-do-odkurzacza-zelmer-typ-700","status":"publish","type":"product","link":"https:\/\/profitstore.pl\/index.php\/produkt\/worki-do-odkurzacza-zelmer-typ-700\/","title":{"rendered":"Worki do odkurzacza ZELMER typ 700"},"content":{"rendered":"<p>Worki przeznaczone do nast\u0119puj\u0105cych modeli odkurzaczy: ALASKA:\u00a0BS 1290 E, BS 1300 BETRON:\u00a0AT 1200 E CLATRONIC:\u00a01400 IE, BS 1200 Electronic, BS 1200 Super DIRT DEVIL:\u00a0M 1400 Energy, M 1404 Energy, M 1406 Energy, M 1408 Energy, M 1410 Energy, M 1414\u00a0 ELDOM:\u00a0T 5, T 701 KENWOOD:\u00a0AST 100, AST 110, AST 150, AST 200, AST 210, AST 300, AST 310, AST 350, AST 400 ZELMER:\u00a01200 E, 700-750, 700.0, 700.1, 700.5, 700.6, 7000 L, 701.0, 701.5, 701.6, Compact 700-750, Super 700, W 20, Worki do odkurzaczy Zelmer s\u0105 nie tylko wykonane z wysokiej jako\u015bci materia\u0142\u00f3w, charakteryzuj\u0105 si\u0119 tak\u017ce \u0142atwo\u015bci\u0105 w u\u017cyciu. Dziel\u0105 si\u0119 na wykonane z papieru b\u0105d\u017a tworzyw syntetycznych. Worki do odkurzaczy Zelmer \u00a0gwarantuj\u0105 sprawne i szybkie sprz\u0105tanie w spos\u00f3b nie zagra\u017caj\u0105cy zdrowiu, szczeg\u00f3lnie alergik\u00f3w przebywaj\u0105cych w pobli\u017cu. Najwa\u017cniejsz\u0105 kwesti\u0105, na kt\u00f3r\u0105 powinni\u015bmy zwr\u00f3ci\u0107 uwag\u0119 przy wyborze work\u00f3w do ich szczelno\u015b\u0107 oraz filtracja jak\u0105 zapewniaj\u0105. Korzystaj\u0105c z work\u00f3w do odkurzaczy Zelmer \u00a0mamy pewno\u015b\u0107, \u017ce wch\u0142oni\u0119te zanieczyszczenia pozostan\u0105 szczelnie zamkni\u0119te. Maj\u0105 wysoki poziom filtracji oraz du\u017c\u0105 wytrzyma\u0142o\u015b\u0107. Worki do odkurzaczy Zelmer \u00a0dost\u0119pne s\u0105 w wielu modelach oraz kompletach. Niezwykle wa\u017cne jest dobranie odpowiedniego modelu worka kompatybilnego z odkurzaczem. Je\u017celi tego nie zrobimy w czasie sprz\u0105tania mo\u017ce nam si\u0119 zdarzy\u0107 katastrofa. Najbezpieczniejszym wyj\u015bciem jest kupowanie work\u00f3w dedykowanych konkretnemu modelowi odkurzacza, wtedy mamy pewno\u015b\u0107, \u017ce b\u0119d\u0105 dobrze dopasowane i przede wszystkim szczelne. Zapraszamy do zapoznania si\u0119 z nasz\u0105 ofert\u0105 worki do odkurzaczy Zelmer . Worki do odkurzaczy Zelmer kryj\u0105 w sobie kilka cech bez kt\u00f3rych by\u0142by bezu\u017cyteczne. W zale\u017cno\u015bci od modelu posiadaj\u0105 okre\u015blon\u0105 pojemno\u015b\u0107. Musz\u0105 by\u0107 stworzone z materia\u0142u \u0142atwo przepuszczaj\u0105cego powietrze, lecz zatrzymuj\u0105cego py\u0142y. Worki do odkurzaczy Zelmer musz\u0105 posiada\u0107 mocowanie o okre\u015blonej wielko\u015bci i nierzadko tak\u017ce uszczelk\u0119 oplataj\u0105c\u0105 ko\u0144c\u00f3wk\u0119 w\u0119\u017ca. Gdzie le\u017cy r\u00f3\u017cnica pomi\u0119dzy workami papierowymi, a syntetycznymi? Worki do odkurzaczy Zelmer papierowe posiadaj\u0105 jedn\u0105 warstw\u0119 filtracji. Papier wewn\u0105trz pokryty jest warstw\u0105 fizeliny. Worek syntetyczny natomiast ma takich warstw ma trzy. Dzi\u0119ki temu syntetyki przepuszczaj\u0105 mniej ni\u017c 1% zanieczyszcze\u0144. Worki do odkurzaczy Zelmer syntetyczne ze wzgl\u0119du na swoj\u0105 grubo\u015b\u0107 i materia\u0142 z kt\u00f3rego zosta\u0142y wyprodukowane rzadko p\u0119kaj\u0105 i nie s\u0105 podatne na otarcia. P\u0142yny wci\u0105gane przez odkurzacz nie uszkadzaj\u0105 ich struktury, a kraw\u0119dzie s\u0105 ze sob\u0105 zgrzewane co znacznie zwi\u0119ksza ich wytrzyma\u0142o\u015b\u0107. Worki syntetyczne cz\u0119sto posiadaj\u0105 tak\u017ce plastikowe mocowanie dzi\u0119ki kt\u00f3remu zmniejsza si\u0119 ryzyko wysypania zawarto\u015bci podczas wymiany. Worki do odkurzaczy Zelmer\u00a0 s\u0105 \u0142atwe w obs\u0142udze, zapewniaj\u0105 nam prosty spos\u00f3b wymiany, s\u0105 szczelne i posiadaj\u0105 d\u0142ugi okres eksploatacji.\u00a0 Decyduj\u0105c si\u0119 na odkurzacz workowy musimy bezwzgl\u0119dnie pami\u0119ta\u0107 o regularnej wymianie worki do odkurzaczy Zelmer . S\u0105 one dost\u0119pne w wielu wariantach, takich jak, papierowe, syntetyczne, wielorazowe czy te\u017c jednorazowego u\u017cytku. Ka\u017cdy znajdzie wariant odpowiadaj\u0105cy jego potrzebom. W\u0142a\u015bciwy wyb\u00f3r worki do odkurzaczy Zelmer ma ogromne znaczenie, gdy\u017c jako\u015b\u0107 produktu w du\u017cym stopniu wp\u0142ywa na funkcjonowanie naszego sprz\u0119tu oraz efektywno\u015b\u0107 domowych porz\u0105dk\u00f3w. Przepe\u0142niony worek sprawia, \u017ce sprz\u0105tanie staje si\u0119 nieefektywne. W mieszkaniu nadal b\u0119d\u0105 unosi\u0107 si\u0119 alergeny i niechciane drobinki kurzu. Mo\u017ce to powodowa\u0107 nieprzyjemny zapach, a nawet uszkodzi\u0107 urz\u0105dzenie. Cz\u0119stotliwo\u015b\u0107 wymiany worki do odkurzaczy Zelmer uzale\u017cniona jest od tego, jak bardzo dbamy o porz\u0105dek i ile razy w ci\u0105gu tygodnia si\u0119gamy po odkurzacz. Odkurzacz sam sygnalizuje konieczno\u015b\u0107 wymiany worki do odkurzaczy Zelmer, gdy traci moc ssania, a sprz\u0105tanie staje si\u0119 mniej efektywne. Jakie worki do odkurzaczy Zelmer s\u0105 najlepsze? To oczywi\u015bcie kwestia subiektywna. Podstawowe rodzaje worki do odkurzaczy Zelmer to modele papierowe, tekstylne oraz wielorazowe. Najta\u0144sz\u0105 alternatyw\u0105 s\u0105 worki papierowe, kt\u00f3re jednocze\u015bnie s\u0105 najmniej trwa\u0142e. Worki do odkurzaczy Zelmer wielorazowe wykonywane s\u0105 z trwa\u0142ej tkaniny. S\u0105 one rozwi\u0105zaniem najbardziej ekonomicznym lecz jednocze\u015bnie do\u015b\u0107 niehigienicznym z powodu konieczno\u015bci ich opr\u00f3\u017cniania. Warto tak\u017ce od czasu do czasu je wypra\u0107. Dlatego te\u017c najlepszym rozwi\u0105zaniem zar\u00f3wno pod wzgl\u0119dem ekonomicznym, jak i higienicznym b\u0119d\u0105 worki do odkurzaczy Zelmer syntetyczne, jednorazowe. Jest to szczeg\u00f3lnie praktyczne rozwi\u0105zane w przypadku korzystania z odkurzaczy przemys\u0142owych. Materia\u0142 zapewnia nam najlepsz\u0105 szczelno\u015b\u0107, nie przepuszcza kurzu, roztoczy ani ple\u015bni. Worki papierowe, cho\u0107 higieniczne, gdy\u017c s\u0105 regularnie wymieniane, nie zapewniaj\u0105 ochrony przed rozprzestrzenianiem si\u0119 py\u0142u i alergen\u00f3w. Modele z w\u0142\u00f3kniny syntetycznej stanowi\u0105 dodatkowy rodzaj filtr\u00f3w. Jakie mamy rodzaje worki do odkurzaczy Zelmer? Oferta naszego sklepu obejmuje worki do odkurzaczy Zelmer dopasowane do r\u00f3\u017cnych modeli urz\u0105dze\u0144 tej marki. Oferujemy worki do odkurzaczy papier &#8230;<\/p>\n<p>Poni\u017cej przedstawiamy sprzedawany produkt:<\/p>\n<p><img src=\"https:\/\/pureventfilters.eu\/2182-large_default\/worki-do-odkurzacza-zelmer-typ-700.jpg\" alt=\"Worki do odkurzacza ZELMER typ 700\" \/><\/p>\n","protected":false},"excerpt":{"rendered":"<p>Worki przeznaczone do nast\u0119puj\u0105cych modeli odkurzaczy: ALASKA:\u00a0BS 1290 E, BS 1300 BETRON:\u00a0AT 1200 E CLATRONIC:\u00a01400 IE, BS 1200 Electronic, BS 1200 Super DIRT DEVIL:\u00a0M 1400 Energy, M 1404 Energy, M 1406 Energy, M 1408 Energy, M 1410 Energy, M 1414\u00a0 ELDOM:\u00a0T 5, T 701 KENWOOD:\u00a0AST 100, AST 110, AST 150, AST 200, AST 210, AST [&hellip;]<\/p>\n","protected":false},"featured_media":28614,"template":"","meta":[],"_links":{"self":[{"href":"https:\/\/profitstore.pl\/index.php\/wp-json\/wp\/v2\/product\/63667"}],"collection":[{"href":"https:\/\/profitstore.pl\/index.php\/wp-json\/wp\/v2\/product"}],"about":[{"href":"https:\/\/profitstore.pl\/index.php\/wp-json\/wp\/v2\/types\/product"}],"wp:featuredmedia":[{"embeddable":true,"href":"https:\/\/profitstore.pl\/index.php\/wp-json\/wp\/v2\/media\/28614"}],"wp:attachment":[{"href":"https:\/\/profitstore.pl\/index.php\/wp-json\/wp\/v2\/media?parent=63667"}],"curies":[{"name":"wp","href":"https:\/\/api.w.org\/{rel}","templated":true}]}}