{"id":63601,"date":"2024-02-28T08:06:55","date_gmt":"2024-02-28T08:06:55","guid":{"rendered":"https:\/\/profitstore.pl\/index.php\/produkt\/filtr-do-okapu-gorenje-mann-optima\/"},"modified":"2024-02-28T08:06:56","modified_gmt":"2024-02-28T08:06:56","slug":"filtr-do-okapu-gorenje-mann-optima","status":"publish","type":"product","link":"https:\/\/profitstore.pl\/index.php\/produkt\/filtr-do-okapu-gorenje-mann-optima\/","title":{"rendered":"FILTR DO OKAPU GORENJE MANN OPTIMA"},"content":{"rendered":"<p>Filtr w\u0119glowy do okapu z w\u0119glem aktywnym. Wykonany\u00a0z\u00a0wysokiej jako\u015bci cz\u0105steczek w\u0119gla aktywnego, kt\u00f3re gwarantuj\u0105\u00a0najwy\u017cszy stopie\u0144 poch\u0142aniania zanieczyszcze\u0144 i nieprzyjemnych zapach\u00f3w. Idealne dla twojego okapu i domu. \u0141atwy w monta\u017cu. Pocha\u0142ania zapachy.\u00a0 Filtr pasuje do modeli okap\u00f3w: GORENJE DKP 600M DKP 900M DKO 500M DKO 600M DKF 600M DKL 600M DKL 900M DKF 2 500M DKF 2 600M DKT 900M DKD 600\/900M\u00a0\u00a0 MANN Jupiter Mix Max-1 Turbo(2szt)\u00a0\u00a0\u00a0\u00a0\u00a0\u00a0\u00a0 Mini(2szt) Leo(2szt)\u00a0 Triton(2szt) Vertical(1szt) Vela(2szt) Corona(1szt) Corona Duo(2szt)\u00a0 \u00a0 \u00a0 \u00a0\u00a0 \u00a0\u00a0\u00a0\u00a0 NETO OPTIMA ONP-31 ONP-31 INO model Gorenje, Optima (okr\u0105g\u0142y) \u015arednica: 17 cm Wysoko\u015b\u0107: 3,4 cm Filtr\u00a0jest zamiennikiem. Nazwy urz\u0105dze\u0144 i marek zosta\u0142y u\u017cyte w celu identyfikacji produktu.<\/p>\n<p>Poni\u017cej przedstawiamy sprzedawany produkt:<\/p>\n<p><img src=\"https:\/\/pureventfilters.eu\/2050-large_default\/filtr-do-okapu-gorenje-mann-optima.jpg\" alt=\"FILTR DO OKAPU GORENJE MANN OPTIMA\" \/><\/p>\n","protected":false},"excerpt":{"rendered":"<p>Filtr w\u0119glowy do okapu z w\u0119glem aktywnym. Wykonany\u00a0z\u00a0wysokiej jako\u015bci cz\u0105steczek w\u0119gla aktywnego, kt\u00f3re gwarantuj\u0105\u00a0najwy\u017cszy stopie\u0144 poch\u0142aniania zanieczyszcze\u0144 i nieprzyjemnych zapach\u00f3w. Idealne dla twojego okapu i domu. \u0141atwy w monta\u017cu. Pocha\u0142ania zapachy.\u00a0 Filtr pasuje do modeli okap\u00f3w: GORENJE DKP 600M DKP 900M DKO 500M DKO 600M DKF 600M DKL 600M DKL 900M DKF 2 500M DKF [&hellip;]<\/p>\n","protected":false},"featured_media":28564,"template":"","meta":[],"_links":{"self":[{"href":"https:\/\/profitstore.pl\/index.php\/wp-json\/wp\/v2\/product\/63601"}],"collection":[{"href":"https:\/\/profitstore.pl\/index.php\/wp-json\/wp\/v2\/product"}],"about":[{"href":"https:\/\/profitstore.pl\/index.php\/wp-json\/wp\/v2\/types\/product"}],"wp:featuredmedia":[{"embeddable":true,"href":"https:\/\/profitstore.pl\/index.php\/wp-json\/wp\/v2\/media\/28564"}],"wp:attachment":[{"href":"https:\/\/profitstore.pl\/index.php\/wp-json\/wp\/v2\/media?parent=63601"}],"curies":[{"name":"wp","href":"https:\/\/api.w.org\/{rel}","templated":true}]}}