{"id":63477,"date":"2026-05-01T07:04:14","date_gmt":"2026-05-01T07:04:14","guid":{"rendered":"https:\/\/profitstore.pl\/index.php\/produkt\/filtr-eu4-do-systemair-dv15-448x448x44\/"},"modified":"2026-05-01T07:04:15","modified_gmt":"2026-05-01T07:04:15","slug":"filtr-eu4-do-systemair-dv15-448x448x44","status":"publish","type":"product","link":"https:\/\/profitstore.pl\/index.php\/produkt\/filtr-eu4-do-systemair-dv15-448x448x44\/","title":{"rendered":"Filtr EU4 do SystemAir DV15 (448x448x44)"},"content":{"rendered":"<p>Filtr kasetowy klasy G4\/EU4 pasuj\u0105cych do centrali wentylacyjnej\u00a0 SystemAir DV15\u00a0 Filtr\u00a0jest zamiennikiem. Nazwy urz\u0105dze\u0144, cz\u0119\u015bci i marek zosta\u0142y u\u017cyte w celu identyfikacji produktu.<\/p>\n<p>Poni\u017cej przedstawiamy sprzedawany produkt:<\/p>\n<p><img src=\"https:\/\/pureventfilters.eu\/1612-large_default\/filtr-eu4-do-systemair-dv15-448x448x44.jpg\" alt=\"Filtr EU4 do SystemAir DV15 (448x448x44)\" \/><\/p>\n","protected":false},"excerpt":{"rendered":"<p>Filtr kasetowy klasy G4\/EU4 pasuj\u0105cych do centrali wentylacyjnej\u00a0 SystemAir DV15\u00a0 Filtr\u00a0jest zamiennikiem. Nazwy urz\u0105dze\u0144, cz\u0119\u015bci i marek zosta\u0142y u\u017cyte w celu identyfikacji produktu. Poni\u017cej przedstawiamy sprzedawany produkt:<\/p>\n","protected":false},"featured_media":28464,"template":"","meta":[],"_links":{"self":[{"href":"https:\/\/profitstore.pl\/index.php\/wp-json\/wp\/v2\/product\/63477"}],"collection":[{"href":"https:\/\/profitstore.pl\/index.php\/wp-json\/wp\/v2\/product"}],"about":[{"href":"https:\/\/profitstore.pl\/index.php\/wp-json\/wp\/v2\/types\/product"}],"wp:featuredmedia":[{"embeddable":true,"href":"https:\/\/profitstore.pl\/index.php\/wp-json\/wp\/v2\/media\/28464"}],"wp:attachment":[{"href":"https:\/\/profitstore.pl\/index.php\/wp-json\/wp\/v2\/media?parent=63477"}],"curies":[{"name":"wp","href":"https:\/\/api.w.org\/{rel}","templated":true}]}}