{"id":63463,"date":"2026-05-08T17:02:00","date_gmt":"2026-05-08T17:02:00","guid":{"rendered":"https:\/\/profitstore.pl\/index.php\/produkt\/filtr-do-okapu-weglowy-amica-ots-515-ots-615-model-fwk-140\/"},"modified":"2026-05-08T17:02:02","modified_gmt":"2026-05-08T17:02:02","slug":"filtr-do-okapu-weglowy-amica-ots-515-ots-615-model-fwk-140","status":"publish","type":"product","link":"https:\/\/profitstore.pl\/index.php\/produkt\/filtr-do-okapu-weglowy-amica-ots-515-ots-615-model-fwk-140\/","title":{"rendered":"FILTR DO OKAPU W\u0118GLOWY AMICA OTS 515 OTS 615 MODEL FWK-140"},"content":{"rendered":"<p>FILTR W\u0118GLOWY DO OKAPU AMICA &#8211; MODEL FWK-140 KOMPLET 2 SZTUK \u00a0KASETOWY Z W\u0118GLEM AKTYWNYM \u00a0 Pasuje do: AMICA OMS 515 OTS 515 OTS 515 I \/ W OTS 615 I \/ W BEKO 9189205715 HNT 62210B \u015arednica filtra: 13,7 cm Wysoko\u015b\u0107: 2,6 cm \u015arednica otworu: 3,6 cm<\/p>\n<p>Poni\u017cej przedstawiamy sprzedawany produkt:<\/p>\n<p><img src=\"https:\/\/pureventfilters.eu\/1752-large_default\/filtr-do-okapu-weglowy-amica-ots-515-ots-615-model-fwk-140.jpg\" alt=\"FILTR DO OKAPU W\u0118GLOWY AMICA OTS 515 OTS 615 MODEL FWK-140\" \/><\/p>\n","protected":false},"excerpt":{"rendered":"<p>FILTR W\u0118GLOWY DO OKAPU AMICA &#8211; MODEL FWK-140 KOMPLET 2 SZTUK \u00a0KASETOWY Z W\u0118GLEM AKTYWNYM \u00a0 Pasuje do: AMICA OMS 515 OTS 515 OTS 515 I \/ W OTS 615 I \/ W BEKO 9189205715 HNT 62210B \u015arednica filtra: 13,7 cm Wysoko\u015b\u0107: 2,6 cm \u015arednica otworu: 3,6 cm Poni\u017cej przedstawiamy sprzedawany produkt:<\/p>\n","protected":false},"featured_media":28449,"template":"","meta":[],"_links":{"self":[{"href":"https:\/\/profitstore.pl\/index.php\/wp-json\/wp\/v2\/product\/63463"}],"collection":[{"href":"https:\/\/profitstore.pl\/index.php\/wp-json\/wp\/v2\/product"}],"about":[{"href":"https:\/\/profitstore.pl\/index.php\/wp-json\/wp\/v2\/types\/product"}],"wp:featuredmedia":[{"embeddable":true,"href":"https:\/\/profitstore.pl\/index.php\/wp-json\/wp\/v2\/media\/28449"}],"wp:attachment":[{"href":"https:\/\/profitstore.pl\/index.php\/wp-json\/wp\/v2\/media?parent=63463"}],"curies":[{"name":"wp","href":"https:\/\/api.w.org\/{rel}","templated":true}]}}