{"id":63438,"date":"2026-04-22T07:04:21","date_gmt":"2026-04-22T07:04:21","guid":{"rendered":"https:\/\/profitstore.pl\/index.php\/produkt\/filtr-eu4-do-vents-vut-vue-300-h2-v2-mini-ec-240x184x40-coarse\/"},"modified":"2026-04-22T07:04:21","modified_gmt":"2026-04-22T07:04:21","slug":"filtr-eu4-do-vents-vut-vue-300-h2-v2-mini-ec-240x184x40-coarse","status":"publish","type":"product","link":"https:\/\/profitstore.pl\/index.php\/produkt\/filtr-eu4-do-vents-vut-vue-300-h2-v2-mini-ec-240x184x40-coarse\/","title":{"rendered":"Filtr EU4 do VENTS VUT VUE 300 H2\/V2 mini EC (240x184x40) Coarse"},"content":{"rendered":"<p>Filtr pasuje do central VENTS: VENTS VUT 300 H2 mini EC A14 VENTS VUT 300 V2 mini EC\u00a0 A14 VENTS VUE 300 H2 mini EC A14 VENTS VUE 300 V2 mini EC A14 W centrali montowane s\u0105 dwie sztuki filtr\u00f3w: 1szt. G4\u00a0240x184x40 + 1szt. filtra dok\u0142adnego F7 240x184x40. Filtr\u00a0jest zamiennikiem. Nazwy urz\u0105dze\u0144, cz\u0119\u015bci i marek zosta\u0142y u\u017cyte w celu identyfikacji produktu.<\/p>\n<p>Poni\u017cej przedstawiamy sprzedawany produkt:<\/p>\n<p><img src=\"https:\/\/pureventfilters.eu\/4446-large_default\/filtr-eu4-do-vents-vut-vue-300-h2v2-mini-ec-240x184x40-coarse.jpg\" alt=\"Filtr EU4 do VENTS VUT VUE 300 H2\/V2 mini EC (240x184x40) Coarse\" \/><\/p>\n","protected":false},"excerpt":{"rendered":"<p>Filtr pasuje do central VENTS: VENTS VUT 300 H2 mini EC A14 VENTS VUT 300 V2 mini EC\u00a0 A14 VENTS VUE 300 H2 mini EC A14 VENTS VUE 300 V2 mini EC A14 W centrali montowane s\u0105 dwie sztuki filtr\u00f3w: 1szt. G4\u00a0240x184x40 + 1szt. filtra dok\u0142adnego F7 240x184x40. Filtr\u00a0jest zamiennikiem. Nazwy urz\u0105dze\u0144, cz\u0119\u015bci i marek [&hellip;]<\/p>\n","protected":false},"featured_media":63439,"template":"","meta":[],"_links":{"self":[{"href":"https:\/\/profitstore.pl\/index.php\/wp-json\/wp\/v2\/product\/63438"}],"collection":[{"href":"https:\/\/profitstore.pl\/index.php\/wp-json\/wp\/v2\/product"}],"about":[{"href":"https:\/\/profitstore.pl\/index.php\/wp-json\/wp\/v2\/types\/product"}],"wp:featuredmedia":[{"embeddable":true,"href":"https:\/\/profitstore.pl\/index.php\/wp-json\/wp\/v2\/media\/63439"}],"wp:attachment":[{"href":"https:\/\/profitstore.pl\/index.php\/wp-json\/wp\/v2\/media?parent=63438"}],"curies":[{"name":"wp","href":"https:\/\/api.w.org\/{rel}","templated":true}]}}