{"id":63413,"date":"2024-02-28T08:04:39","date_gmt":"2024-02-28T08:04:39","guid":{"rendered":"https:\/\/profitstore.pl\/index.php\/produkt\/worki-do-miele-m-4-caribic-clean-team-euroclassic-europameteor\/"},"modified":"2024-02-28T08:04:40","modified_gmt":"2024-02-28T08:04:40","slug":"worki-do-miele-m-4-caribic-clean-team-euroclassic-europameteor","status":"publish","type":"product","link":"https:\/\/profitstore.pl\/index.php\/produkt\/worki-do-miele-m-4-caribic-clean-team-euroclassic-europameteor\/","title":{"rendered":"WORKI DO MIELE M-4 Caribic, Clean Team, Euroclassic, Europa,Meteor,"},"content":{"rendered":"<p>Worek przeznaczony do odkurzaczy MIELE: Caribic, Clean Team, Euroclassic 2000, Europa, Flamenco, Meteor, Meteor I,\u00a0 Meteor SL,\u00a0 Mondia, S 227 &#8211; S 240 i, S 267 i &#8211; 290 i Senator GL, Senator GL Automatic, Silverstar, Standard. Wymiary worka: d\u0142ugo\u015b\u0107 330 mm, szeroko\u015b\u0107 197 mm, wysoko\u015b\u0107 130 mm Wymiary tekturki: 94 mm x 90 mm (z uchwytem 111mm), otw\u00f3r 43 mm<\/p>\n<p>Poni\u017cej przedstawiamy sprzedawany produkt:<\/p>\n<p><img src=\"https:\/\/pureventfilters.eu\/1379-large_default\/worki-do-miele-m-4-caribic-clean-team-euroclassic-europameteor-standard-5szt.jpg\" alt=\"WORKI DO MIELE M-4 Caribic, Clean Team, Euroclassic, Europa,Meteor,\" \/><\/p>\n","protected":false},"excerpt":{"rendered":"<p>Worek przeznaczony do odkurzaczy MIELE: Caribic, Clean Team, Euroclassic 2000, Europa, Flamenco, Meteor, Meteor I,\u00a0 Meteor SL,\u00a0 Mondia, S 227 &#8211; S 240 i, S 267 i &#8211; 290 i Senator GL, Senator GL Automatic, Silverstar, Standard. Wymiary worka: d\u0142ugo\u015b\u0107 330 mm, szeroko\u015b\u0107 197 mm, wysoko\u015b\u0107 130 mm Wymiary tekturki: 94 mm x 90 mm [&hellip;]<\/p>\n","protected":false},"featured_media":63414,"template":"","meta":[],"_links":{"self":[{"href":"https:\/\/profitstore.pl\/index.php\/wp-json\/wp\/v2\/product\/63413"}],"collection":[{"href":"https:\/\/profitstore.pl\/index.php\/wp-json\/wp\/v2\/product"}],"about":[{"href":"https:\/\/profitstore.pl\/index.php\/wp-json\/wp\/v2\/types\/product"}],"wp:featuredmedia":[{"embeddable":true,"href":"https:\/\/profitstore.pl\/index.php\/wp-json\/wp\/v2\/media\/63414"}],"wp:attachment":[{"href":"https:\/\/profitstore.pl\/index.php\/wp-json\/wp\/v2\/media?parent=63413"}],"curies":[{"name":"wp","href":"https:\/\/api.w.org\/{rel}","templated":true}]}}