{"id":63409,"date":"2023-08-21T17:03:11","date_gmt":"2023-08-21T17:03:11","guid":{"rendered":"https:\/\/profitstore.pl\/index.php\/produkt\/filtr-wody-do-pralki-zmywarki-zmiekcza-wode-zielony\/"},"modified":"2023-08-21T17:03:13","modified_gmt":"2023-08-21T17:03:13","slug":"filtr-wody-do-pralki-zmywarki-zmiekcza-wode-zielony","status":"publish","type":"product","link":"https:\/\/profitstore.pl\/index.php\/produkt\/filtr-wody-do-pralki-zmywarki-zmiekcza-wode-zielony\/","title":{"rendered":"FILTR WODY do pralki zmywarki ZMI\u0118KCZA WOD\u0118 (zielony )"},"content":{"rendered":"<p>Filtr pralkowy WFSTZ stosuje si\u0119 do uzdatniania wody zimnej i montuje si\u0119 go bezpo\u015brednio do w\u0119\u017ca doprowadzaj\u0105cego wod\u0119 do pralki lub zmywarki. Jest to wk\u0142ad zmi\u0119kczaj\u0105cy kt\u00f3ry chroni grza\u0142k\u0119 przed osadzeniem si\u0119 kamienia . Zmniejsza tak\u017ce zu\u017cycie detergent\u00f3w i skutecznie chroni tkaniny przed wyniszczaj\u0105cym chlorem . Przezroczysta obudowa filtra pozwala na monitorowanie zu\u017cycia z\u0142o\u017ca znajduj\u0105cego si\u0119 wewn\u0105trz filtra. Po rozpuszczeniu si\u0119 ca\u0142ego z\u0142o\u017ca nale\u017cy wymieni\u0107 wk\u0142ad. Filtr zako\u0144czony przy\u0142\u0105czami gwintowanymi 3\/4 cala (standard dla pralek i zmywarek). Z jednej strony jest to gwint wewn\u0119trzny a z drugiej zewn\u0119trzny. Pozwala to w prosty spos\u00f3b wkr\u0119ci\u0107 go mi\u0119dzy w\u0105\u017c zasilaj\u0105cy a zaw\u00f3r lub mi\u0119dzy w\u0105\u017c a pralk\u0119\/zmywark\u0119. D\u0142ugo\u015b\u0107: 13 cm \u015arednica: 6 cm Ilo\u015b\u0107 z\u0142o\u017ca: 70% obj\u0119to\u015bci Po zu\u017cyciu si\u0119 wk\u0142adu (z\u0142o\u017ce polifosfat), filtr mo\u017cna wymieni\u0107 na nowy b\u0105d\u017a uzupe\u0142ni\u0107 w nim zu\u017cyte z\u0142o\u017ce.<\/p>\n<p>Poni\u017cej przedstawiamy sprzedawany produkt:<\/p>\n<p><img src=\"https:\/\/pureventfilters.eu\/1436-large_default\/filtr-wody-do-pralki-zmywarki-zmiekcza-wode-zielony-.jpg\" alt=\"FILTR WODY do pralki zmywarki ZMI\u0118KCZA WOD\u0118 (zielony )\" \/><\/p>\n","protected":false},"excerpt":{"rendered":"<p>Filtr pralkowy WFSTZ stosuje si\u0119 do uzdatniania wody zimnej i montuje si\u0119 go bezpo\u015brednio do w\u0119\u017ca doprowadzaj\u0105cego wod\u0119 do pralki lub zmywarki. Jest to wk\u0142ad zmi\u0119kczaj\u0105cy kt\u00f3ry chroni grza\u0142k\u0119 przed osadzeniem si\u0119 kamienia . Zmniejsza tak\u017ce zu\u017cycie detergent\u00f3w i skutecznie chroni tkaniny przed wyniszczaj\u0105cym chlorem . Przezroczysta obudowa filtra pozwala na monitorowanie zu\u017cycia z\u0142o\u017ca znajduj\u0105cego [&hellip;]<\/p>\n","protected":false},"featured_media":55376,"template":"","meta":[],"_links":{"self":[{"href":"https:\/\/profitstore.pl\/index.php\/wp-json\/wp\/v2\/product\/63409"}],"collection":[{"href":"https:\/\/profitstore.pl\/index.php\/wp-json\/wp\/v2\/product"}],"about":[{"href":"https:\/\/profitstore.pl\/index.php\/wp-json\/wp\/v2\/types\/product"}],"wp:featuredmedia":[{"embeddable":true,"href":"https:\/\/profitstore.pl\/index.php\/wp-json\/wp\/v2\/media\/55376"}],"wp:attachment":[{"href":"https:\/\/profitstore.pl\/index.php\/wp-json\/wp\/v2\/media?parent=63409"}],"curies":[{"name":"wp","href":"https:\/\/api.w.org\/{rel}","templated":true}]}}