{"id":63393,"date":"2026-04-22T07:04:16","date_gmt":"2026-04-22T07:04:16","guid":{"rendered":"https:\/\/profitstore.pl\/index.php\/produkt\/filtr-eu5-do-brink-renovent-excellent-300-400-525x185\/"},"modified":"2026-04-22T07:04:18","modified_gmt":"2026-04-22T07:04:18","slug":"filtr-eu5-do-brink-renovent-excellent-300-400-525x185","status":"publish","type":"product","link":"https:\/\/profitstore.pl\/index.php\/produkt\/filtr-eu5-do-brink-renovent-excellent-300-400-525x185\/","title":{"rendered":"Filtr EU5 do BRINK RENOVENT EXCELLENT 300\/400 (525&#215;185)"},"content":{"rendered":"<p>Filtr p\u0142aski klasy EU5 o wymiarach 525&#215;185\u00a0pasuj\u0105cy do centrali\u00a0Brink Renovent Excellent Filtry s\u0105 zamiennikami, nazwy producent\u00f3w i marek zosta\u0142y u\u017cyte w celu identyfikacji produktu.<\/p>\n<p>Poni\u017cej przedstawiamy sprzedawany produkt:<\/p>\n<p><img src=\"https:\/\/pureventfilters.eu\/1274-large_default\/filtr-eu5-do-brink-renovent-excellent-300400-525x185.jpg\" alt=\"Filtr EU5 do BRINK RENOVENT EXCELLENT 300\/400 (525x185)\" \/><\/p>\n","protected":false},"excerpt":{"rendered":"<p>Filtr p\u0142aski klasy EU5 o wymiarach 525&#215;185\u00a0pasuj\u0105cy do centrali\u00a0Brink Renovent Excellent Filtry s\u0105 zamiennikami, nazwy producent\u00f3w i marek zosta\u0142y u\u017cyte w celu identyfikacji produktu. Poni\u017cej przedstawiamy sprzedawany produkt:<\/p>\n","protected":false},"featured_media":28396,"template":"","meta":[],"_links":{"self":[{"href":"https:\/\/profitstore.pl\/index.php\/wp-json\/wp\/v2\/product\/63393"}],"collection":[{"href":"https:\/\/profitstore.pl\/index.php\/wp-json\/wp\/v2\/product"}],"about":[{"href":"https:\/\/profitstore.pl\/index.php\/wp-json\/wp\/v2\/types\/product"}],"wp:featuredmedia":[{"embeddable":true,"href":"https:\/\/profitstore.pl\/index.php\/wp-json\/wp\/v2\/media\/28396"}],"wp:attachment":[{"href":"https:\/\/profitstore.pl\/index.php\/wp-json\/wp\/v2\/media?parent=63393"}],"curies":[{"name":"wp","href":"https:\/\/api.w.org\/{rel}","templated":true}]}}