{"id":63383,"date":"2026-04-21T17:03:28","date_gmt":"2026-04-21T17:03:28","guid":{"rendered":"https:\/\/profitstore.pl\/index.php\/produkt\/filtr-eu4-do-vts-vs-30-vs-75-428x428x300\/"},"modified":"2026-04-21T17:03:29","modified_gmt":"2026-04-21T17:03:29","slug":"filtr-eu4-do-vts-vs-30-vs-75-428x428x300","status":"publish","type":"product","link":"https:\/\/profitstore.pl\/index.php\/produkt\/filtr-eu4-do-vts-vs-30-vs-75-428x428x300\/","title":{"rendered":"Filtr EU4 do VTS VS 30, VS 75 (428x428x300)"},"content":{"rendered":"<p>Cena dotyczy 1szt. filtra.\u00a0Filtr kieszeniowy klasy\u00a0 G4 \/ EU4 \u00a0o wymiarach\u00a0 428x428x300 \u00a0 mm \u00a0do centrali\u00a0 VTS VS 30 oraz VTS VS 75 . Przed zakupem prosimy o weryfikacj\u0119 wymiar\u00f3w filtr\u00f3w podanych w ofercie z rzeczywistymi wymiarami filtr\u00f3w montowanych w centrali. Produkt jest zamiennikiem. Nazwy urz\u0105dze\u0144, cz\u0119\u015bci i marek zosta\u0142y u\u017cyte w celu identyfikacji produktu.<\/p>\n<p>Poni\u017cej przedstawiamy sprzedawany produkt:<\/p>\n<p><img src=\"https:\/\/pureventfilters.eu\/3882-large_default\/filtr-eu4-do-vts-vs-30-vs-75-428x428x300.jpg\" alt=\"Filtr EU4 do VTS VS 30, VS 75 (428x428x300)\" \/><\/p>\n","protected":false},"excerpt":{"rendered":"<p>Cena dotyczy 1szt. filtra.\u00a0Filtr kieszeniowy klasy\u00a0 G4 \/ EU4 \u00a0o wymiarach\u00a0 428x428x300 \u00a0 mm \u00a0do centrali\u00a0 VTS VS 30 oraz VTS VS 75 . Przed zakupem prosimy o weryfikacj\u0119 wymiar\u00f3w filtr\u00f3w podanych w ofercie z rzeczywistymi wymiarami filtr\u00f3w montowanych w centrali. Produkt jest zamiennikiem. Nazwy urz\u0105dze\u0144, cz\u0119\u015bci i marek zosta\u0142y u\u017cyte w celu identyfikacji produktu. [&hellip;]<\/p>\n","protected":false},"featured_media":28389,"template":"","meta":[],"_links":{"self":[{"href":"https:\/\/profitstore.pl\/index.php\/wp-json\/wp\/v2\/product\/63383"}],"collection":[{"href":"https:\/\/profitstore.pl\/index.php\/wp-json\/wp\/v2\/product"}],"about":[{"href":"https:\/\/profitstore.pl\/index.php\/wp-json\/wp\/v2\/types\/product"}],"wp:featuredmedia":[{"embeddable":true,"href":"https:\/\/profitstore.pl\/index.php\/wp-json\/wp\/v2\/media\/28389"}],"wp:attachment":[{"href":"https:\/\/profitstore.pl\/index.php\/wp-json\/wp\/v2\/media?parent=63383"}],"curies":[{"name":"wp","href":"https:\/\/api.w.org\/{rel}","templated":true}]}}