{"id":63365,"date":"2026-04-21T17:03:22","date_gmt":"2026-04-21T17:03:22","guid":{"rendered":"https:\/\/profitstore.pl\/index.php\/produkt\/filtr-eu7-do-komfovent-verso-r-2000-f-560x420x96\/"},"modified":"2026-04-21T17:03:23","modified_gmt":"2026-04-21T17:03:23","slug":"filtr-eu7-do-komfovent-verso-r-2000-f-560x420x96","status":"publish","type":"product","link":"https:\/\/profitstore.pl\/index.php\/produkt\/filtr-eu7-do-komfovent-verso-r-2000-f-560x420x96\/","title":{"rendered":"Filtr EU7 do KOMFOVENT VERSO R 2000 F (560x420x96)"},"content":{"rendered":"<p>Filtr kasetowy klasy M5\/EU5 pasuj\u0105cy do centrali wentylacyjnej KOMFOVENT VERSO\u00a0R 2000 F\u00a0\u00a0 Filtr kasetowy Wymiary: 560x420x96 Klasa filtracji wg EN 779:2012 : filtracja F7\/EU7 Wk\u0142ad filtra: mata plisowana MiniPleat \u00a0 Prowadzimy sprzeda\u017c filtr\u00f3w w kasecie metalowej gdzie zalet\u0105 takiego rozwi\u0105zania jest mo\u017cliwo\u015b\u0107 samodzielnej wymiany wk\u0142adu filtracyjnego, oraz obni\u017cenie koszt\u00f3w eksploatacji. Wk\u0142ady dost\u0119pne w atrakcyjnych cenach. Filtr\u00a0jest zamiennikiem. Nazwy urz\u0105dze\u0144, cz\u0119\u015bci i marek zosta\u0142y u\u017cyte w celu identyfikacji produktu.<\/p>\n<p>Poni\u017cej przedstawiamy sprzedawany produkt:<\/p>\n<p><img src=\"https:\/\/pureventfilters.eu\/4564-large_default\/filtr-eu7-do-komfovent-verso-r-2000-f-560x420x96.jpg\" alt=\"Filtr EU7 do KOMFOVENT VERSO R 2000 F (560x420x96)\" \/><\/p>\n","protected":false},"excerpt":{"rendered":"<p>Filtr kasetowy klasy M5\/EU5 pasuj\u0105cy do centrali wentylacyjnej KOMFOVENT VERSO\u00a0R 2000 F\u00a0\u00a0 Filtr kasetowy Wymiary: 560x420x96 Klasa filtracji wg EN 779:2012 : filtracja F7\/EU7 Wk\u0142ad filtra: mata plisowana MiniPleat \u00a0 Prowadzimy sprzeda\u017c filtr\u00f3w w kasecie metalowej gdzie zalet\u0105 takiego rozwi\u0105zania jest mo\u017cliwo\u015b\u0107 samodzielnej wymiany wk\u0142adu filtracyjnego, oraz obni\u017cenie koszt\u00f3w eksploatacji. Wk\u0142ady dost\u0119pne w atrakcyjnych cenach. [&hellip;]<\/p>\n","protected":false},"featured_media":58560,"template":"","meta":[],"_links":{"self":[{"href":"https:\/\/profitstore.pl\/index.php\/wp-json\/wp\/v2\/product\/63365"}],"collection":[{"href":"https:\/\/profitstore.pl\/index.php\/wp-json\/wp\/v2\/product"}],"about":[{"href":"https:\/\/profitstore.pl\/index.php\/wp-json\/wp\/v2\/types\/product"}],"wp:featuredmedia":[{"embeddable":true,"href":"https:\/\/profitstore.pl\/index.php\/wp-json\/wp\/v2\/media\/58560"}],"wp:attachment":[{"href":"https:\/\/profitstore.pl\/index.php\/wp-json\/wp\/v2\/media?parent=63365"}],"curies":[{"name":"wp","href":"https:\/\/api.w.org\/{rel}","templated":true}]}}