{"id":63353,"date":"2023-07-04T17:01:40","date_gmt":"2023-07-04T17:01:40","guid":{"rendered":"https:\/\/profitstore.pl\/index.php\/produkt\/wklad-eu7do-filtra-komfovent-470x235x44\/"},"modified":"2023-07-04T17:01:41","modified_gmt":"2023-07-04T17:01:41","slug":"wklad-eu7do-filtra-komfovent-470x235x44","status":"publish","type":"product","link":"https:\/\/profitstore.pl\/index.php\/produkt\/wklad-eu7do-filtra-komfovent-470x235x44\/","title":{"rendered":"Wk\u0142ad EU7do filtra KOMFOVENT (470x235x44)"},"content":{"rendered":"<p>Wk\u0142ad do filtr\u00f3w kasetowych klasy F7\/EU7 pasuj\u0105cy do filtr\u00f3w z centrali wentylacyjnej\u00a0 KOMFOVENT DOMEKT REGO 450VE\/WV.\u00a0<\/p>\n<p>Poni\u017cej przedstawiamy sprzedawany produkt:<\/p>\n<p><img src=\"https:\/\/pureventfilters.eu\/1193-large_default\/wklad-eu7do-filtra-komfovent-470x235x44.jpg\" alt=\"Wk\u0142ad EU7do filtra KOMFOVENT (470x235x44)\" \/><\/p>\n","protected":false},"excerpt":{"rendered":"<p>Wk\u0142ad do filtr\u00f3w kasetowych klasy F7\/EU7 pasuj\u0105cy do filtr\u00f3w z centrali wentylacyjnej\u00a0 KOMFOVENT DOMEKT REGO 450VE\/WV.\u00a0 Poni\u017cej przedstawiamy sprzedawany produkt:<\/p>\n","protected":false},"featured_media":63354,"template":"","meta":[],"_links":{"self":[{"href":"https:\/\/profitstore.pl\/index.php\/wp-json\/wp\/v2\/product\/63353"}],"collection":[{"href":"https:\/\/profitstore.pl\/index.php\/wp-json\/wp\/v2\/product"}],"about":[{"href":"https:\/\/profitstore.pl\/index.php\/wp-json\/wp\/v2\/types\/product"}],"wp:featuredmedia":[{"embeddable":true,"href":"https:\/\/profitstore.pl\/index.php\/wp-json\/wp\/v2\/media\/63354"}],"wp:attachment":[{"href":"https:\/\/profitstore.pl\/index.php\/wp-json\/wp\/v2\/media?parent=63353"}],"curies":[{"name":"wp","href":"https:\/\/api.w.org\/{rel}","templated":true}]}}