{"id":63333,"date":"2026-04-21T17:03:04","date_gmt":"2026-04-21T17:03:04","guid":{"rendered":"https:\/\/profitstore.pl\/index.php\/produkt\/filtr-eu5-do-komfovent-domekt-cf-400v-350x235x46\/"},"modified":"2026-04-21T17:03:07","modified_gmt":"2026-04-21T17:03:07","slug":"filtr-eu5-do-komfovent-domekt-cf-400v-350x235x46","status":"publish","type":"product","link":"https:\/\/profitstore.pl\/index.php\/produkt\/filtr-eu5-do-komfovent-domekt-cf-400v-350x235x46\/","title":{"rendered":"Filtr EU5 do KOMFOVENT DOMEKT CF 400V (350x235x46)"},"content":{"rendered":"<p>Filtr kasetowy klasy M5\/EU5 pasuj\u0105cy do centrali wentylacyjnej\u00a0 KOMFOVENT DOMEKT CF-400-V Wymiary: 350x235x46 Klasa filtracji wg EN 779:2012 :\u00a0 filtracja dok\u0142adna M5 Ramka filtra:\u00a0 karton Wk\u0142ad filtra: mata plisowana\u00a0 MiniPleat Prowadzimy sprzeda\u017c filtr\u00f3w w kasecie metalowej gdzie zalet\u0105 takiego rozwi\u0105zania jest mo\u017cliwo\u015b\u0107 samodzielnej wymiany wk\u0142adu filtracyjnego, oraz obni\u017cenie koszt\u00f3w eksploatacji. Wk\u0142ady dost\u0119pne w atrakcyjnych cenach. Filtr jest zamiennikiem. Nazwy urz\u0105dze\u0144, cz\u0119\u015bci i marek zosta\u0142y u\u017cyte w celu identyfikacji produktu. \u00a0<\/p>\n<p>Poni\u017cej przedstawiamy sprzedawany produkt:<\/p>\n<p><img src=\"https:\/\/pureventfilters.eu\/1151-large_default\/filtr-eu5-do-komfovent-domekt-cf-400v-350x235x46.jpg\" alt=\"Filtr EU5 do KOMFOVENT DOMEKT CF 400V (350x235x46)\" \/><\/p>\n","protected":false},"excerpt":{"rendered":"<p>Filtr kasetowy klasy M5\/EU5 pasuj\u0105cy do centrali wentylacyjnej\u00a0 KOMFOVENT DOMEKT CF-400-V Wymiary: 350x235x46 Klasa filtracji wg EN 779:2012 :\u00a0 filtracja dok\u0142adna M5 Ramka filtra:\u00a0 karton Wk\u0142ad filtra: mata plisowana\u00a0 MiniPleat Prowadzimy sprzeda\u017c filtr\u00f3w w kasecie metalowej gdzie zalet\u0105 takiego rozwi\u0105zania jest mo\u017cliwo\u015b\u0107 samodzielnej wymiany wk\u0142adu filtracyjnego, oraz obni\u017cenie koszt\u00f3w eksploatacji. Wk\u0142ady dost\u0119pne w atrakcyjnych cenach. [&hellip;]<\/p>\n","protected":false},"featured_media":58540,"template":"","meta":[],"_links":{"self":[{"href":"https:\/\/profitstore.pl\/index.php\/wp-json\/wp\/v2\/product\/63333"}],"collection":[{"href":"https:\/\/profitstore.pl\/index.php\/wp-json\/wp\/v2\/product"}],"about":[{"href":"https:\/\/profitstore.pl\/index.php\/wp-json\/wp\/v2\/types\/product"}],"wp:featuredmedia":[{"embeddable":true,"href":"https:\/\/profitstore.pl\/index.php\/wp-json\/wp\/v2\/media\/58540"}],"wp:attachment":[{"href":"https:\/\/profitstore.pl\/index.php\/wp-json\/wp\/v2\/media?parent=63333"}],"curies":[{"name":"wp","href":"https:\/\/api.w.org\/{rel}","templated":true}]}}