{"id":63321,"date":"2026-04-21T17:02:03","date_gmt":"2026-04-21T17:02:03","guid":{"rendered":"https:\/\/profitstore.pl\/index.php\/produkt\/filtr-eu5-do-komfovent-domekt-cf-250v-350x145x46\/"},"modified":"2026-04-21T17:02:05","modified_gmt":"2026-04-21T17:02:05","slug":"filtr-eu5-do-komfovent-domekt-cf-250v-350x145x46","status":"publish","type":"product","link":"https:\/\/profitstore.pl\/index.php\/produkt\/filtr-eu5-do-komfovent-domekt-cf-250v-350x145x46\/","title":{"rendered":"Filtr EU5 do KOMFOVENT DOMEKT CF 250V (350x145x46)"},"content":{"rendered":"<p>Filtr kasetowy \u00a0klasy\u00a0 M5\/EU5 \u00a0pasuj\u0105cy do centrali wentylacyjnej\u00a0 KOMFOVENT DOMEKT CF 250 V (wg danych z katalogu z roku 2018) Filtr\u00a0jest zamiennikiem. Nazwy urz\u0105dze\u0144, cz\u0119\u015bci i marek zosta\u0142y u\u017cyte w celu identyfikacji produktu. Prowadzimy sprzeda\u017c filtr\u00f3w w kasecie metalowej gdzie zalet\u0105 takiego rozwi\u0105zania jest mo\u017cliwo\u015b\u0107 samodzielnej wymiany wk\u0142adu filtracyjnego, oraz obni\u017cenie koszt\u00f3w eksploatacji. Wk\u0142ady dost\u0119pne w atrakcyjnych cenach.<\/p>\n<p>Poni\u017cej przedstawiamy sprzedawany produkt:<\/p>\n<p><img src=\"https:\/\/pureventfilters.eu\/2007-large_default\/filtr-eu5-do-komfovent-domekt-cf-250v-350x145x46.jpg\" alt=\"Filtr EU5 do KOMFOVENT DOMEKT CF 250V (350x145x46)\" \/><\/p>\n","protected":false},"excerpt":{"rendered":"<p>Filtr kasetowy \u00a0klasy\u00a0 M5\/EU5 \u00a0pasuj\u0105cy do centrali wentylacyjnej\u00a0 KOMFOVENT DOMEKT CF 250 V (wg danych z katalogu z roku 2018) Filtr\u00a0jest zamiennikiem. Nazwy urz\u0105dze\u0144, cz\u0119\u015bci i marek zosta\u0142y u\u017cyte w celu identyfikacji produktu. Prowadzimy sprzeda\u017c filtr\u00f3w w kasecie metalowej gdzie zalet\u0105 takiego rozwi\u0105zania jest mo\u017cliwo\u015b\u0107 samodzielnej wymiany wk\u0142adu filtracyjnego, oraz obni\u017cenie koszt\u00f3w eksploatacji. Wk\u0142ady dost\u0119pne [&hellip;]<\/p>\n","protected":false},"featured_media":58525,"template":"","meta":[],"_links":{"self":[{"href":"https:\/\/profitstore.pl\/index.php\/wp-json\/wp\/v2\/product\/63321"}],"collection":[{"href":"https:\/\/profitstore.pl\/index.php\/wp-json\/wp\/v2\/product"}],"about":[{"href":"https:\/\/profitstore.pl\/index.php\/wp-json\/wp\/v2\/types\/product"}],"wp:featuredmedia":[{"embeddable":true,"href":"https:\/\/profitstore.pl\/index.php\/wp-json\/wp\/v2\/media\/58525"}],"wp:attachment":[{"href":"https:\/\/profitstore.pl\/index.php\/wp-json\/wp\/v2\/media?parent=63321"}],"curies":[{"name":"wp","href":"https:\/\/api.w.org\/{rel}","templated":true}]}}