{"id":63307,"date":"2026-04-19T07:02:00","date_gmt":"2026-04-19T07:02:00","guid":{"rendered":"https:\/\/profitstore.pl\/index.php\/produkt\/wklad-p-542x260x44\/"},"modified":"2026-04-19T07:02:00","modified_gmt":"2026-04-19T07:02:00","slug":"wklad-p-542x260x44","status":"publish","type":"product","link":"https:\/\/profitstore.pl\/index.php\/produkt\/wklad-p-542x260x44\/","title":{"rendered":"Wk\u0142ad P-542x260x44"},"content":{"rendered":"<p>Wk\u0142ady do ramek metalowych filtr\u00f3w kasetowych klasy F7\/EU7 pasuj\u0105cych do filtr\u00f3w z centrali wentylacyjnej\u00a0SALDA RIRS 700 HE\/HW EKO 3.0 (542x260x46). Producent zaleca monta\u017c dw\u00f3ch filtr\u00f3w w centrali: filtr w klasie filtracji F7 na nawiewie oraz filtr w klasie filtracji M5 na wywiewie.<\/p>\n<p>Poni\u017cej przedstawiamy sprzedawany produkt:<\/p>\n<p><img src=\"https:\/\/pureventfilters.eu\/1104-large_default\/wklad-p-542x260x44.jpg\" alt=\"Wk\u0142ad P-542x260x44\" \/><\/p>\n","protected":false},"excerpt":{"rendered":"<p>Wk\u0142ady do ramek metalowych filtr\u00f3w kasetowych klasy F7\/EU7 pasuj\u0105cych do filtr\u00f3w z centrali wentylacyjnej\u00a0SALDA RIRS 700 HE\/HW EKO 3.0 (542x260x46). Producent zaleca monta\u017c dw\u00f3ch filtr\u00f3w w centrali: filtr w klasie filtracji F7 na nawiewie oraz filtr w klasie filtracji M5 na wywiewie. Poni\u017cej przedstawiamy sprzedawany produkt:<\/p>\n","protected":false},"featured_media":48053,"template":"","meta":[],"_links":{"self":[{"href":"https:\/\/profitstore.pl\/index.php\/wp-json\/wp\/v2\/product\/63307"}],"collection":[{"href":"https:\/\/profitstore.pl\/index.php\/wp-json\/wp\/v2\/product"}],"about":[{"href":"https:\/\/profitstore.pl\/index.php\/wp-json\/wp\/v2\/types\/product"}],"wp:featuredmedia":[{"embeddable":true,"href":"https:\/\/profitstore.pl\/index.php\/wp-json\/wp\/v2\/media\/48053"}],"wp:attachment":[{"href":"https:\/\/profitstore.pl\/index.php\/wp-json\/wp\/v2\/media?parent=63307"}],"curies":[{"name":"wp","href":"https:\/\/api.w.org\/{rel}","templated":true}]}}