{"id":63286,"date":"2026-04-21T17:01:56","date_gmt":"2026-04-21T17:01:56","guid":{"rendered":"https:\/\/profitstore.pl\/index.php\/produkt\/filtr-kasetowy-eu5-do-wanas-350v-2-350h-2-480x190x40\/"},"modified":"2026-04-21T17:01:56","modified_gmt":"2026-04-21T17:01:56","slug":"filtr-kasetowy-eu5-do-wanas-350v-2-350h-2-480x190x40","status":"publish","type":"product","link":"https:\/\/profitstore.pl\/index.php\/produkt\/filtr-kasetowy-eu5-do-wanas-350v-2-350h-2-480x190x40\/","title":{"rendered":"Filtr kasetowy EU5 do WANAS 350V\/2, 350H\/2 (480x190x40)"},"content":{"rendered":"<p>Filtr\u00a0 kasetowy\u00a0 o wymiarach\u00a0 480x190x40 \u00a0klasy\u00a0 M5\/EU5 \u00a0pasuj\u0105cych do\u00a0rekuperator\u00f3w\u00a0 WANAS: 350 V\/2 350 H\/2 Filtr do oczyszczania powietrza pobieranego z zewn\u0105trz budynku Filtry s\u0105 zamiennikami, nazwy producent\u00f3w i marek zosta\u0142y u\u017cyte w celu identyfikacji produktu.<\/p>\n<p>Poni\u017cej przedstawiamy sprzedawany produkt:<\/p>\n<p><img src=\"https:\/\/pureventfilters.eu\/1032-large_default\/filtr-kasetowy-eu5-do-wanas-350v2-350h2-480x190x40.jpg\" alt=\"Filtr kasetowy EU5 do WANAS 350V\/2, 350H\/2 (480x190x40)\" \/><\/p>\n","protected":false},"excerpt":{"rendered":"<p>Filtr\u00a0 kasetowy\u00a0 o wymiarach\u00a0 480x190x40 \u00a0klasy\u00a0 M5\/EU5 \u00a0pasuj\u0105cych do\u00a0rekuperator\u00f3w\u00a0 WANAS: 350 V\/2 350 H\/2 Filtr do oczyszczania powietrza pobieranego z zewn\u0105trz budynku Filtry s\u0105 zamiennikami, nazwy producent\u00f3w i marek zosta\u0142y u\u017cyte w celu identyfikacji produktu. Poni\u017cej przedstawiamy sprzedawany produkt:<\/p>\n","protected":false},"featured_media":28305,"template":"","meta":[],"_links":{"self":[{"href":"https:\/\/profitstore.pl\/index.php\/wp-json\/wp\/v2\/product\/63286"}],"collection":[{"href":"https:\/\/profitstore.pl\/index.php\/wp-json\/wp\/v2\/product"}],"about":[{"href":"https:\/\/profitstore.pl\/index.php\/wp-json\/wp\/v2\/types\/product"}],"wp:featuredmedia":[{"embeddable":true,"href":"https:\/\/profitstore.pl\/index.php\/wp-json\/wp\/v2\/media\/28305"}],"wp:attachment":[{"href":"https:\/\/profitstore.pl\/index.php\/wp-json\/wp\/v2\/media?parent=63286"}],"curies":[{"name":"wp","href":"https:\/\/api.w.org\/{rel}","templated":true}]}}