{"id":63255,"date":"2024-02-28T08:03:35","date_gmt":"2024-02-28T08:03:35","guid":{"rendered":"https:\/\/profitstore.pl\/index.php\/produkt\/filtr-do-okapu-weglowy-amica-model-fwk-180-310x180x10\/"},"modified":"2024-02-28T08:03:36","modified_gmt":"2024-02-28T08:03:36","slug":"filtr-do-okapu-weglowy-amica-model-fwk-180-310x180x10","status":"publish","type":"product","link":"https:\/\/profitstore.pl\/index.php\/produkt\/filtr-do-okapu-weglowy-amica-model-fwk-180-310x180x10\/","title":{"rendered":"FILTR DO OKAPU W\u0118GLOWY AMICA &#8211; MODEL FWK-180 (310X180X10)"},"content":{"rendered":"<p>FILTR W\u0118GLOWY DO OKAPU\u00a0 AMICA &#8211; MODEL FWK-180 Filtr w\u0119glowy do okapu z w\u0119glem aktywnym. Wykonany\u00a0z\u00a0wysokiej jako\u015bci cz\u0105steczek w\u0119gla aktywnego, kt\u00f3re gwarantuj\u0105\u00a0najwy\u017cszy stopie\u0144 poch\u0142aniania zanieczyszcze\u0144 i nieprzyjemnych zapach\u00f3w. Idealne dla twojego okapu i domu. \u0141atwy w monta\u017cu. Pocha\u0142ania zapachy. FILTR PRZEZNACZONY JEST DO NAST\u0118PUJ\u0104CYH MODELI OKAP\u00d3W Amica : OKC 9417I OKC 9577I OKC 9677I OWC 4779I OKC 941T \u00a0 Filtr w\u0119glowy mocujemy osadzaj\u0105c go w szczelinach wewn\u0119trznych ramki filtra aluminiowego (przeciw t\u0142uszczowego). Po zablokowaniu zatrzask\u00f3w oba po\u0142\u0105czone filtry nale\u017cy ponownie umie\u015bci\u0107 w okapie, pami\u0119taj\u0105c, \u017ce filtr aluminiowy musi znajdowa\u0107 si\u0119 od strony zewn\u0119trznej.<\/p>\n<p>Poni\u017cej przedstawiamy sprzedawany produkt:<\/p>\n<p><img src=\"https:\/\/pureventfilters.eu\/986-large_default\/filtr-do-okapu-weglowy-amica-model-fwk-180-310x180x10-pvf-6312.jpg\" alt=\"FILTR DO OKAPU W\u0118GLOWY AMICA - MODEL FWK-180 (310X180X10)\" \/><\/p>\n","protected":false},"excerpt":{"rendered":"<p>FILTR W\u0118GLOWY DO OKAPU\u00a0 AMICA &#8211; MODEL FWK-180 Filtr w\u0119glowy do okapu z w\u0119glem aktywnym. Wykonany\u00a0z\u00a0wysokiej jako\u015bci cz\u0105steczek w\u0119gla aktywnego, kt\u00f3re gwarantuj\u0105\u00a0najwy\u017cszy stopie\u0144 poch\u0142aniania zanieczyszcze\u0144 i nieprzyjemnych zapach\u00f3w. Idealne dla twojego okapu i domu. \u0141atwy w monta\u017cu. Pocha\u0142ania zapachy. FILTR PRZEZNACZONY JEST DO NAST\u0118PUJ\u0104CYH MODELI OKAP\u00d3W Amica : OKC 9417I OKC 9577I OKC 9677I OWC [&hellip;]<\/p>\n","protected":false},"featured_media":28281,"template":"","meta":[],"_links":{"self":[{"href":"https:\/\/profitstore.pl\/index.php\/wp-json\/wp\/v2\/product\/63255"}],"collection":[{"href":"https:\/\/profitstore.pl\/index.php\/wp-json\/wp\/v2\/product"}],"about":[{"href":"https:\/\/profitstore.pl\/index.php\/wp-json\/wp\/v2\/types\/product"}],"wp:featuredmedia":[{"embeddable":true,"href":"https:\/\/profitstore.pl\/index.php\/wp-json\/wp\/v2\/media\/28281"}],"wp:attachment":[{"href":"https:\/\/profitstore.pl\/index.php\/wp-json\/wp\/v2\/media?parent=63255"}],"curies":[{"name":"wp","href":"https:\/\/api.w.org\/{rel}","templated":true}]}}