{"id":63254,"date":"2024-10-18T17:01:44","date_gmt":"2024-10-18T17:01:44","guid":{"rendered":"https:\/\/profitstore.pl\/index.php\/produkt\/filtr-weglowy-okapu-amica-fwk160-ots-oks-ows-2szt\/"},"modified":"2024-10-18T17:01:44","modified_gmt":"2024-10-18T17:01:44","slug":"filtr-weglowy-okapu-amica-fwk160-ots-oks-ows-2szt","status":"publish","type":"product","link":"https:\/\/profitstore.pl\/index.php\/produkt\/filtr-weglowy-okapu-amica-fwk160-ots-oks-ows-2szt\/","title":{"rendered":"Filtr W\u0118GLOWY okapu AMICA FWK160 OTS OKS OWS 2szt."},"content":{"rendered":"<p>FILTR W\u0118GLOWY DO OKAPU\u00a0 AMICA &#8211; MODEL FWK-160 Filtr w\u0119glowy do okapu z w\u0119glem aktywnym. Wykonany\u00a0z\u00a0wysokiej jako\u015bci cz\u0105steczek w\u0119gla aktywnego, kt\u00f3re gwarantuj\u0105\u00a0najwy\u017cszy stopie\u0144 poch\u0142aniania zanieczyszcze\u0144 i nieprzyjemnych zapach\u00f3w. Idealne dla twojego okapu i domu. \u0141atwy w monta\u017cu. Pocha\u0142ania zapachy. FILTR PRZEZNACZONY JEST DO NAST\u0118PUJ\u0104CYH MODELI OKAP\u00d3W: AMICA : KF 17191, OTS625W\/I , OTS 635I \/W OTS 935I\/W, OTS625\u00a0, OTS-625I ,OTS-625W ,OTS-635 ,OTS-635I ,OTS-645I ,OTS-935 ,OTS625 (2szt.), OTS 635 (2szt.), OTS645I OTS 935 (2szt.)\u00a0OKS 961T OKS 661, OKS 942 T, OKS 642T, OKS652T, OKS-661S ,OKS-661T ,OKS-961S ,OKS-961T ,OKS-942T ,OKS-642T ,OKS-652T ,OKS661S (2szt.), OKS661T (2szt.), OKS961S (2szt.), OKS961T (2szt.), OKS942T (2szt.), OKS642T (2szt.), OKS652T(2szt.), OKS952T(2szt.),\u00a0 OKS 952, OKS 652, OTS 645,\u00a0OWS-952T ,OWS451P, OWS451O, OWS952T (2szt.), OWS451P (2szt.), OWS451O (2szt), OMS 515, OWS 952 SILVERLINE:\u00a0 AF 100 NETO\u00a0 Iris \u00a0 \u00a0 W KOMPLECIE 2 SZT. PRODUKT POLSKI PRODUKT FABRYCZNIE NOWY\u00a0<\/p>\n<p>Poni\u017cej przedstawiamy sprzedawany produkt:<\/p>\n<p><img src=\"https:\/\/pureventfilters.eu\/979-large_default\/filtr-do-okapu-weglowy-amica-model-fwk-160-pvf-8972.jpg\" alt=\"Filtr W\u0118GLOWY okapu AMICA FWK160 OTS OKS OWS 2szt.\" \/><\/p>\n","protected":false},"excerpt":{"rendered":"<p>FILTR W\u0118GLOWY DO OKAPU\u00a0 AMICA &#8211; MODEL FWK-160 Filtr w\u0119glowy do okapu z w\u0119glem aktywnym. Wykonany\u00a0z\u00a0wysokiej jako\u015bci cz\u0105steczek w\u0119gla aktywnego, kt\u00f3re gwarantuj\u0105\u00a0najwy\u017cszy stopie\u0144 poch\u0142aniania zanieczyszcze\u0144 i nieprzyjemnych zapach\u00f3w. Idealne dla twojego okapu i domu. \u0141atwy w monta\u017cu. Pocha\u0142ania zapachy. FILTR PRZEZNACZONY JEST DO NAST\u0118PUJ\u0104CYH MODELI OKAP\u00d3W: AMICA : KF 17191, OTS625W\/I , OTS 635I \/W [&hellip;]<\/p>\n","protected":false},"featured_media":28280,"template":"","meta":[],"_links":{"self":[{"href":"https:\/\/profitstore.pl\/index.php\/wp-json\/wp\/v2\/product\/63254"}],"collection":[{"href":"https:\/\/profitstore.pl\/index.php\/wp-json\/wp\/v2\/product"}],"about":[{"href":"https:\/\/profitstore.pl\/index.php\/wp-json\/wp\/v2\/types\/product"}],"wp:featuredmedia":[{"embeddable":true,"href":"https:\/\/profitstore.pl\/index.php\/wp-json\/wp\/v2\/media\/28280"}],"wp:attachment":[{"href":"https:\/\/profitstore.pl\/index.php\/wp-json\/wp\/v2\/media?parent=63254"}],"curies":[{"name":"wp","href":"https:\/\/api.w.org\/{rel}","templated":true}]}}