{"id":63229,"date":"2026-04-19T07:01:40","date_gmt":"2026-04-19T07:01:40","guid":{"rendered":"https:\/\/profitstore.pl\/index.php\/produkt\/filtr-do-salda-rirs-1200h-1200v-eko-3-0-745x350x46\/"},"modified":"2026-04-19T07:01:42","modified_gmt":"2026-04-19T07:01:42","slug":"filtr-do-salda-rirs-1200h-1200v-eko-3-0-745x350x46","status":"publish","type":"product","link":"https:\/\/profitstore.pl\/index.php\/produkt\/filtr-do-salda-rirs-1200h-1200v-eko-3-0-745x350x46\/","title":{"rendered":"Filtr do SALDA RIRS 1200H, 1200V EKO 3.0 (745x350x46)"},"content":{"rendered":"<p>Specyfikacja: Cena wy\u015bwietlana dotyczy 1 szt. filtra\u00a0w wybranej klasie filtracji i ramce Wymiar filtra: 745x350x46mm Klasa filtracji: do wyboru EU5\/M5 oraz EU7 \/ F7 Wk\u0142ad filtra: mata plisowana MiniPleat Ramka: do wyboru kartonowa lub metalowa Filtr kasetowy pasuj\u0105cy do central SALDA: RIRS 1200 HE EKO 3.0 RIRS 1200 HW EKO 3.0 RIRS 1200 HE EKO 3.0 RIRS 1200 HW EKO 3.0 Standardowo filtry montowane w centralach przez producenta wykonane s\u0105 w ramce kartonowej.\u00a0 W naszej ofercie znajd\u0105 Pa\u0144stwo dodatkowo filtry w ramie metalowej &#8211;\u00a0gdzie zalet\u0105 takiego rozwi\u0105zania jest mo\u017cliwo\u015b\u0107 samodzielnej wymiany wk\u0142adu filtracyjnego, oraz obni\u017cenie koszt\u00f3w eksploatacji. Wk\u0142ady dost\u0119pne w atrakcyjnych cenach.\u00a0 Filtr\u00a0jest zamiennikiem. Nazwy urz\u0105dze\u0144, cz\u0119\u015bci i marek zosta\u0142y u\u017cyte w celu identyfikacji produktu.<\/p>\n<p>Poni\u017cej przedstawiamy sprzedawany produkt:<\/p>\n<p><img src=\"https:\/\/pureventfilters.eu\/934-large_default\/filtr-do-salda-rirs-1200h-1200v-eko-30-745x350x46.jpg\" alt=\"Filtr do SALDA RIRS 1200H, 1200V EKO 3.0 (745x350x46)\" \/><\/p>\n","protected":false},"excerpt":{"rendered":"<p>Specyfikacja: Cena wy\u015bwietlana dotyczy 1 szt. filtra\u00a0w wybranej klasie filtracji i ramce Wymiar filtra: 745x350x46mm Klasa filtracji: do wyboru EU5\/M5 oraz EU7 \/ F7 Wk\u0142ad filtra: mata plisowana MiniPleat Ramka: do wyboru kartonowa lub metalowa Filtr kasetowy pasuj\u0105cy do central SALDA: RIRS 1200 HE EKO 3.0 RIRS 1200 HW EKO 3.0 RIRS 1200 HE EKO [&hellip;]<\/p>\n","protected":false},"featured_media":28258,"template":"","meta":[],"_links":{"self":[{"href":"https:\/\/profitstore.pl\/index.php\/wp-json\/wp\/v2\/product\/63229"}],"collection":[{"href":"https:\/\/profitstore.pl\/index.php\/wp-json\/wp\/v2\/product"}],"about":[{"href":"https:\/\/profitstore.pl\/index.php\/wp-json\/wp\/v2\/types\/product"}],"wp:featuredmedia":[{"embeddable":true,"href":"https:\/\/profitstore.pl\/index.php\/wp-json\/wp\/v2\/media\/28258"}],"wp:attachment":[{"href":"https:\/\/profitstore.pl\/index.php\/wp-json\/wp\/v2\/media?parent=63229"}],"curies":[{"name":"wp","href":"https:\/\/api.w.org\/{rel}","templated":true}]}}