{"id":63176,"date":"2023-09-11T07:03:18","date_gmt":"2023-09-11T07:03:18","guid":{"rendered":"https:\/\/profitstore.pl\/index.php\/produkt\/filtr-do-okapu-weglowy-amica-beko-fwk-145\/"},"modified":"2023-09-11T07:03:19","modified_gmt":"2023-09-11T07:03:19","slug":"filtr-do-okapu-weglowy-amica-beko-fwk-145","status":"publish","type":"product","link":"https:\/\/profitstore.pl\/index.php\/produkt\/filtr-do-okapu-weglowy-amica-beko-fwk-145\/","title":{"rendered":"FILTR DO OKAPU W\u0118GLOWY AMICA\/BEKO FWK-145"},"content":{"rendered":"<p>FILTR W\u0118GLOWY DO OKAPU\u00a0 AMICA, BEKO, F.BAYER, PYRAMIS, RESPEKTA, MODEL 145 Filtr w\u0119glowy do okapu z w\u0119glem aktywnym. Wykonany\u00a0z\u00a0wysokiej jako\u015bci cz\u0105steczek w\u0119gla aktywnego, kt\u00f3re gwarantuj\u0105\u00a0najwy\u017cszy stopie\u0144 poch\u0142aniania zanieczyszcze\u0144 i nieprzyjemnych zapach\u00f3w. Idealne dla twojego okapu i domu. \u0141atwy w monta\u017cu. Pocha\u0142ania zapachy. FILTR PRZEZNACZONY JEST DO NAST\u0118PUJ\u0104CYH MODELI OKAP\u00d3W: AMICA: 1160665 OTC 614 BG BEKO 9179183012 CWB6430 F.BAYER KFCP1 PYRAMIS 65099901 ES5 RESPEKTA MIZ2050 PRODUKT POLSKI PRODUKT FABRYCZNIE NOWY\u00a0<\/p>\n<p>Poni\u017cej przedstawiamy sprzedawany produkt:<\/p>\n<p><img src=\"https:\/\/pureventfilters.eu\/780-large_default\/pvf-5087-filtr-do-okapu-weglowy-amicabeko-fwk-145.jpg\" alt=\"FILTR DO OKAPU W\u0118GLOWY AMICA\/BEKO FWK-145\" \/><\/p>\n","protected":false},"excerpt":{"rendered":"<p>FILTR W\u0118GLOWY DO OKAPU\u00a0 AMICA, BEKO, F.BAYER, PYRAMIS, RESPEKTA, MODEL 145 Filtr w\u0119glowy do okapu z w\u0119glem aktywnym. Wykonany\u00a0z\u00a0wysokiej jako\u015bci cz\u0105steczek w\u0119gla aktywnego, kt\u00f3re gwarantuj\u0105\u00a0najwy\u017cszy stopie\u0144 poch\u0142aniania zanieczyszcze\u0144 i nieprzyjemnych zapach\u00f3w. Idealne dla twojego okapu i domu. \u0141atwy w monta\u017cu. Pocha\u0142ania zapachy. FILTR PRZEZNACZONY JEST DO NAST\u0118PUJ\u0104CYH MODELI OKAP\u00d3W: AMICA: 1160665 OTC 614 BG BEKO [&hellip;]<\/p>\n","protected":false},"featured_media":28208,"template":"","meta":[],"_links":{"self":[{"href":"https:\/\/profitstore.pl\/index.php\/wp-json\/wp\/v2\/product\/63176"}],"collection":[{"href":"https:\/\/profitstore.pl\/index.php\/wp-json\/wp\/v2\/product"}],"about":[{"href":"https:\/\/profitstore.pl\/index.php\/wp-json\/wp\/v2\/types\/product"}],"wp:featuredmedia":[{"embeddable":true,"href":"https:\/\/profitstore.pl\/index.php\/wp-json\/wp\/v2\/media\/28208"}],"wp:attachment":[{"href":"https:\/\/profitstore.pl\/index.php\/wp-json\/wp\/v2\/media?parent=63176"}],"curies":[{"name":"wp","href":"https:\/\/api.w.org\/{rel}","templated":true}]}}