{"id":63174,"date":"2023-08-21T17:01:22","date_gmt":"2023-08-21T17:01:22","guid":{"rendered":"https:\/\/profitstore.pl\/index.php\/produkt\/filtr-do-okapu-weglowy-k-11-aged-ag101\/"},"modified":"2023-08-21T17:01:22","modified_gmt":"2023-08-21T17:01:22","slug":"filtr-do-okapu-weglowy-k-11-aged-ag101","status":"publish","type":"product","link":"https:\/\/profitstore.pl\/index.php\/produkt\/filtr-do-okapu-weglowy-k-11-aged-ag101\/","title":{"rendered":"FILTR DO OKAPU W\u0118GLOWY K-11 AGED AG101"},"content":{"rendered":"<p>FILTR W\u0118GLOWY DO OKAPU AGED AG101, MODEL K-11. Filtr w\u0119glowy do okapu z w\u0119glem aktywnym. Wykonany\u00a0z\u00a0wysokiej jako\u015bci cz\u0105steczek w\u0119gla aktywnego, kt\u00f3re gwarantuj\u0105\u00a0najwy\u017cszy stopie\u0144 poch\u0142aniania zanieczyszcze\u0144 i nieprzyjemnych zapach\u00f3w. Idealne dla twojego okapu i domu. \u0141atwy w monta\u017cu. Pocha\u0142ania zapachy. PRODUKT POLSKI PRODUKT FABRYCZNIE NOWY\u00a0<\/p>\n<p>Poni\u017cej przedstawiamy sprzedawany produkt:<\/p>\n<p><img src=\"https:\/\/pureventfilters.eu\/776-large_default\/filtr-do-okapu-weglowy-k-11-aged-ag101.jpg\" alt=\"FILTR DO OKAPU W\u0118GLOWY K-11 AGED AG101\" \/><\/p>\n","protected":false},"excerpt":{"rendered":"<p>FILTR W\u0118GLOWY DO OKAPU AGED AG101, MODEL K-11. Filtr w\u0119glowy do okapu z w\u0119glem aktywnym. Wykonany\u00a0z\u00a0wysokiej jako\u015bci cz\u0105steczek w\u0119gla aktywnego, kt\u00f3re gwarantuj\u0105\u00a0najwy\u017cszy stopie\u0144 poch\u0142aniania zanieczyszcze\u0144 i nieprzyjemnych zapach\u00f3w. Idealne dla twojego okapu i domu. \u0141atwy w monta\u017cu. Pocha\u0142ania zapachy. PRODUKT POLSKI PRODUKT FABRYCZNIE NOWY\u00a0 Poni\u017cej przedstawiamy sprzedawany produkt:<\/p>\n","protected":false},"featured_media":28206,"template":"","meta":[],"_links":{"self":[{"href":"https:\/\/profitstore.pl\/index.php\/wp-json\/wp\/v2\/product\/63174"}],"collection":[{"href":"https:\/\/profitstore.pl\/index.php\/wp-json\/wp\/v2\/product"}],"about":[{"href":"https:\/\/profitstore.pl\/index.php\/wp-json\/wp\/v2\/types\/product"}],"wp:featuredmedia":[{"embeddable":true,"href":"https:\/\/profitstore.pl\/index.php\/wp-json\/wp\/v2\/media\/28206"}],"wp:attachment":[{"href":"https:\/\/profitstore.pl\/index.php\/wp-json\/wp\/v2\/media?parent=63174"}],"curies":[{"name":"wp","href":"https:\/\/api.w.org\/{rel}","templated":true}]}}