{"id":63130,"date":"2023-07-19T07:01:45","date_gmt":"2023-07-19T07:01:45","guid":{"rendered":"https:\/\/profitstore.pl\/index.php\/produkt\/filtr-eu7-do-brink-renovent-excellent-300-400-525x185x25\/"},"modified":"2023-07-19T07:01:45","modified_gmt":"2023-07-19T07:01:45","slug":"filtr-eu7-do-brink-renovent-excellent-300-400-525x185x25","status":"publish","type":"product","link":"https:\/\/profitstore.pl\/index.php\/produkt\/filtr-eu7-do-brink-renovent-excellent-300-400-525x185x25\/","title":{"rendered":"Filtr EU7 do BRINK Renovent Excellent 300\/400 (525x185x25)"},"content":{"rendered":"<p>Komplet 2 filtr\u00f3w kasetowych klasy F7\/EU7 pasuj\u0105cych do centrali wentylacyjnej\u00a0 BRINK RENOVENT: EXCELLENT 300 EXCELLENT 400 Filtry s\u0105 zamiennikami, nazwy producent\u00f3w i marek zosta\u0142y u\u017cyte w celu identyfikacji produktu.<\/p>\n<p>Poni\u017cej przedstawiamy sprzedawany produkt:<\/p>\n<p><img src=\"https:\/\/pureventfilters.eu\/509-large_default\/filtr-eu7-do-brink-renovent-excellent-300400-525x185x25.jpg\" alt=\"Filtr EU7 do BRINK Renovent Excellent 300\/400 (525x185x25)\" \/><\/p>\n","protected":false},"excerpt":{"rendered":"<p>Komplet 2 filtr\u00f3w kasetowych klasy F7\/EU7 pasuj\u0105cych do centrali wentylacyjnej\u00a0 BRINK RENOVENT: EXCELLENT 300 EXCELLENT 400 Filtry s\u0105 zamiennikami, nazwy producent\u00f3w i marek zosta\u0142y u\u017cyte w celu identyfikacji produktu. Poni\u017cej przedstawiamy sprzedawany produkt:<\/p>\n","protected":false},"featured_media":28174,"template":"","meta":[],"_links":{"self":[{"href":"https:\/\/profitstore.pl\/index.php\/wp-json\/wp\/v2\/product\/63130"}],"collection":[{"href":"https:\/\/profitstore.pl\/index.php\/wp-json\/wp\/v2\/product"}],"about":[{"href":"https:\/\/profitstore.pl\/index.php\/wp-json\/wp\/v2\/types\/product"}],"wp:featuredmedia":[{"embeddable":true,"href":"https:\/\/profitstore.pl\/index.php\/wp-json\/wp\/v2\/media\/28174"}],"wp:attachment":[{"href":"https:\/\/profitstore.pl\/index.php\/wp-json\/wp\/v2\/media?parent=63130"}],"curies":[{"name":"wp","href":"https:\/\/api.w.org\/{rel}","templated":true}]}}