{"id":63088,"date":"2024-02-28T08:01:33","date_gmt":"2024-02-28T08:01:33","guid":{"rendered":"https:\/\/profitstore.pl\/index.php\/produkt\/filtr-weglowy-uniwersalny-do-okapu\/"},"modified":"2024-02-28T08:01:35","modified_gmt":"2024-02-28T08:01:35","slug":"filtr-weglowy-uniwersalny-do-okapu","status":"publish","type":"product","link":"https:\/\/profitstore.pl\/index.php\/produkt\/filtr-weglowy-uniwersalny-do-okapu\/","title":{"rendered":"FILTR W\u0118GLOWY UNIWERSALNY  DO OKAPU"},"content":{"rendered":"<p>Uniwersalny filtr\u00a0w\u0119glowy w wymiarach 38\/56 cm, przeznaczony do wi\u0119kszo\u015bci okap\u00f3w kuchennych. W\u0142\u00f3knina napylana w\u0119glem aktywowanym, kt\u00f3ry dzi\u0119ki swoim zdolno\u015bciom poch\u0142aniania wielu\u00a0 lotnych substancji absorbuje powstaj\u0105ce podczas gotowania przykre zapachy kuchenne.\u00a0 Skutecznie oczyszcza pomieszczenie kuchenne z zapach\u00f3w i opar\u00f3w, jakie pojawiaj\u0105 si\u0119 podczas gotowania, pieczenia i sma\u017cenia.\u00a0 Zawarto\u015b\u0107 opakowania:\u00a0\u00a0 \u00a01 filtr w\u0119glowy.<\/p>\n<p>Poni\u017cej przedstawiamy sprzedawany produkt:<\/p>\n<p><img src=\"https:\/\/pureventfilters.eu\/435-large_default\/filtr-weglowy-uniwersalny-do-okapu.jpg\" alt=\"FILTR W\u0118GLOWY UNIWERSALNY  DO OKAPU\" \/><\/p>\n","protected":false},"excerpt":{"rendered":"<p>Uniwersalny filtr\u00a0w\u0119glowy w wymiarach 38\/56 cm, przeznaczony do wi\u0119kszo\u015bci okap\u00f3w kuchennych. W\u0142\u00f3knina napylana w\u0119glem aktywowanym, kt\u00f3ry dzi\u0119ki swoim zdolno\u015bciom poch\u0142aniania wielu\u00a0 lotnych substancji absorbuje powstaj\u0105ce podczas gotowania przykre zapachy kuchenne.\u00a0 Skutecznie oczyszcza pomieszczenie kuchenne z zapach\u00f3w i opar\u00f3w, jakie pojawiaj\u0105 si\u0119 podczas gotowania, pieczenia i sma\u017cenia.\u00a0 Zawarto\u015b\u0107 opakowania:\u00a0\u00a0 \u00a01 filtr w\u0119glowy. Poni\u017cej przedstawiamy sprzedawany produkt:<\/p>\n","protected":false},"featured_media":28136,"template":"","meta":[],"_links":{"self":[{"href":"https:\/\/profitstore.pl\/index.php\/wp-json\/wp\/v2\/product\/63088"}],"collection":[{"href":"https:\/\/profitstore.pl\/index.php\/wp-json\/wp\/v2\/product"}],"about":[{"href":"https:\/\/profitstore.pl\/index.php\/wp-json\/wp\/v2\/types\/product"}],"wp:featuredmedia":[{"embeddable":true,"href":"https:\/\/profitstore.pl\/index.php\/wp-json\/wp\/v2\/media\/28136"}],"wp:attachment":[{"href":"https:\/\/profitstore.pl\/index.php\/wp-json\/wp\/v2\/media?parent=63088"}],"curies":[{"name":"wp","href":"https:\/\/api.w.org\/{rel}","templated":true}]}}