{"id":63087,"date":"2024-02-28T08:01:33","date_gmt":"2024-02-28T08:01:33","guid":{"rendered":"https:\/\/profitstore.pl\/index.php\/produkt\/mata-filtr-do-okapu-uniwersalny\/"},"modified":"2024-02-28T08:01:34","modified_gmt":"2024-02-28T08:01:34","slug":"mata-filtr-do-okapu-uniwersalny","status":"publish","type":"product","link":"https:\/\/profitstore.pl\/index.php\/produkt\/mata-filtr-do-okapu-uniwersalny\/","title":{"rendered":"MATA FILTR DO OKAPU UNIWERSALNY"},"content":{"rendered":"<p>Uniwersalny filtr\u00a0w\u0142\u00f3kninowy w wymiarach 50\/60 cm, przeznaczony do wi\u0119kszo\u015bci okap\u00f3w kuchennych.\u00a0Oczyszcza pomieszczenie kuchenne z zapach\u00f3w i opar\u00f3w, jakie pojawiaj\u0105 si\u0119 podczas gotowania, pieczenia i sma\u017cenia.\u00a0 \u00a0 Zawarto\u015b\u0107 opakowania:\u00a0\u00a0 \u00a01 filtr w\u0142\u00f3kninowy.<\/p>\n<p>Poni\u017cej przedstawiamy sprzedawany produkt:<\/p>\n<p><img src=\"https:\/\/pureventfilters.eu\/433-large_default\/mata-filtr-do-okapu-uniwersalny.jpg\" alt=\"MATA FILTR DO OKAPU UNIWERSALNY\" \/><\/p>\n","protected":false},"excerpt":{"rendered":"<p>Uniwersalny filtr\u00a0w\u0142\u00f3kninowy w wymiarach 50\/60 cm, przeznaczony do wi\u0119kszo\u015bci okap\u00f3w kuchennych.\u00a0Oczyszcza pomieszczenie kuchenne z zapach\u00f3w i opar\u00f3w, jakie pojawiaj\u0105 si\u0119 podczas gotowania, pieczenia i sma\u017cenia.\u00a0 \u00a0 Zawarto\u015b\u0107 opakowania:\u00a0\u00a0 \u00a01 filtr w\u0142\u00f3kninowy. Poni\u017cej przedstawiamy sprzedawany produkt:<\/p>\n","protected":false},"featured_media":71821,"template":"","meta":[],"_links":{"self":[{"href":"https:\/\/profitstore.pl\/index.php\/wp-json\/wp\/v2\/product\/63087"}],"collection":[{"href":"https:\/\/profitstore.pl\/index.php\/wp-json\/wp\/v2\/product"}],"about":[{"href":"https:\/\/profitstore.pl\/index.php\/wp-json\/wp\/v2\/types\/product"}],"wp:featuredmedia":[{"embeddable":true,"href":"https:\/\/profitstore.pl\/index.php\/wp-json\/wp\/v2\/media\/71821"}],"wp:attachment":[{"href":"https:\/\/profitstore.pl\/index.php\/wp-json\/wp\/v2\/media?parent=63087"}],"curies":[{"name":"wp","href":"https:\/\/api.w.org\/{rel}","templated":true}]}}