{"id":63079,"date":"2026-04-20T07:01:48","date_gmt":"2026-04-20T07:01:48","guid":{"rendered":"https:\/\/profitstore.pl\/index.php\/produkt\/wklad-eu5-do-filtrow-komfovent-kompakt-rego-1600-rego-2000-oraz-r\/"},"modified":"2026-04-20T07:01:52","modified_gmt":"2026-04-20T07:01:52","slug":"wklad-eu5-do-filtrow-komfovent-kompakt-rego-1600-rego-2000-oraz-r","status":"publish","type":"product","link":"https:\/\/profitstore.pl\/index.php\/produkt\/wklad-eu5-do-filtrow-komfovent-kompakt-rego-1600-rego-2000-oraz-r\/","title":{"rendered":"Wk\u0142ad EU5 do filtr\u00f3w KOMFOVENT KOMPAKT REGO 1600, REGO 2000 oraz R"},"content":{"rendered":"<p>Wk\u0142ad klasy F5\/EU5 pasuj\u0105cy do filtra\u00a0 kasetowego, do \u00a0centrali wentylacyjnej\u00a0 KOMFOVENT KOMPAKT REGO 1600, REGO 2000 oraz REGO 2500.<\/p>\n<p>Poni\u017cej przedstawiamy sprzedawany produkt:<\/p>\n<p><img src=\"https:\/\/pureventfilters.eu\/425-large_default\/wklad-eu5-do-filtrow-komfovent-kompakt-rego-1600-rego-2000-oraz-rego-2500-800x450x44.jpg\" alt=\"Wk\u0142ad EU5 do filtr\u00f3w KOMFOVENT KOMPAKT REGO 1600, REGO 2000 oraz R\" \/><\/p>\n","protected":false},"excerpt":{"rendered":"<p>Wk\u0142ad klasy F5\/EU5 pasuj\u0105cy do filtra\u00a0 kasetowego, do \u00a0centrali wentylacyjnej\u00a0 KOMFOVENT KOMPAKT REGO 1600, REGO 2000 oraz REGO 2500. Poni\u017cej przedstawiamy sprzedawany produkt:<\/p>\n","protected":false},"featured_media":63080,"template":"","meta":[],"_links":{"self":[{"href":"https:\/\/profitstore.pl\/index.php\/wp-json\/wp\/v2\/product\/63079"}],"collection":[{"href":"https:\/\/profitstore.pl\/index.php\/wp-json\/wp\/v2\/product"}],"about":[{"href":"https:\/\/profitstore.pl\/index.php\/wp-json\/wp\/v2\/types\/product"}],"wp:featuredmedia":[{"embeddable":true,"href":"https:\/\/profitstore.pl\/index.php\/wp-json\/wp\/v2\/media\/63080"}],"wp:attachment":[{"href":"https:\/\/profitstore.pl\/index.php\/wp-json\/wp\/v2\/media?parent=63079"}],"curies":[{"name":"wp","href":"https:\/\/api.w.org\/{rel}","templated":true}]}}