{"id":63074,"date":"2023-07-05T17:00:54","date_gmt":"2023-07-05T17:00:54","guid":{"rendered":"https:\/\/profitstore.pl\/index.php\/produkt\/wklad-eu5-do-filtra-komfovent-kompakt-rego-1200p-versro-r-1200-f\/"},"modified":"2023-07-05T17:00:54","modified_gmt":"2023-07-05T17:00:54","slug":"wklad-eu5-do-filtra-komfovent-kompakt-rego-1200p-versro-r-1200-f","status":"publish","type":"product","link":"https:\/\/profitstore.pl\/index.php\/produkt\/wklad-eu5-do-filtra-komfovent-kompakt-rego-1200p-versro-r-1200-f\/","title":{"rendered":"Wk\u0142ad EU5 do filtra KOMFOVENT KOMPAKT REGO 1200P (VERSRO R 1200 F)"},"content":{"rendered":"<p>Wk\u0142ad do ramek metalowych, kasetowych. Wk\u0142ad klasy F5\/EU5 pasuj\u0105cy do filtr\u00f3w z centrali wentylacyjnej K OMFOVENT KOMPAKT REGO 1200P (VERSRO R 1200 F) .<\/p>\n<p>Poni\u017cej przedstawiamy sprzedawany produkt:<\/p>\n<p><img src=\"https:\/\/pureventfilters.eu\/421-large_default\/wklad-eu5-do-filtra-komfovent-kompakt-rego-1200p-versro-r-1200-f-410x420x44.jpg\" alt=\"Wk\u0142ad EU5 do filtra KOMFOVENT KOMPAKT REGO 1200P (VERSRO R 1200 F)\" \/><\/p>\n","protected":false},"excerpt":{"rendered":"<p>Wk\u0142ad do ramek metalowych, kasetowych. Wk\u0142ad klasy F5\/EU5 pasuj\u0105cy do filtr\u00f3w z centrali wentylacyjnej K OMFOVENT KOMPAKT REGO 1200P (VERSRO R 1200 F) . Poni\u017cej przedstawiamy sprzedawany produkt:<\/p>\n","protected":false},"featured_media":63075,"template":"","meta":[],"_links":{"self":[{"href":"https:\/\/profitstore.pl\/index.php\/wp-json\/wp\/v2\/product\/63074"}],"collection":[{"href":"https:\/\/profitstore.pl\/index.php\/wp-json\/wp\/v2\/product"}],"about":[{"href":"https:\/\/profitstore.pl\/index.php\/wp-json\/wp\/v2\/types\/product"}],"wp:featuredmedia":[{"embeddable":true,"href":"https:\/\/profitstore.pl\/index.php\/wp-json\/wp\/v2\/media\/63075"}],"wp:attachment":[{"href":"https:\/\/profitstore.pl\/index.php\/wp-json\/wp\/v2\/media?parent=63074"}],"curies":[{"name":"wp","href":"https:\/\/api.w.org\/{rel}","templated":true}]}}