{"id":63070,"date":"2026-04-20T07:01:44","date_gmt":"2026-04-20T07:01:44","guid":{"rendered":"https:\/\/profitstore.pl\/index.php\/produkt\/wklad-eu7-do-filtrow-komfovent-kompakt-rego-400-h-oraz-komfovent-d\/"},"modified":"2026-04-20T07:01:47","modified_gmt":"2026-04-20T07:01:47","slug":"wklad-eu7-do-filtrow-komfovent-kompakt-rego-400-h-oraz-komfovent-d","status":"publish","type":"product","link":"https:\/\/profitstore.pl\/index.php\/produkt\/wklad-eu7-do-filtrow-komfovent-kompakt-rego-400-h-oraz-komfovent-d\/","title":{"rendered":"WK\u0141AD EU7 do filtr\u00f3w KOMFOVENT KOMPAKT REGO 400 H oraz KOMFOVENT D"},"content":{"rendered":"<p>Wk\u0142ad do filtra kasetowego klasy F7\/EU7 pasuj\u0105cy do filtr\u00f3w z centrali wentylacyjnej\u00a0 KOMFOVENT KOMPAKT REGO 400 H oraz\u00a0KOMFOVENT DOMEKT CF 500 F.<\/p>\n<p>Poni\u017cej przedstawiamy sprzedawany produkt:<\/p>\n<p><img src=\"https:\/\/pureventfilters.eu\/1463-large_default\/wklad-eu7-do-filtrow-komfovent-kompakt-rego-400-h-oraz-komfovent-domekt-cf-500-f-410x200x44.jpg\" alt=\"WK\u0141AD EU7 do filtr\u00f3w KOMFOVENT KOMPAKT REGO 400 H oraz KOMFOVENT D\" \/><\/p>\n","protected":false},"excerpt":{"rendered":"<p>Wk\u0142ad do filtra kasetowego klasy F7\/EU7 pasuj\u0105cy do filtr\u00f3w z centrali wentylacyjnej\u00a0 KOMFOVENT KOMPAKT REGO 400 H oraz\u00a0KOMFOVENT DOMEKT CF 500 F. Poni\u017cej przedstawiamy sprzedawany produkt:<\/p>\n","protected":false},"featured_media":63071,"template":"","meta":[],"_links":{"self":[{"href":"https:\/\/profitstore.pl\/index.php\/wp-json\/wp\/v2\/product\/63070"}],"collection":[{"href":"https:\/\/profitstore.pl\/index.php\/wp-json\/wp\/v2\/product"}],"about":[{"href":"https:\/\/profitstore.pl\/index.php\/wp-json\/wp\/v2\/types\/product"}],"wp:featuredmedia":[{"embeddable":true,"href":"https:\/\/profitstore.pl\/index.php\/wp-json\/wp\/v2\/media\/63071"}],"wp:attachment":[{"href":"https:\/\/profitstore.pl\/index.php\/wp-json\/wp\/v2\/media?parent=63070"}],"curies":[{"name":"wp","href":"https:\/\/api.w.org\/{rel}","templated":true}]}}