{"id":63061,"date":"2026-04-20T17:01:31","date_gmt":"2026-04-20T17:01:31","guid":{"rendered":"https:\/\/profitstore.pl\/index.php\/produkt\/wklad-eu7-do-filtra-komfovent-domekt-rego-250-p-oraz-400-278x258x44\/"},"modified":"2026-04-20T17:01:33","modified_gmt":"2026-04-20T17:01:33","slug":"wklad-eu7-do-filtra-komfovent-domekt-rego-250-p-oraz-400-278x258x44","status":"publish","type":"product","link":"https:\/\/profitstore.pl\/index.php\/produkt\/wklad-eu7-do-filtra-komfovent-domekt-rego-250-p-oraz-400-278x258x44\/","title":{"rendered":"Wk\u0142ad EU7 do filtra KOMFOVENT DOMEKT REGO 250 P oraz 400 (278x258x44)"},"content":{"rendered":"<p>Wk\u0142ad do filtra kasetowego klasy F7\/EU7 pasuj\u0105cy do filtr\u00f3w w centrali wentylacyjnej\u00a0 KOMFOVENT DOMEKT REGO 250 P oraz 400 P. DOMEKT REGO 250PE DOMEKT REGO 250PW DOMEKT REGO 400PE DOMEKT REGO 400PW DOMEKT-R-250-F DOMEKT-R-400-F \u00a0 \u00a0Nazwy urz\u0105dze\u0144, cz\u0119\u015bci i marek zosta\u0142y u\u017cyte w celu identyfikacji produktu.<\/p>\n<p>Poni\u017cej przedstawiamy sprzedawany produkt:<\/p>\n<p><img src=\"https:\/\/pureventfilters.eu\/4476-large_default\/wklad-eu7-do-filtra-komfovent-domekt-rego-250-p-oraz-400-278x258x44.jpg\" alt=\"Wk\u0142ad EU7 do filtra KOMFOVENT DOMEKT REGO 250 P oraz 400 (278x258x44)\" \/><\/p>\n","protected":false},"excerpt":{"rendered":"<p>Wk\u0142ad do filtra kasetowego klasy F7\/EU7 pasuj\u0105cy do filtr\u00f3w w centrali wentylacyjnej\u00a0 KOMFOVENT DOMEKT REGO 250 P oraz 400 P. DOMEKT REGO 250PE DOMEKT REGO 250PW DOMEKT REGO 400PE DOMEKT REGO 400PW DOMEKT-R-250-F DOMEKT-R-400-F \u00a0 \u00a0Nazwy urz\u0105dze\u0144, cz\u0119\u015bci i marek zosta\u0142y u\u017cyte w celu identyfikacji produktu. Poni\u017cej przedstawiamy sprzedawany produkt:<\/p>\n","protected":false},"featured_media":63062,"template":"","meta":[],"_links":{"self":[{"href":"https:\/\/profitstore.pl\/index.php\/wp-json\/wp\/v2\/product\/63061"}],"collection":[{"href":"https:\/\/profitstore.pl\/index.php\/wp-json\/wp\/v2\/product"}],"about":[{"href":"https:\/\/profitstore.pl\/index.php\/wp-json\/wp\/v2\/types\/product"}],"wp:featuredmedia":[{"embeddable":true,"href":"https:\/\/profitstore.pl\/index.php\/wp-json\/wp\/v2\/media\/63062"}],"wp:attachment":[{"href":"https:\/\/profitstore.pl\/index.php\/wp-json\/wp\/v2\/media?parent=63061"}],"curies":[{"name":"wp","href":"https:\/\/api.w.org\/{rel}","templated":true}]}}