{"id":63048,"date":"2026-05-06T17:01:38","date_gmt":"2026-05-06T17:01:38","guid":{"rendered":"https:\/\/profitstore.pl\/index.php\/produkt\/filtr-do-okapu-weglowy-amica-model-5-otb\/"},"modified":"2026-05-06T17:01:38","modified_gmt":"2026-05-06T17:01:38","slug":"filtr-do-okapu-weglowy-amica-model-5-otb","status":"publish","type":"product","link":"https:\/\/profitstore.pl\/index.php\/produkt\/filtr-do-okapu-weglowy-amica-model-5-otb\/","title":{"rendered":"FILTR DO OKAPU W\u0118GLOWY AMICA MODEL 5\/OTB"},"content":{"rendered":"<p>FILTR W\u0118GLOWY DO OKAPU AMICA &#8211; MODEL 5\/OTB \u00a0Filtr do okapu teleskopowego o szeroko\u015bci 50 cm. OTB 513 typ. filtra 5 OTB Wymiary :Szer.198 mm x d\u0142. 370 mm x Grubo\u015b\u0107 11 mm<\/p>\n<p>Poni\u017cej przedstawiamy sprzedawany produkt:<\/p>\n<p><img src=\"https:\/\/pureventfilters.eu\/372-large_default\/filtr-do-okapuamica.jpg\" alt=\"FILTR DO OKAPU W\u0118GLOWY AMICA MODEL 5\/OTB\" \/><\/p>\n","protected":false},"excerpt":{"rendered":"<p>FILTR W\u0118GLOWY DO OKAPU AMICA &#8211; MODEL 5\/OTB \u00a0Filtr do okapu teleskopowego o szeroko\u015bci 50 cm. OTB 513 typ. filtra 5 OTB Wymiary :Szer.198 mm x d\u0142. 370 mm x Grubo\u015b\u0107 11 mm Poni\u017cej przedstawiamy sprzedawany produkt:<\/p>\n","protected":false},"featured_media":28103,"template":"","meta":[],"_links":{"self":[{"href":"https:\/\/profitstore.pl\/index.php\/wp-json\/wp\/v2\/product\/63048"}],"collection":[{"href":"https:\/\/profitstore.pl\/index.php\/wp-json\/wp\/v2\/product"}],"about":[{"href":"https:\/\/profitstore.pl\/index.php\/wp-json\/wp\/v2\/types\/product"}],"wp:featuredmedia":[{"embeddable":true,"href":"https:\/\/profitstore.pl\/index.php\/wp-json\/wp\/v2\/media\/28103"}],"wp:attachment":[{"href":"https:\/\/profitstore.pl\/index.php\/wp-json\/wp\/v2\/media?parent=63048"}],"curies":[{"name":"wp","href":"https:\/\/api.w.org\/{rel}","templated":true}]}}