{"id":63046,"date":"2026-05-06T17:01:35","date_gmt":"2026-05-06T17:01:35","guid":{"rendered":"https:\/\/profitstore.pl\/index.php\/produkt\/filtr-weglowy-do-okapu-amica-ot-611-612-ciarko-model-fwk-23\/"},"modified":"2026-05-06T17:01:37","modified_gmt":"2026-05-06T17:01:37","slug":"filtr-weglowy-do-okapu-amica-ot-611-612-ciarko-model-fwk-23","status":"publish","type":"product","link":"https:\/\/profitstore.pl\/index.php\/produkt\/filtr-weglowy-do-okapu-amica-ot-611-612-ciarko-model-fwk-23\/","title":{"rendered":"FILTR W\u0118GLOWY DO OKAPU AMICA OT 611 612 CIARKO MODEL FWK 23"},"content":{"rendered":"<p>FILTR W\u0118GLOWY DO OKAPU AMICA- MODEL FWK-23 \u00a0 Pasuje do:\u00a0 AMICA : OTC 611 I OTC 611 W OTC 612 I OTC 612 B;\u00a0 CIARKO : seria SLS \u00a0 Wymiary : \u015arednica ok. 16 cm Grubo\u015b\u0107 ok. 2,2 cm Czas dzia\u0142ania oko\u0142o 6 mc.<\/p>\n<p>Poni\u017cej przedstawiamy sprzedawany produkt:<\/p>\n<p><img src=\"https:\/\/pureventfilters.eu\/368-large_default\/filtr-weglowy-do-okapu-amica-model-fwk-23.jpg\" alt=\"FILTR W\u0118GLOWY DO OKAPU AMICA OT 611 612 CIARKO MODEL FWK 23\" \/><\/p>\n","protected":false},"excerpt":{"rendered":"<p>FILTR W\u0118GLOWY DO OKAPU AMICA- MODEL FWK-23 \u00a0 Pasuje do:\u00a0 AMICA : OTC 611 I OTC 611 W OTC 612 I OTC 612 B;\u00a0 CIARKO : seria SLS \u00a0 Wymiary : \u015arednica ok. 16 cm Grubo\u015b\u0107 ok. 2,2 cm Czas dzia\u0142ania oko\u0142o 6 mc. Poni\u017cej przedstawiamy sprzedawany produkt:<\/p>\n","protected":false},"featured_media":28101,"template":"","meta":[],"_links":{"self":[{"href":"https:\/\/profitstore.pl\/index.php\/wp-json\/wp\/v2\/product\/63046"}],"collection":[{"href":"https:\/\/profitstore.pl\/index.php\/wp-json\/wp\/v2\/product"}],"about":[{"href":"https:\/\/profitstore.pl\/index.php\/wp-json\/wp\/v2\/types\/product"}],"wp:featuredmedia":[{"embeddable":true,"href":"https:\/\/profitstore.pl\/index.php\/wp-json\/wp\/v2\/media\/28101"}],"wp:attachment":[{"href":"https:\/\/profitstore.pl\/index.php\/wp-json\/wp\/v2\/media?parent=63046"}],"curies":[{"name":"wp","href":"https:\/\/api.w.org\/{rel}","templated":true}]}}