{"id":63045,"date":"2023-08-21T17:00:55","date_gmt":"2023-08-21T17:00:55","guid":{"rendered":"https:\/\/profitstore.pl\/index.php\/produkt\/filtr-do-okapu-weglowy-amica-zelmer-mastercook-model-fwk-250\/"},"modified":"2023-08-21T17:00:55","modified_gmt":"2023-08-21T17:00:55","slug":"filtr-do-okapu-weglowy-amica-zelmer-mastercook-model-fwk-250","status":"publish","type":"product","link":"https:\/\/profitstore.pl\/index.php\/produkt\/filtr-do-okapu-weglowy-amica-zelmer-mastercook-model-fwk-250\/","title":{"rendered":"FILTR DO OKAPU W\u0118GLOWY AMICA ZELMER MASTERCOOK MODEL FWK 250"},"content":{"rendered":"<p>FILTR W\u0118GLOWY DO OKAPU AMICA &#8211; MODEL FWK-250 (250X230X10) \u00a0KASETOWY Z W\u0118GLEM AKTYWNYM \u00a0 Pasuje do:\u00a0 AMICA OKC 5661I OKC 651T OKC 651G OKC 621T OKC 6726I OKC 6767 OKC 951T OKC 921T OKC 6112,R OKC 523Gj; ZELMER \u00a0522.60; \u00a0FAGOR\/MASTERCOOK\u00a0WK-TREO 60 (FWCT)\u00a0 \u00a0 Wymiary :\u00a0 D\u0142ugo\u015b\u0107 filtra: \u00a022,8 cm D\u0142ugo\u015b\u0107 filtra z uchwytami:\u00a0 23,6\u00a0cm Szeroko\u015b\u0107 filtra:\u00a0 25\u00a0cm Wysoko\u015b\u0107 filtra: \u00a00,8\u00a0mm<\/p>\n<p>Poni\u017cej przedstawiamy sprzedawany produkt:<\/p>\n<p><img src=\"https:\/\/pureventfilters.eu\/367-large_default\/filtr-do-okapu-weglowy-amica-zelmer-mastercook-model-fwk-250.jpg\" alt=\"FILTR DO OKAPU W\u0118GLOWY AMICA ZELMER MASTERCOOK MODEL FWK 250\" \/><\/p>\n","protected":false},"excerpt":{"rendered":"<p>FILTR W\u0118GLOWY DO OKAPU AMICA &#8211; MODEL FWK-250 (250X230X10) \u00a0KASETOWY Z W\u0118GLEM AKTYWNYM \u00a0 Pasuje do:\u00a0 AMICA OKC 5661I OKC 651T OKC 651G OKC 621T OKC 6726I OKC 6767 OKC 951T OKC 921T OKC 6112,R OKC 523Gj; ZELMER \u00a0522.60; \u00a0FAGOR\/MASTERCOOK\u00a0WK-TREO 60 (FWCT)\u00a0 \u00a0 Wymiary :\u00a0 D\u0142ugo\u015b\u0107 filtra: \u00a022,8 cm D\u0142ugo\u015b\u0107 filtra z uchwytami:\u00a0 23,6\u00a0cm Szeroko\u015b\u0107 [&hellip;]<\/p>\n","protected":false},"featured_media":28100,"template":"","meta":[],"_links":{"self":[{"href":"https:\/\/profitstore.pl\/index.php\/wp-json\/wp\/v2\/product\/63045"}],"collection":[{"href":"https:\/\/profitstore.pl\/index.php\/wp-json\/wp\/v2\/product"}],"about":[{"href":"https:\/\/profitstore.pl\/index.php\/wp-json\/wp\/v2\/types\/product"}],"wp:featuredmedia":[{"embeddable":true,"href":"https:\/\/profitstore.pl\/index.php\/wp-json\/wp\/v2\/media\/28100"}],"wp:attachment":[{"href":"https:\/\/profitstore.pl\/index.php\/wp-json\/wp\/v2\/media?parent=63045"}],"curies":[{"name":"wp","href":"https:\/\/api.w.org\/{rel}","templated":true}]}}