{"id":63043,"date":"2026-05-08T17:00:42","date_gmt":"2026-05-08T17:00:42","guid":{"rendered":"https:\/\/profitstore.pl\/index.php\/produkt\/filtr-do-okapu-weglowy-amica-model-fwk-80-ots-oss-522-622\/"},"modified":"2026-05-08T17:00:43","modified_gmt":"2026-05-08T17:00:43","slug":"filtr-do-okapu-weglowy-amica-model-fwk-80-ots-oss-522-622","status":"publish","type":"product","link":"https:\/\/profitstore.pl\/index.php\/produkt\/filtr-do-okapu-weglowy-amica-model-fwk-80-ots-oss-522-622\/","title":{"rendered":"FILTR DO OKAPU W\u0118GLOWY AMICA MODEL FWK-80 OTS OSS 522 622"},"content":{"rendered":"<p>FILTR W\u0118GLOWY DO OKAPU AMICA MODEL FWK-80.\u00a0 Pasuje do: AMICA OTS-522, OTS-622, OSS-522, OSS-622 Wymiary : \u015arednica filtra : 154mm \u015arednica otworu: 37mm Wysoko\u015b\u0107 filtra: 22mm<\/p>\n<p>Poni\u017cej przedstawiamy sprzedawany produkt:<\/p>\n<p><img src=\"https:\/\/pureventfilters.eu\/363-large_default\/filtr-weglowy-do-okapu-amica-model-fwk-80.jpg\" alt=\"FILTR DO OKAPU W\u0118GLOWY AMICA MODEL FWK-80 OTS OSS 522 622\" \/><\/p>\n","protected":false},"excerpt":{"rendered":"<p>FILTR W\u0118GLOWY DO OKAPU AMICA MODEL FWK-80.\u00a0 Pasuje do: AMICA OTS-522, OTS-622, OSS-522, OSS-622 Wymiary : \u015arednica filtra : 154mm \u015arednica otworu: 37mm Wysoko\u015b\u0107 filtra: 22mm Poni\u017cej przedstawiamy sprzedawany produkt:<\/p>\n","protected":false},"featured_media":28098,"template":"","meta":[],"_links":{"self":[{"href":"https:\/\/profitstore.pl\/index.php\/wp-json\/wp\/v2\/product\/63043"}],"collection":[{"href":"https:\/\/profitstore.pl\/index.php\/wp-json\/wp\/v2\/product"}],"about":[{"href":"https:\/\/profitstore.pl\/index.php\/wp-json\/wp\/v2\/types\/product"}],"wp:featuredmedia":[{"embeddable":true,"href":"https:\/\/profitstore.pl\/index.php\/wp-json\/wp\/v2\/media\/28098"}],"wp:attachment":[{"href":"https:\/\/profitstore.pl\/index.php\/wp-json\/wp\/v2\/media?parent=63043"}],"curies":[{"name":"wp","href":"https:\/\/api.w.org\/{rel}","templated":true}]}}