{"id":62990,"date":"2026-04-23T07:01:15","date_gmt":"2026-04-23T07:01:15","guid":{"rendered":"https:\/\/profitstore.pl\/index.php\/produkt\/filtr-eu7-do-salda-smarty-3xp-4xp-225x195x25\/"},"modified":"2026-04-23T07:01:16","modified_gmt":"2026-04-23T07:01:16","slug":"filtr-eu7-do-salda-smarty-3xp-4xp-225x195x25","status":"publish","type":"product","link":"https:\/\/profitstore.pl\/index.php\/produkt\/filtr-eu7-do-salda-smarty-3xp-4xp-225x195x25\/","title":{"rendered":"Filtr EU7 do SALDA Smarty 3XP 4XP (225x195x25)"},"content":{"rendered":"<p>Filtr kasetowy klasy\u00a0 F7 \/ EU7 pasuj\u0105cych do centrali wentylacyjnej\u00a0 SALDA: Smarty 3XP Smarty 4XP Przed zakupem prosimy o weryfikacj\u0119 wymiar\u00f3w filtr\u00f3w podanych w ofercie z rzeczywistymi wymiarami filtr\u00f3w montowanych w centrali. Filtr\u00a0jest zamiennikiem. Nazwy urz\u0105dze\u0144, cz\u0119\u015bci i marek zosta\u0142y u\u017cyte w celu identyfikacji produktu.<\/p>\n<p>Poni\u017cej przedstawiamy sprzedawany produkt:<\/p>\n<p><img src=\"https:\/\/pureventfilters.eu\/4056-large_default\/filtr-eu7-do-salda-smarty-3xp-4xp-225x195x25.jpg\" alt=\"Filtr EU7 do SALDA Smarty 3XP 4XP (225x195x25)\" \/><\/p>\n","protected":false},"excerpt":{"rendered":"<p>Filtr kasetowy klasy\u00a0 F7 \/ EU7 pasuj\u0105cych do centrali wentylacyjnej\u00a0 SALDA: Smarty 3XP Smarty 4XP Przed zakupem prosimy o weryfikacj\u0119 wymiar\u00f3w filtr\u00f3w podanych w ofercie z rzeczywistymi wymiarami filtr\u00f3w montowanych w centrali. Filtr\u00a0jest zamiennikiem. Nazwy urz\u0105dze\u0144, cz\u0119\u015bci i marek zosta\u0142y u\u017cyte w celu identyfikacji produktu. Poni\u017cej przedstawiamy sprzedawany produkt:<\/p>\n","protected":false},"featured_media":62991,"template":"","meta":[],"_links":{"self":[{"href":"https:\/\/profitstore.pl\/index.php\/wp-json\/wp\/v2\/product\/62990"}],"collection":[{"href":"https:\/\/profitstore.pl\/index.php\/wp-json\/wp\/v2\/product"}],"about":[{"href":"https:\/\/profitstore.pl\/index.php\/wp-json\/wp\/v2\/types\/product"}],"wp:featuredmedia":[{"embeddable":true,"href":"https:\/\/profitstore.pl\/index.php\/wp-json\/wp\/v2\/media\/62991"}],"wp:attachment":[{"href":"https:\/\/profitstore.pl\/index.php\/wp-json\/wp\/v2\/media?parent=62990"}],"curies":[{"name":"wp","href":"https:\/\/api.w.org\/{rel}","templated":true}]}}