{"id":62947,"date":"2026-04-18T17:00:37","date_gmt":"2026-04-18T17:00:37","guid":{"rendered":"https:\/\/profitstore.pl\/index.php\/produkt\/filtr-eu7-do-komfovent-domekt-cf-500f-oraz-domekt-r-400-f-410x200x46\/"},"modified":"2026-04-18T17:00:39","modified_gmt":"2026-04-18T17:00:39","slug":"filtr-eu7-do-komfovent-domekt-cf-500f-oraz-domekt-r-400-f-410x200x46","status":"publish","type":"product","link":"https:\/\/profitstore.pl\/index.php\/produkt\/filtr-eu7-do-komfovent-domekt-cf-500f-oraz-domekt-r-400-f-410x200x46\/","title":{"rendered":"Filtr EU7 do KOMFOVENT DOMEKT CF 500F oraz DOMEKT R 400 F (410x200x46)"},"content":{"rendered":"<p>Filtr kasetowy klasy F7\/EU7 pasuj\u0105cy do centrali wentylacyjnej \u00a0KOMFOVENT: DOMEKT CF 500 F DOMEKT R 400 F DOMEKT RECU 500P CF Filtr kasetowy Wymiary: 410x200x46 Klasa filtracji wg EN 779:2012 : filtracja dok\u0142adna F7 Wk\u0142ad filtra: mata plisowana MiniPleat Prowadzimy sprzeda\u017c filtr\u00f3w w kasecie metalowej gdzie zalet\u0105 takiego rozwi\u0105zania jest mo\u017cliwo\u015b\u0107 samodzielnej wymiany wk\u0142adu filtracyjnego, oraz obni\u017cenie koszt\u00f3w eksploatacji. Wk\u0142ady dost\u0119pne w atrakcyjnych cenach. Filtr\u00a0jest zamiennikiem. Nazwy urz\u0105dze\u0144, cz\u0119\u015bci i marek zosta\u0142y u\u017cyte w celu identyfikacji produktu.<\/p>\n<p>Poni\u017cej przedstawiamy sprzedawany produkt:<\/p>\n<p><img src=\"https:\/\/pureventfilters.eu\/4333-large_default\/filtr-eu7-do-komfovent-domekt-cf-500f-oraz-domekt-r-400-f-410x200x46.jpg\" alt=\"Filtr EU7 do KOMFOVENT DOMEKT CF 500F oraz DOMEKT R 400 F (410x200x46)\" \/><\/p>\n","protected":false},"excerpt":{"rendered":"<p>Filtr kasetowy klasy F7\/EU7 pasuj\u0105cy do centrali wentylacyjnej \u00a0KOMFOVENT: DOMEKT CF 500 F DOMEKT R 400 F DOMEKT RECU 500P CF Filtr kasetowy Wymiary: 410x200x46 Klasa filtracji wg EN 779:2012 : filtracja dok\u0142adna F7 Wk\u0142ad filtra: mata plisowana MiniPleat Prowadzimy sprzeda\u017c filtr\u00f3w w kasecie metalowej gdzie zalet\u0105 takiego rozwi\u0105zania jest mo\u017cliwo\u015b\u0107 samodzielnej wymiany wk\u0142adu filtracyjnego, [&hellip;]<\/p>\n","protected":false},"featured_media":50367,"template":"","meta":[],"_links":{"self":[{"href":"https:\/\/profitstore.pl\/index.php\/wp-json\/wp\/v2\/product\/62947"}],"collection":[{"href":"https:\/\/profitstore.pl\/index.php\/wp-json\/wp\/v2\/product"}],"about":[{"href":"https:\/\/profitstore.pl\/index.php\/wp-json\/wp\/v2\/types\/product"}],"wp:featuredmedia":[{"embeddable":true,"href":"https:\/\/profitstore.pl\/index.php\/wp-json\/wp\/v2\/media\/50367"}],"wp:attachment":[{"href":"https:\/\/profitstore.pl\/index.php\/wp-json\/wp\/v2\/media?parent=62947"}],"curies":[{"name":"wp","href":"https:\/\/api.w.org\/{rel}","templated":true}]}}