{"id":62899,"date":"2023-07-18T17:00:22","date_gmt":"2023-07-18T17:00:22","guid":{"rendered":"https:\/\/profitstore.pl\/index.php\/produkt\/filtr-eu4-do-juwent-typu-rgs-2000-i-rgs-5-880x500x25\/"},"modified":"2023-07-18T17:00:26","modified_gmt":"2023-07-18T17:00:26","slug":"filtr-eu4-do-juwent-typu-rgs-2000-i-rgs-5-880x500x25","status":"publish","type":"product","link":"https:\/\/profitstore.pl\/index.php\/produkt\/filtr-eu4-do-juwent-typu-rgs-2000-i-rgs-5-880x500x25\/","title":{"rendered":"Filtr EU4 do JUWENT typu RGS-2000 i RGS-5 (880x500x25)"},"content":{"rendered":"<p>Komplet 2 filtr\u00f3w kasetowych. Filtry wykonane s\u0105 w ramce stalowej ocynkowanej. Wk\u0142ad filtra z maty o klasie filtracji G4\/EU4 z siatk\u0105 wzmacniaj\u0105c\u0105. Filtry s\u0105 zamiennikami, nazwa producenta zosta\u0142a u\u017cyta jedynie w celu identyfikacji produktu.<\/p>\n<p>Poni\u017cej przedstawiamy sprzedawany produkt:<\/p>\n<p><img src=\"https:\/\/pureventfilters.eu\/152-large_default\/filtr-eu4-do-juwent-typu-rgs-2000-i-rgs-5-880x500x25.jpg\" alt=\"Filtr EU4 do JUWENT typu RGS-2000 i RGS-5 (880x500x25)\" \/><\/p>\n","protected":false},"excerpt":{"rendered":"<p>Komplet 2 filtr\u00f3w kasetowych. Filtry wykonane s\u0105 w ramce stalowej ocynkowanej. Wk\u0142ad filtra z maty o klasie filtracji G4\/EU4 z siatk\u0105 wzmacniaj\u0105c\u0105. Filtry s\u0105 zamiennikami, nazwa producenta zosta\u0142a u\u017cyta jedynie w celu identyfikacji produktu. Poni\u017cej przedstawiamy sprzedawany produkt:<\/p>\n","protected":false},"featured_media":27878,"template":"","meta":[],"_links":{"self":[{"href":"https:\/\/profitstore.pl\/index.php\/wp-json\/wp\/v2\/product\/62899"}],"collection":[{"href":"https:\/\/profitstore.pl\/index.php\/wp-json\/wp\/v2\/product"}],"about":[{"href":"https:\/\/profitstore.pl\/index.php\/wp-json\/wp\/v2\/types\/product"}],"wp:featuredmedia":[{"embeddable":true,"href":"https:\/\/profitstore.pl\/index.php\/wp-json\/wp\/v2\/media\/27878"}],"wp:attachment":[{"href":"https:\/\/profitstore.pl\/index.php\/wp-json\/wp\/v2\/media?parent=62899"}],"curies":[{"name":"wp","href":"https:\/\/api.w.org\/{rel}","templated":true}]}}