{"id":62893,"date":"2026-04-20T07:00:37","date_gmt":"2026-04-20T07:00:37","guid":{"rendered":"https:\/\/profitstore.pl\/index.php\/produkt\/filtr-eu7-do-vts-vs-55-120-230-650-592x592x600\/"},"modified":"2026-04-20T07:00:38","modified_gmt":"2026-04-20T07:00:38","slug":"filtr-eu7-do-vts-vs-55-120-230-650-592x592x600","status":"publish","type":"product","link":"https:\/\/profitstore.pl\/index.php\/produkt\/filtr-eu7-do-vts-vs-55-120-230-650-592x592x600\/","title":{"rendered":"Filtr EU7 do VTS VS 55\/120\/230\/650 (592x592x600)"},"content":{"rendered":"<p>Filtr\u00a0 kieszeniowy \u00a0klasy F7 \/ EU7 \u00a0o wymiarach \u00a0592x592x600 \u00a0mm\u00a0w\u00a0ramce metalowej pasuj\u0105cy do central\u00a0 VTS : VS 55 VS 120 VS 230 VS 650 Filtry s\u0105 zamiennikami, nazwy producent\u00f3w i marek zosta\u0142y u\u017cyte w celu identyfikacji produktu.<\/p>\n<p>Poni\u017cej przedstawiamy sprzedawany produkt:<\/p>\n<p><img src=\"https:\/\/pureventfilters.eu\/4001-large_default\/filtr-eu7-do-vts-vs-55120230650-592x592x600.jpg\" alt=\"Filtr EU7 do VTS VS 55\/120\/230\/650 (592x592x600)\" \/><\/p>\n","protected":false},"excerpt":{"rendered":"<p>Filtr\u00a0 kieszeniowy \u00a0klasy F7 \/ EU7 \u00a0o wymiarach \u00a0592x592x600 \u00a0mm\u00a0w\u00a0ramce metalowej pasuj\u0105cy do central\u00a0 VTS : VS 55 VS 120 VS 230 VS 650 Filtry s\u0105 zamiennikami, nazwy producent\u00f3w i marek zosta\u0142y u\u017cyte w celu identyfikacji produktu. Poni\u017cej przedstawiamy sprzedawany produkt:<\/p>\n","protected":false},"featured_media":27866,"template":"","meta":[],"_links":{"self":[{"href":"https:\/\/profitstore.pl\/index.php\/wp-json\/wp\/v2\/product\/62893"}],"collection":[{"href":"https:\/\/profitstore.pl\/index.php\/wp-json\/wp\/v2\/product"}],"about":[{"href":"https:\/\/profitstore.pl\/index.php\/wp-json\/wp\/v2\/types\/product"}],"wp:featuredmedia":[{"embeddable":true,"href":"https:\/\/profitstore.pl\/index.php\/wp-json\/wp\/v2\/media\/27866"}],"wp:attachment":[{"href":"https:\/\/profitstore.pl\/index.php\/wp-json\/wp\/v2\/media?parent=62893"}],"curies":[{"name":"wp","href":"https:\/\/api.w.org\/{rel}","templated":true}]}}