{"id":62891,"date":"2026-04-18T17:00:18","date_gmt":"2026-04-18T17:00:18","guid":{"rendered":"https:\/\/profitstore.pl\/index.php\/produkt\/filtr-eu5-do-juwent-typu-csk-csn-287x592x500\/"},"modified":"2026-04-18T17:00:19","modified_gmt":"2026-04-18T17:00:19","slug":"filtr-eu5-do-juwent-typu-csk-csn-287x592x500","status":"publish","type":"product","link":"https:\/\/profitstore.pl\/index.php\/produkt\/filtr-eu5-do-juwent-typu-csk-csn-287x592x500\/","title":{"rendered":"Filtr EU5 do JUWENT typu CSK, CSN (287x592x500)"},"content":{"rendered":"<p>Cena dotyczy 1szt. filtra.\u00a0Filtr kieszeniowy klasy\u00a0 M5 \/ EU5 \u00a0 o wymiarach \u00a0287x592x500 \u00a0mm\u00a0do centrali\u00a0 JUWENT: JUWENT CSK: 15, 20, 30, 50, 60, 75, 105, 120, 140, JUWENT CSN: 25, 35, 50, 70, 110, 125. Przed zakupem prosimy o weryfikacj\u0119 wymiar\u00f3w filtr\u00f3w podanych w ofercie z rzeczywistymi wymiarami filtr\u00f3w montowanych w centrali. Produkt jest zamiennikiem. Nazwy urz\u0105dze\u0144, cz\u0119\u015bci i marek zosta\u0142y u\u017cyte w celu identyfikacji produktu.<\/p>\n<p>Poni\u017cej przedstawiamy sprzedawany produkt:<\/p>\n<p><img src=\"https:\/\/pureventfilters.eu\/3995-large_default\/filtr-eu5-do-juwent-typu-csk-csn-287x592x500.jpg\" alt=\"Filtr EU5 do JUWENT typu CSK, CSN (287x592x500)\" \/><\/p>\n","protected":false},"excerpt":{"rendered":"<p>Cena dotyczy 1szt. filtra.\u00a0Filtr kieszeniowy klasy\u00a0 M5 \/ EU5 \u00a0 o wymiarach \u00a0287x592x500 \u00a0mm\u00a0do centrali\u00a0 JUWENT: JUWENT CSK: 15, 20, 30, 50, 60, 75, 105, 120, 140, JUWENT CSN: 25, 35, 50, 70, 110, 125. Przed zakupem prosimy o weryfikacj\u0119 wymiar\u00f3w filtr\u00f3w podanych w ofercie z rzeczywistymi wymiarami filtr\u00f3w montowanych w centrali. Produkt jest zamiennikiem. [&hellip;]<\/p>\n","protected":false},"featured_media":27862,"template":"","meta":[],"_links":{"self":[{"href":"https:\/\/profitstore.pl\/index.php\/wp-json\/wp\/v2\/product\/62891"}],"collection":[{"href":"https:\/\/profitstore.pl\/index.php\/wp-json\/wp\/v2\/product"}],"about":[{"href":"https:\/\/profitstore.pl\/index.php\/wp-json\/wp\/v2\/types\/product"}],"wp:featuredmedia":[{"embeddable":true,"href":"https:\/\/profitstore.pl\/index.php\/wp-json\/wp\/v2\/media\/27862"}],"wp:attachment":[{"href":"https:\/\/profitstore.pl\/index.php\/wp-json\/wp\/v2\/media?parent=62891"}],"curies":[{"name":"wp","href":"https:\/\/api.w.org\/{rel}","templated":true}]}}