{"id":582,"date":"2021-04-24T06:26:39","date_gmt":"2021-04-24T06:26:39","guid":{"rendered":"https:\/\/profitstore.pl\/index.php\/produkt\/import-placeholder-for-1109\/"},"modified":"2021-04-24T06:26:39","modified_gmt":"2021-04-24T06:26:39","slug":"nowoczesne-lozko-tapicerowane-flamenco","status":"publish","type":"product","link":"https:\/\/profitstore.pl\/index.php\/produkt\/nowoczesne-lozko-tapicerowane-flamenco\/","title":{"rendered":"Nowoczesne \u0142\u00f3\u017cko tapicerowane  FLAMENCO"},"content":{"rendered":"<div id=\"productDescription\" class=\"content\">\n<div id=\"productDescription\" class=\"content\">\n<p>LUXUSOWE EKSKLUZYWNE NOWOCZESNE\u00a0 SYPIALNIE.<\/p>\n<p style=\"text-align: left;\">Wyj\u0105tkowa kolekcja solidnych, praktycznych a przy tym\u00a0 pe\u0142nych uroku\u00a0nowoczesnych \u0142\u00f3\u017cek.<\/p>\n<p style=\"text-align: left;\">Styl oraz elegancja\u00a0 to cechy charakterystyczne naszych modeli.<\/p>\n<p style=\"text-align: left;\">Cechuje je wzornictwo\u00a0 na najwy\u017cszym poziomie, przeznaczone s\u0105 dla os\u00f3b,<\/p>\n<p style=\"text-align: left;\">kt\u00f3re ceni\u0105 sobie wygod\u0119 .<\/p>\n<p style=\"text-align: left;\"><img src=\"https:\/\/tapicerowane-lozka.pl\/files\/flamenco3d.gif\" alt=\"design3d\" \/><\/p>\n<p style=\"text-align: left;\">\u0141\u00d3\u017bKO FLAMENCO\u00a0 MA NIEZWYK\u0141\u0104 LINI\u0118 BOCZN\u0104, WYKONAN\u0104 Z DREWNA,<\/p>\n<p style=\"text-align: left;\">P\u0141YTY MEBLOWEJ ORAZ POKRYTA JEST MI\u0118KK\u0104 PIANK\u0104 TAPICERSK\u0104<\/p>\n<p style=\"text-align: left;\">WRAZ Z OPARCIEM .<\/p>\n<p style=\"text-align: left;\">\u0141\u00d3\u017bKO JEST PODWY\u017bSZONE DO WYSOKO\u015aCI 42 CM, JEST BARDZO WYGODNE<\/p>\n<p style=\"text-align: left;\">ORAZ\u00a0 PI\u0118KNE I MASYWNE.<\/p>\n<p style=\"text-align: left;\"><img src=\"https:\/\/tapicerowane-lozka.pl\/files\/f2m-lozko.jpg\" alt=\"\u00c5\u0082\u00c3\u00b3\u00c5\u00bcko flamenco sk\u00c3\u00b3ra ekologiczna\" \/><\/p>\n<p>&nbsp;<\/p>\n<p style=\"text-align: left;\">\u0141\u00f3\u017cko wykonane jest w ca\u0142o\u015bci ze sk\u00f3ry ekologicznej<\/p>\n<p style=\"text-align: left;\">Zestaw zawiera masywny stela\u017c dostosowany do ka\u017cdego rodzaju materaca oraz dodatkowe nogi od spodu .<\/p>\n<p style=\"text-align: left;\">Nogi \u0142\u00f3\u017cka wykonane ze stali chromowanej .<\/p>\n<p style=\"text-align: left;\">WSZELKICH PORAD UDZIELAMY POD NUMEREM TELEFONU 600 335 659<\/p>\n<p style=\"text-align: left;\"><img src=\"https:\/\/tapicerowane-lozka.pl\/files\/f-m140-lozko.jpg\" alt=\"\u00c5\u0082\u00c3\u00b3\u00c5\u00bcko lozko flamenco 140x200 cm\" \/><\/p>\n<p><img src=\"https:\/\/tapicerowane-lozka.pl\/files\/f-m160-lozko.jpg\" alt=\"\u00c5\u0082\u00c3\u00b3\u00c5\u00bcko flamenco 160x200 cm\" \/><\/p>\n<p><img src=\"https:\/\/tapicerowane-lozka.pl\/files\/f-m180-lozko.jpg\" alt=\"\u00c5\u0082\u00c3\u00b3\u00c5\u00bcko flamenco 180x200 cm\" \/><\/p>\n<p><img src=\"https:\/\/tapicerowane-lozka.pl\/files\/f-m200-lozko.jpg\" alt=\"\u00c5\u0082\u00c3\u00b3\u00c5\u00bcko flamenco 200x200 cm\" \/><\/p>\n<p><img src=\"https:\/\/tapicerowane-lozka.pl\/files\/f-m220-lozko.jpg\" alt=\"\u00c5\u0082\u00c3\u00b3\u00c5\u00bcko flamenco 200x200 cm\" \/><\/p>\n<p style=\"text-align: left;\"><strong>Gwarancja &#8211; 24 msc.<br \/>\n<\/strong><\/p>\n<p style=\"text-align: left;\"><strong>CZAS REALIZACJI\u00a0 14 &#8211; 21 DNI ROBOCZYCH <\/strong><\/p>\n<p style=\"text-align: left;\"><strong>\u0141\u00f3zko\u00a0 bez materaca , materace oraz stoliki nocne mo\u017cna zakupi\u0107 w naszym sklepie.<br \/>\n<\/strong><\/p>\n<p style=\"text-align: left;\"><strong>Kolorystyka dowolna wed\u0142ug\u00a0 przedstawionych pr\u00f3bnik\u00f3w .<\/strong><\/p>\n<p><img src=\"https:\/\/www.aismeble.pl\/img\/cms\/tkaniny\/probnikekt.jpg\" \/><\/p>\n<p>&nbsp;<\/p>\n<p style=\"text-align: left;\">\u00a0<img src=\"https:\/\/a.allegroimg.com\/original\/033075\/ada5b4684d1994be583fd23a0101\" \/><\/p>\n<p style=\"text-align: left;\"><span style=\"color: #000000;\"><span style=\"font-family: verdana,geneva,sans-serif;\"><span style=\"font-size: 12px;\">Po z\u0142o\u017ceniu zam\u00f3wienia prosz\u0119 okre\u015bli\u0107 kolor z kt\u00f3rej ma by\u0107 wykonany mebel.<\/span><\/span><\/span><\/p>\n<p style=\"text-align: left;\"><span style=\"color: #000000;\"><span style=\"font-family: verdana,geneva,sans-serif;\"><span style=\"font-size: 12px;\">Na \u017cyczenie wysy\u0142amy pr\u00f3bki tkanin w celu weryfikacji koloru tkaniny (podane kolory na monitorze mog\u0105 nieznacznie r\u00f3\u017cni\u0107 si\u0119 od rzeczywistych).<\/span>\u00a0<\/span><\/span><\/p>\n<p><span style=\"color: #000000;\"><span style=\"font-family: verdana,geneva,sans-serif;\"> Instrukcja monta\u017cu oraz elementy monta\u017cowe do\u0142\u0105czone w komplecie z \u0142\u00f3\u017ckiem<\/span><\/span><\/p>\n<\/div>\n<\/div>\n","protected":false},"excerpt":{"rendered":"<p>LUXUSOWE EKSKLUZYWNE NOWOCZESNE\u00a0 SYPIALNIE. Wyj\u0105tkowa kolekcja solidnych, praktycznych a przy tym\u00a0 pe\u0142nych uroku\u00a0nowoczesnych \u0142\u00f3\u017cek. Styl oraz elegancja\u00a0 to cechy charakterystyczne naszych modeli. Cechuje je wzornictwo\u00a0 na najwy\u017cszym poziomie, przeznaczone s\u0105 dla os\u00f3b, kt\u00f3re ceni\u0105 sobie wygod\u0119 . \u0141\u00d3\u017bKO FLAMENCO\u00a0 MA NIEZWYK\u0141\u0104 LINI\u0118 BOCZN\u0104, WYKONAN\u0104 Z DREWNA, P\u0141YTY MEBLOWEJ ORAZ POKRYTA JEST MI\u0118KK\u0104 PIANK\u0104 TAPICERSK\u0104 WRAZ [&hellip;]<\/p>\n","protected":false},"featured_media":0,"template":"","meta":[],"_links":{"self":[{"href":"https:\/\/profitstore.pl\/index.php\/wp-json\/wp\/v2\/product\/582"}],"collection":[{"href":"https:\/\/profitstore.pl\/index.php\/wp-json\/wp\/v2\/product"}],"about":[{"href":"https:\/\/profitstore.pl\/index.php\/wp-json\/wp\/v2\/types\/product"}],"wp:attachment":[{"href":"https:\/\/profitstore.pl\/index.php\/wp-json\/wp\/v2\/media?parent=582"}],"curies":[{"name":"wp","href":"https:\/\/api.w.org\/{rel}","templated":true}]}}