{"id":571,"date":"2021-09-21T06:27:53","date_gmt":"2021-09-21T06:27:53","guid":{"rendered":"https:\/\/profitstore.pl\/index.php\/produkt\/import-placeholder-for-1097\/"},"modified":"2021-09-21T06:27:59","modified_gmt":"2021-09-21T06:27:59","slug":"lozko-tapicerowane-angel-z-krysztalkami-swarovskiego","status":"publish","type":"product","link":"https:\/\/profitstore.pl\/index.php\/produkt\/lozko-tapicerowane-angel-z-krysztalkami-swarovskiego\/","title":{"rendered":"\u0141\u00f3\u017cko tapicerowane ANGEL z kryszta\u0142kami  SWAROVSKIEGO"},"content":{"rendered":"<div class=\"content\"><strong>\u00a0 \u00a0 \u00a0 \u00a0 \u00a0 \u00a0 \u00a0 \u00a0 \u00a0 \u00a0 \u00a0 \u00a0 \u00a0 \u00a0 \u00a0 \u00a0 \u00a0 \u00a0 \u00a0ANGEL Z KRYSZTA\u0141KAMI SWAROVSKIEGO<\/strong><\/div>\n<div class=\"content\"><\/div>\n<div class=\"content\">\u00a0 Ca\u0142e\u00a0<strong>\u0142\u00f3\u017cko\u00a0<\/strong>\u00a0wykonane jest ze sk\u00f3ry ekologicznej lub wed\u0142ug \u017cyczenia klienta\u00a0 z tkaniny .<\/div>\n<div class=\"content\">\u00a0<strong>\u0141\u00f3\u017cka<\/strong>\u00a0wykonywane s\u0105 od podstaw przez wykwalifikowanych pracownik\u00f3w naszej firmy produkowane w Polsce.<\/div>\n<div class=\"content\"><strong>SYPIALNIA PI\u0118KNIE ZDOBIONA KRYSZTA\u0141KAMI SWAROVSKIEGO<\/strong><\/div>\n<div id=\"productDescription\" class=\"content\">\n<p><img style=\"border: 0px; cursor: default;\" src=\"http:\/\/www.tapicerowane-lozka.pl\/files\/mangel3.jpg?t=1479591279950\" alt=\"\" \/><\/p>\n<p><img loading=\"lazy\" style=\"border: 0px; cursor: default;\" src=\"http:\/\/www.tapicerowane-lozka.pl\/files\/mangel.jpg\" alt=\"\u0142\u00f3\u017cko Angel z krszta\u0142kami Swarovski sk\u00f3ra ekologiczna\" width=\"877\" height=\"493\" \/><\/p>\n<p><img style=\"border: 0px; cursor: default;\" src=\"http:\/\/www.tapicerowane-lozka.pl\/files\/angel3d.gif\" alt=\"design3d\" \/><\/p>\n<p>Zestaw zawiera masywny\u00a0<strong>stela\u017c<\/strong>\u00a0dopasowany do ka\u017cdego<strong>\u00a0materaca<\/strong>\u00a0.<\/p>\n<p><img src=\"http:\/\/projekty.rankhouse.pl\/aismeble\/img\/cms\/stela%C5%BCz.jpg\" \/><\/p>\n<p>N\u00f3\u017cki do\u00a0<strong>\u0142\u00f3\u017cka<\/strong>\u00a0wykonane ze stali chromowanej .<\/p>\n<p><strong>\u00a0<\/strong><\/p>\n<p><strong>\u00a0<\/strong><\/p>\n<p><strong>WSZELKICH PORAD UDZIELAMY POD NUMEREM TELEFONU ; 600 335 659<\/strong><\/p>\n<p><strong>-\u0141\u00f3\u017cko pod materac 120<\/strong><strong>\u00a0x 200<\/strong><\/p>\n<p>WYMIARY:<\/p>\n<p>SZEROKO\u015a\u0106 &#8211; 180 CM<\/p>\n<p>D\u0141UGO\u015a\u0106 &#8211; 245 CM<\/p>\n<p>WYSOKO\u015a\u0106 &#8211; 115 CM<\/p>\n<p style=\"margin: 0px; padding: 0px 0px 10px; border: 0px; color: #666666; font-family: Verdana, Arial, sans-serif; font-size: 12.996px;\"><strong style=\"color: #000000; font-family: Verdana, Arial, Helvetica, sans-serif; font-size: 12px;\">-\u0141\u00f3\u017cko pod materac 140<\/strong><strong style=\"color: #000000; font-family: Verdana, Arial, Helvetica, sans-serif; font-size: 12px;\">\u00a0x 200<\/strong><\/p>\n<p style=\"margin: 0px; padding: 0px 0px 10px; border: 0px; color: #666666; font-family: Verdana, Arial, sans-serif; font-size: 12.996px;\"><img loading=\"lazy\" style=\"margin: 0px; padding: 0px; border: 0px;\" src=\"http:\/\/www.tapicerowane-lozka.pl\/files\/m140angel.jpg\" alt=\"\u0142\u00f3\u017cko lozko Angel 140x200 cm\" width=\"620\" height=\"345\" \/><\/p>\n<p><strong>-\u0141\u00f3\u017cko pod materac 140<\/strong><strong>\u00a0x 220<\/strong><\/p>\n<p>WYMIARY:<\/p>\n<p>SZEROKO\u015a\u0106 &#8211; 200 CM<\/p>\n<p>D\u0141UGO\u015a\u0106 &#8211; 265 CM<\/p>\n<p>WYSOKO\u015a\u0106 &#8211; 115 CM<\/p>\n<p style=\"margin: 0px; padding: 0px 0px 10px; border: 0px; color: #666666; font-family: Verdana, Arial, sans-serif; font-size: 12.996px;\"><strong style=\"color: #000000; font-family: Verdana, Arial, Helvetica, sans-serif; font-size: 12px;\">-\u0141\u00f3\u017cko pod materac 160<\/strong><strong style=\"color: #000000; font-family: Verdana, Arial, Helvetica, sans-serif; font-size: 12px;\">\u00a0x 200<\/strong><\/p>\n<p style=\"margin: 0px; padding: 0px 0px 10px; border: 0px; color: #666666; font-family: Verdana, Arial, sans-serif; font-size: 12.996px;\"><img loading=\"lazy\" style=\"margin: 0px; padding: 0px; border: 0px;\" src=\"http:\/\/www.tapicerowane-lozka.pl\/files\/m160angel.jpg\" alt=\"\u0142\u00f3\u017cko Angel 160x200 cm\" width=\"620\" height=\"345\" \/><\/p>\n<p><strong>-\u0141\u00f3\u017cko pod materac 160<\/strong><strong>\u00a0x 220<\/strong><\/p>\n<p>WYMIARY:<\/p>\n<p>SZEROKO\u015a\u0106 &#8211; 220 CM<\/p>\n<p>D\u0141UGO\u015a\u0106 &#8211; 265 CM<\/p>\n<p>WYSOKO\u015a\u0106 &#8211; 115 CM<\/p>\n<p style=\"margin: 0px; padding: 0px 0px 10px; border: 0px; color: #666666; font-family: Verdana, Arial, sans-serif; font-size: 12.996px;\"><strong style=\"color: #000000; font-family: Verdana, Arial, Helvetica, sans-serif; font-size: 12px;\">-\u0141\u00f3\u017cko pod materac 180<\/strong><strong style=\"color: #000000; font-family: Verdana, Arial, Helvetica, sans-serif; font-size: 12px;\">\u00a0x 200<\/strong><\/p>\n<p style=\"margin: 0px; padding: 0px 0px 10px; border: 0px; color: #666666; font-family: Verdana, Arial, sans-serif; font-size: 12.996px;\"><img loading=\"lazy\" style=\"margin: 0px; padding: 0px; border: 0px;\" src=\"http:\/\/www.tapicerowane-lozka.pl\/files\/m180angel.jpg\" alt=\"\u0142\u00f3\u017cko Angel cm\" width=\"620\" height=\"345\" \/><\/p>\n<p><strong>-\u0141\u00f3\u017cko pod materac 180<\/strong><strong>\u00a0x 220<\/strong><\/p>\n<p>WYMIARY:<\/p>\n<p>SZEROKO\u015a\u0106 &#8211; 240 CM<\/p>\n<p>D\u0141UGO\u015a\u0106 &#8211; 265 CM<\/p>\n<p>WYSOKO\u015a\u0106 &#8211; 115 CM<\/p>\n<p style=\"margin: 0px; padding: 0px 0px 10px; border: 0px; color: #666666; font-family: Verdana, Arial, sans-serif; font-size: 12.996px;\"><strong style=\"color: #000000; font-family: Verdana, Arial, Helvetica, sans-serif; font-size: 12px;\">-\u0141\u00f3\u017cko pod materac 200<\/strong><strong style=\"color: #000000; font-family: Verdana, Arial, Helvetica, sans-serif; font-size: 12px;\">\u00a0x 200<\/strong><\/p>\n<p style=\"margin: 0px; padding: 0px 0px 10px; border: 0px; color: #666666; font-family: Verdana, Arial, sans-serif; font-size: 12.996px;\"><img loading=\"lazy\" style=\"margin: 0px; padding: 0px; border: 0px;\" src=\"http:\/\/www.tapicerowane-lozka.pl\/files\/m200angel.jpg\" alt=\"\u0142\u00f3\u017cko Angel 200x200 cm\" width=\"620\" height=\"345\" \/><\/p>\n<p style=\"margin: 0px; padding: 0px 0px 10px; border: 0px; color: #666666; font-family: Verdana, Arial, sans-serif; font-size: 12.996px;\"><strong style=\"color: #000000; font-family: Verdana, Arial, Helvetica, sans-serif; font-size: 12px;\">-\u0141\u00f3\u017cko pod materac 200<\/strong><strong style=\"color: #000000; font-family: Verdana, Arial, Helvetica, sans-serif; font-size: 12px;\">\u00a0x 220<\/strong><\/p>\n<p style=\"margin: 0px; padding: 0px 0px 10px; border: 0px; color: #666666; font-family: Verdana, Arial, sans-serif; font-size: 12.996px;\"><img loading=\"lazy\" style=\"margin: 0px; padding: 0px; border: 0px;\" src=\"http:\/\/www.tapicerowane-lozka.pl\/files\/m220angel.jpg\" alt=\"\u0142\u00f3\u017cko Angel 200x220 cm\" width=\"620\" height=\"345\" \/><\/p>\n<p><strong>Gwarancja &#8211; 24 msc.<br \/>\n<\/strong><\/p>\n<p><strong>CZAS REALIZACJI \u00a0DO\u00a0<\/strong><strong>14 \u00a0DNI ROBOCZYCH<\/strong><\/p>\n<p><strong style=\"color: #222222; font-family: Arial, Helvetica, sans-serif; font-size: 14.0747px;\">\u0141\u00f3\u017cko\u00a0 bez materaca i stolik\u00f3w. materac i stoliki mo\u017cna zakupi\u0107 w naszym sklepie.<\/strong><\/p>\n<p>Po z\u0142o\u017ceniu zam\u00f3wienia prosz\u0119 okre\u015bli\u0107 kolor i rodzaj materia\u0142u, z kt\u00f3rego ma by\u0107 wykonany\u00a0<strong style=\"font-family: verdana, geneva, sans-serif;\">mebel.<\/strong><\/p>\n<p>DO WYBORU SK\u00d3RA EKOLOGICZNA LUB TKANINA W TEJ SAMEJ CENIE<\/p>\n<p><img src=\"https:\/\/marcusmeble.pl\/wp-content\/uploads\/2020\/07\/meble-kolory-probnik.jpg\" \/><\/p>\n<p>Na \u017cyczenie wysy\u0142amy pr\u00f3bki tkanin w celu weryfikacji koloru tkaniny (podane kolory na monitorze mog\u0105 nieznacznie r\u00f3\u017cni\u0107 si\u0119 od rzeczywistych).<\/p>\n<p>Instrukcja monta\u017cu oraz elementy monta\u017cowe do\u0142\u0105czone w komplecie z<strong>\u00a0\u0142\u00f3\u017ckiem<\/strong>.<\/p>\n<\/div>\n","protected":false},"excerpt":{"rendered":"<p>\u00a0 \u00a0 \u00a0 \u00a0 \u00a0 \u00a0 \u00a0 \u00a0 \u00a0 \u00a0 \u00a0 \u00a0 \u00a0 \u00a0 \u00a0 \u00a0 \u00a0 \u00a0 \u00a0ANGEL Z KRYSZTA\u0141KAMI SWAROVSKIEGO \u00a0 Ca\u0142e\u00a0\u0142\u00f3\u017cko\u00a0\u00a0wykonane jest ze sk\u00f3ry ekologicznej lub wed\u0142ug \u017cyczenia klienta\u00a0 z tkaniny . \u00a0\u0141\u00f3\u017cka\u00a0wykonywane s\u0105 od podstaw przez wykwalifikowanych pracownik\u00f3w naszej firmy produkowane w Polsce. SYPIALNIA PI\u0118KNIE ZDOBIONA KRYSZTA\u0141KAMI SWAROVSKIEGO Zestaw zawiera masywny\u00a0stela\u017c\u00a0dopasowany [&hellip;]<\/p>\n","protected":false},"featured_media":0,"template":"","meta":[],"_links":{"self":[{"href":"https:\/\/profitstore.pl\/index.php\/wp-json\/wp\/v2\/product\/571"}],"collection":[{"href":"https:\/\/profitstore.pl\/index.php\/wp-json\/wp\/v2\/product"}],"about":[{"href":"https:\/\/profitstore.pl\/index.php\/wp-json\/wp\/v2\/types\/product"}],"wp:attachment":[{"href":"https:\/\/profitstore.pl\/index.php\/wp-json\/wp\/v2\/media?parent=571"}],"curies":[{"name":"wp","href":"https:\/\/api.w.org\/{rel}","templated":true}]}}