{"id":516,"date":"2021-03-19T07:37:58","date_gmt":"2021-03-19T07:37:58","guid":{"rendered":"https:\/\/profitstore.pl\/index.php\/produkt\/import-placeholder-for-1068\/"},"modified":"2021-03-19T07:38:23","modified_gmt":"2021-03-19T07:38:23","slug":"belagio-fat-s-lozko-tapicerowane","status":"publish","type":"product","link":"https:\/\/profitstore.pl\/index.php\/produkt\/belagio-fat-s-lozko-tapicerowane\/","title":{"rendered":"Belagio Fat S \u0142\u00f3\u017cko tapicerowane"},"content":{"rendered":"<div class=\"content\"><strong>BELGIO FAT S<\/strong><\/div>\n<div class=\"content\">Ca\u0142e\u00a0<strong>\u0142\u00f3\u017cko\u00a0<\/strong>wykonane jest ze sk\u00f3ry ekologicznej lub wed\u0142ug \u017cyczenia klienta z tkaniny.<\/div>\n<div class=\"content\"><strong>\u0141\u00f3\u017cka<\/strong>\u00a0wykonywane s\u0105 od podstaw przez wykwalifikowanych pracownik\u00f3w naszej firmy produkowane w Polsce.<\/div>\n<div class=\"content\"><\/div>\n<div class=\"content\">\n<p><strong>\u00a0<\/strong><\/p>\n<p style=\"display: inline !important;\"><img src=\"https:\/\/www.tapicerowane-lozka.pl\/files\/befsm51l7ki1_m1631.jpg?t=1515515100364\" alt=\"\" \/><\/p>\n<\/div>\n<div id=\"productDescription\" class=\"content\">\n<p>\u00a0<img src=\"https:\/\/www.tapicerowane-lozka.pl\/files\/befsm51l7ki_m16t3.jpg?t=1515515131155\" alt=\"\" \/><\/p>\n<p><img src=\"https:\/\/www.tapicerowane-lozka.pl\/files\/text3mbefats713.jpg?t=1515515146291\" alt=\"\" \/><\/p>\n<p>Zestaw zawiera masywny\u00a0<strong>stela\u017c<\/strong>\u00a0dopasowany do ka\u017cdego<strong>\u00a0materaca<\/strong>\u00a0.<\/p>\n<p><img src=\"http:\/\/projekty.rankhouse.pl\/aismeble\/img\/cms\/stela%C5%BCz.jpg\" \/><\/p>\n<p>N\u00f3\u017cki do\u00a0<strong>\u0142\u00f3\u017cka<\/strong>\u00a0wykonane ze stali chromowanej .<\/p>\n<p><strong>WSZELKICH PORAD UDZIELAMY POD NUMEREM TELEFONU\u00a0 600 335 659<\/strong><\/p>\n<p><strong><span style=\"text-decoration: underline;\"><em>CA\u0141KOWITE<\/em><em>\u00a0\u00a0WYMIARY \u0141\u00d3\u017bEK Z POSZCZEG\u00d3LNYMI ROZMIARAMI MATERACA:<\/em><\/span><\/strong><\/p>\n<p><strong>\u0141\u00f3\u017cko pod materac 120<\/strong><strong>\u00a0x 200 \u00a0 \u00a0 \u00a0 \u00a0 \u00a0<\/strong><strong>\u0141\u00f3\u017cko pod materac 140<\/strong><strong>\u00a0x 200 \u00a0 \u00a0 \u00a0 \u00a0 \u00a0<\/strong><strong>\u0141\u00f3\u017cko pod materac 140<\/strong><strong>\u00a0x 220\u00a0 \u00a0 \u00a0 \u00a0 \u00a0<\/strong><\/p>\n<p>SZEROKO\u015a\u0106 &#8211; 130 CM \u00a0 \u00a0 \u00a0 \u00a0 \u00a0 \u00a0 \u00a0 \u00a0 \u00a0 \u00a0 \u00a0 \u00a0 \u00a0 \u00a0 SZEROKO\u015a\u0106 &#8211; 150 CM \u00a0 \u00a0 \u00a0 \u00a0 \u00a0 \u00a0 \u00a0 \u00a0 \u00a0 \u00a0 \u00a0 \u00a0 \u00a0 SZEROKO\u015a\u0106 &#8211; 150 CM<\/p>\n<p>D\u0141UGO\u015a\u0106 &#8211; 245 CM\u00a0 \u00a0 \u00a0 \u00a0 \u00a0 \u00a0 \u00a0 \u00a0 \u00a0 \u00a0 \u00a0 \u00a0 \u00a0 \u00a0 \u00a0 \u00a0 \u00a0D\u0141UGO\u015a\u0106 &#8211; 245 CM \u00a0 \u00a0 \u00a0 \u00a0 \u00a0 \u00a0 \u00a0 \u00a0 \u00a0 \u00a0 \u00a0 \u00a0 \u00a0 \u00a0 \u00a0 D\u0141UGO\u015a\u0106 &#8211; 265 CM<\/p>\n<p>WYSOKO\u015a\u0106 &#8211; 67 CM\u00a0 \u00a0 \u00a0 \u00a0 \u00a0 \u00a0 \u00a0 \u00a0 \u00a0 \u00a0 \u00a0 \u00a0 \u00a0 \u00a0 \u00a0 \u00a0 WYSOKO\u015a\u0106 &#8211; 67 CM\u00a0 \u00a0 \u00a0 \u00a0 \u00a0 \u00a0 \u00a0 \u00a0 \u00a0 \u00a0 \u00a0 \u00a0 \u00a0 \u00a0 \u00a0 WYSOKO\u015a\u0106 &#8211; 67 CM<\/p>\n<p><strong>\u0141\u00f3\u017cko pod materac 160<\/strong><strong>\u00a0x 200 \u00a0 \u00a0 \u00a0 \u00a0 \u00a0<\/strong><strong>\u0141\u00f3\u017cko pod materac 160<\/strong><strong>\u00a0x 220 \u00a0 \u00a0 \u00a0 \u00a0 \u00a0<\/strong><strong>\u0141\u00f3\u017cko pod materac 180<\/strong><strong>\u00a0x 200\u00a0 \u00a0 \u00a0 \u00a0 \u00a0<\/strong><\/p>\n<p>SZEROKO\u015a\u0106 &#8211; 170 CM \u00a0 \u00a0 \u00a0 \u00a0 \u00a0 \u00a0 \u00a0 \u00a0 \u00a0 \u00a0 \u00a0 \u00a0 \u00a0 \u00a0 SZEROKO\u015a\u0106 &#8211; 170 CM \u00a0 \u00a0 \u00a0 \u00a0 \u00a0 \u00a0 \u00a0 \u00a0 \u00a0 \u00a0 \u00a0 \u00a0 \u00a0 SZEROKO\u015a\u0106 &#8211; 190 CM<\/p>\n<p>D\u0141UGO\u015a\u0106 &#8211; 245 CM\u00a0 \u00a0 \u00a0 \u00a0 \u00a0 \u00a0 \u00a0 \u00a0 \u00a0 \u00a0 \u00a0 \u00a0 \u00a0 \u00a0 \u00a0 \u00a0 \u00a0D\u0141UGO\u015a\u0106 &#8211; 265 CM \u00a0 \u00a0 \u00a0 \u00a0 \u00a0 \u00a0 \u00a0 \u00a0 \u00a0 \u00a0 \u00a0 \u00a0 \u00a0 \u00a0 \u00a0 D\u0141UGO\u015a\u0106 &#8211; 245 CM<\/p>\n<p>WYSOKO\u015a\u0106 &#8211; 67 CM\u00a0 \u00a0 \u00a0 \u00a0 \u00a0 \u00a0 \u00a0 \u00a0 \u00a0 \u00a0 \u00a0 \u00a0 \u00a0 \u00a0 \u00a0 \u00a0 WYSOKO\u015a\u0106 &#8211; 67 CM\u00a0 \u00a0 \u00a0 \u00a0 \u00a0 \u00a0 \u00a0 \u00a0 \u00a0 \u00a0 \u00a0 \u00a0 \u00a0 \u00a0 \u00a0 WYSOKO\u015a\u0106 &#8211; 67 CM<\/p>\n<p><strong>\u0141\u00f3\u017cko pod materac 180<\/strong><strong>\u00a0x 220 \u00a0 \u00a0 \u00a0 \u00a0 \u00a0<\/strong><strong>\u0141\u00f3\u017cko pod materac 200<\/strong><strong>\u00a0x 200 \u00a0 \u00a0 \u00a0 \u00a0 \u00a0<\/strong><strong>\u0141\u00f3\u017cko pod materac 200<\/strong><strong>\u00a0x 220 \u00a0 \u00a0 \u00a0 \u00a0\u00a0<\/strong><strong><br \/>\n<\/strong><\/p>\n<p>WYMIARY \u00a0 \u00a0 \u00a0 \u00a0 \u00a0 \u00a0 \u00a0 \u00a0 \u00a0 \u00a0 \u00a0 \u00a0 \u00a0 \u00a0 \u00a0 \u00a0 \u00a0 \u00a0 \u00a0 \u00a0 \u00a0 \u00a0 \u00a0 WYMIARY \u00a0 \u00a0 \u00a0 \u00a0 \u00a0 \u00a0 \u00a0 \u00a0 \u00a0 \u00a0 \u00a0 \u00a0 \u00a0 \u00a0 \u00a0 \u00a0 \u00a0 \u00a0 \u00a0 \u00a0 \u00a0 \u00a0 \u00a0WYMIARY<\/p>\n<p>SZEROKO\u015a\u0106 &#8211; 190 CM \u00a0 \u00a0 \u00a0 \u00a0 \u00a0 \u00a0 \u00a0 \u00a0 \u00a0 \u00a0 \u00a0 \u00a0 \u00a0 \u00a0 SZEROKO\u015a\u0106 &#8211; 210 CM \u00a0 \u00a0 \u00a0 \u00a0 \u00a0 \u00a0 \u00a0 \u00a0 \u00a0 \u00a0 \u00a0 \u00a0 \u00a0 SZEROKO\u015a\u0106 &#8211; 210 CM<\/p>\n<p>D\u0141UGO\u015a\u0106 &#8211; 265 CM \u00a0 \u00a0 \u00a0 \u00a0 \u00a0 \u00a0 \u00a0 \u00a0 \u00a0 \u00a0 \u00a0 \u00a0 \u00a0 \u00a0 \u00a0 \u00a0 \u00a0D\u0141UGO\u015a\u0106 &#8211; 245 CM \u00a0 \u00a0 \u00a0 \u00a0 \u00a0 \u00a0 \u00a0 \u00a0 \u00a0 \u00a0 \u00a0 \u00a0 \u00a0 \u00a0 \u00a0 D\u0141UGO\u015a\u0106 &#8211; 240 CM<\/p>\n<p>WYSOKO\u015a\u0106 &#8211; 67 CM \u00a0 \u00a0 \u00a0 \u00a0 \u00a0 \u00a0 \u00a0 \u00a0 \u00a0 \u00a0 \u00a0 \u00a0 \u00a0 \u00a0 \u00a0 \u00a0 \u00a0WYSOKO\u015a\u0106 &#8211; 67 CM \u00a0 \u00a0 \u00a0 \u00a0 \u00a0 \u00a0 \u00a0 \u00a0 \u00a0 \u00a0 \u00a0 \u00a0 \u00a0 \u00a0 \u00a0WYSOKO\u015a\u0106 &#8211; 67 CM<\/p>\n<p><strong>Gwarancja &#8211; 24 msc.<br \/>\n<\/strong><\/p>\n<p><strong>CZAS REALIZACJI DO\u00a0<\/strong><strong>14 DNI ROBOCZYCH<\/strong><\/p>\n<p><strong style=\"color: #222222; font-family: Arial, Helvetica, sans-serif; font-size: 14.0747px;\">\u0141\u00f3\u017cko\u00a0 bez materaca, kt\u00f3ry mo\u017cna zakupi\u0107 w naszym sklepie.<\/strong><\/p>\n<p><img src=\"https:\/\/www.tapicerowane-lozka.pl\/files\/skory-ekologiczne.jpg\" alt=\"\u0142\u00f3\u017cko sk\u00f3ra ekologiczna\" \/><\/p>\n<p><img src=\"https:\/\/www.aismeble.pl\/img\/cms\/tkaniny\/tkanina%20ARUBA.jpg\" \/><\/p>\n<p>Po z\u0142o\u017ceniu zam\u00f3wienia prosz\u0119 okre\u015bli\u0107 kolor i rodzaj materia\u0142u, z kt\u00f3rego ma by\u0107 wykonany\u00a0<strong style=\"font-family: verdana, geneva, sans-serif;\">mebel.<\/strong><\/p>\n<p>DO WYBORU SK\u00d3RA EKOLOGICZNA LUB TKANINA W TEJ SAMEJ CENIE.<\/p>\n<p>Na \u017cyczenie wysy\u0142amy pr\u00f3bki tkanin w celu weryfikacji koloru tkaniny (podane kolory na monitorze mog\u0105 nieznacznie r\u00f3\u017cni\u0107 si\u0119 od rzeczywistych).<\/p>\n<p>Instrukcja monta\u017cu oraz elementy monta\u017cowe do\u0142\u0105czone w komplecie z<strong>\u00a0\u0142\u00f3\u017ckiem<\/strong>.<\/p>\n<\/div>\n","protected":false},"excerpt":{"rendered":"<p>BELGIO FAT S Ca\u0142e\u00a0\u0142\u00f3\u017cko\u00a0wykonane jest ze sk\u00f3ry ekologicznej lub wed\u0142ug \u017cyczenia klienta z tkaniny. \u0141\u00f3\u017cka\u00a0wykonywane s\u0105 od podstaw przez wykwalifikowanych pracownik\u00f3w naszej firmy produkowane w Polsce. \u00a0 \u00a0 Zestaw zawiera masywny\u00a0stela\u017c\u00a0dopasowany do ka\u017cdego\u00a0materaca\u00a0. N\u00f3\u017cki do\u00a0\u0142\u00f3\u017cka\u00a0wykonane ze stali chromowanej . WSZELKICH PORAD UDZIELAMY POD NUMEREM TELEFONU\u00a0 600 335 659 CA\u0141KOWITE\u00a0\u00a0WYMIARY \u0141\u00d3\u017bEK Z POSZCZEG\u00d3LNYMI ROZMIARAMI MATERACA: \u0141\u00f3\u017cko [&hellip;]<\/p>\n","protected":false},"featured_media":0,"template":"","meta":[],"_links":{"self":[{"href":"https:\/\/profitstore.pl\/index.php\/wp-json\/wp\/v2\/product\/516"}],"collection":[{"href":"https:\/\/profitstore.pl\/index.php\/wp-json\/wp\/v2\/product"}],"about":[{"href":"https:\/\/profitstore.pl\/index.php\/wp-json\/wp\/v2\/types\/product"}],"wp:attachment":[{"href":"https:\/\/profitstore.pl\/index.php\/wp-json\/wp\/v2\/media?parent=516"}],"curies":[{"name":"wp","href":"https:\/\/api.w.org\/{rel}","templated":true}]}}