{"id":512,"date":"2019-07-05T13:46:48","date_gmt":"2019-07-05T13:46:48","guid":{"rendered":"https:\/\/profitstore.pl\/index.php\/produkt\/import-placeholder-for-1063\/"},"modified":"2019-07-05T14:38:05","modified_gmt":"2019-07-05T14:38:05","slug":"zestaw-lozko-stilo-2-lux-standard-materac-siedmiostrefowy-stelaz","status":"publish","type":"product","link":"https:\/\/profitstore.pl\/index.php\/produkt\/zestaw-lozko-stilo-2-lux-standard-materac-siedmiostrefowy-stelaz\/","title":{"rendered":"ZESTAW  \u0141\u00d3\u017bKO STILO 2 LUX STANDARD  MATERAC SIEDMIOSTREFOWY  STELA\u017b"},"content":{"rendered":"<p><strong>ZESTAW ZAWIERA:<\/strong><\/p>\n<p><strong>\u00a0\u0141\u00d3\u017bKO STILO 2 LUX STANDARD<\/strong><\/p>\n<p><strong>\u00a0MATERAC KIESZENIOWY SIEDMIOSTREFOWY POSEJDON<\/strong><\/p>\n<p><strong>STELA\u017b POD MATERAC<\/strong><\/p>\n<p><strong>\u00a0 \u00a0 \u00a0 \u00a0 \u00a0 \u00a0 \u00a0 \u00a0 \u00a0 \u00a0 \u00a0 \u00a0 \u00a0 \u00a0<\/strong><\/p>\n<p><strong>\u00a0 \u00a0 \u00a0 \u00a0 \u00a0 \u00a0 \u00a0 \u00a0 \u00a0 \u00a0 \u00a0 \u00a0 \u00a0 \u00a0 \u00a0 \u00a0 \u00a0 \u00a0 \u00a0 \u00a0 \u00a0 \u00a0 \u00a0 \u00a0 \u00a0 \u00a0STILO 2 LUX STANDARD<\/strong><\/p>\n<div class=\"content\">Ca\u0142e\u00a0<strong>\u0142\u00f3\u017cko\u00a0<\/strong>\u00a0wykonane jest ze sk\u00f3ry ekologicznej lub wed\u0142ug \u017cyczenia klienta\u00a0 z tkaniny .<\/div>\n<div class=\"content\"><\/div>\n<div class=\"content\"><strong>Mebel\u00a0<\/strong>\u00a0wykonany jest z najwi\u0119ksz\u0105 staranno\u015bci\u0105 i dba\u0142o\u015bci\u0105 o ka\u017cdy detal.<\/div>\n<div class=\"content\"><\/div>\n<div class=\"content\"><strong>\u0141\u00f3\u017cka<\/strong>\u00a0wykonywane s\u0105 od podstaw przez wykwalifikowanych pracownik\u00f3w naszej firmy produkowane w Polsce .<\/div>\n<div class=\"content\"><\/div>\n<div class=\"content\">Ka\u017cdy klient ma mo\u017cliwo\u015b\u0107 do indywidualnego wyboru kolor\u00f3w<strong>\u00a0\u0142\u00f3\u017cka<\/strong>\u00a0i jego rozmiaru.<\/div>\n<div class=\"content\"><img src=\"https:\/\/www.tapicerowane-lozka.pl\/files\/st2lstm8.jpg?t=1507391176149?t=1507391833630\" alt=\"\" \/><\/div>\n<div id=\"productDescription\" class=\"content\">\n<p>\u00a0<img src=\"https:\/\/www.tapicerowane-lozka.pl\/files\/st2lstm9.jpg?t=1507391871534\" alt=\"\" \/><\/p>\n<p>Zestaw zawiera masywny\u00a0<strong>stela\u017c<\/strong>\u00a0dopasowany do ka\u017cdego<strong>\u00a0materaca<\/strong>\u00a0.<\/p>\n<p><img src=\"https:\/\/www.tapicerowane-lozka.pl\/files\/st2pnm.png\" alt=\"\u0142\u00f3\u017cko stilo 2 lux slim sk\u00f3ra ekologiczna\" \/><\/p>\n<p><strong>MATERAC POSEJDON<\/strong><\/p>\n<p><img loading=\"lazy\" src=\"https:\/\/materace-dla-ciebie.pl\/products_img\/normal\/pocket-classic2_4e1ef9cc92912.jpg\" alt=\"\" width=\"428\" height=\"327\" \/><\/p>\n<p><strong>Zbudowany<\/strong>\u00a0ze spr\u0119\u017cyn kieszeniowych-<strong>\u00a0272 spr\u0119\u017cyn<\/strong>y na ka\u017cdy m2 podzielonych na\u00a0<strong>7 stref<\/strong>.<\/p>\n<p><strong>Ka\u017cda spr\u0119\u017cyna<\/strong>\u00a0umieszczona jest w osobnej kieszonce przez co materac dopasowuje si\u0119 do kszta\u0142tu cia\u0142a, a ka\u017cda jego cz\u0119\u015b\u0107 otrzymuje odpowiednie do wagi podparcie daj\u0105c wysoki komfort snu.<\/p>\n<p><strong>Materac<\/strong>\u00a0dwustronny, \u015bredniotwardy H2.<\/p>\n<p><strong>Jest<\/strong>\u00a0trwa\u0142y, antyalergiczny z wbudowan\u0105 siatk\u0119 wentyluj\u0105c\u0105.<\/p>\n<p><strong>Posiada<\/strong>\u00a0pikowany, zdejmowany<strong>\u00a0pokrowie<\/strong>c na zamek b\u0142yskawiczny z w\u0142\u00f3knem klimatyzuj\u0105cym zapewniaj\u0105cym odpowiedni przep\u0142yw powietrza.<\/p>\n<p><strong>Potwiedzony ATESTEM JAKO\u015aC<\/strong>I ( wykonany z surowc\u00f3w likwiduj\u0105cych ryzyko wyst\u0105pienia uczule\u0144).<\/p>\n<p><strong>Wysoko\u015b\u010716cm.<\/strong><\/p>\n<p><strong>Gwarancja 10 lat.<\/strong><\/p>\n<div id=\"desc-column\" class=\"left\" style=\"float: left; width: 270px; font-family: Verdana, sans-serif;\">\n<div class=\"technologie\" style=\"margin-bottom: 14px;\">\n<div class=\"technologie-item left\" style=\"float: left; margin-left: 0px; margin-bottom: 12px; position: relative;\"><img style=\"border: none;\" title=\"\" src=\"https:\/\/materace-dla-ciebie.pl\/produkty_files\/ico__0019_dwustronny_4de5f6c60c62d.jpg\" alt=\"\" \/><\/div>\n<div class=\"technologie-item left\" style=\"float: left; margin-left: 12px; margin-bottom: 12px; position: relative;\"><img style=\"border: none;\" title=\"\" src=\"https:\/\/materace-dla-ciebie.pl\/produkty_files\/ico__0016_bonell_4de5fa03327b0.jpg\" alt=\"\" \/><\/div>\n<div class=\"technologie-item left\" style=\"float: left; margin-left: 12px; margin-bottom: 12px; position: relative;\"><img style=\"border: none;\" title=\"\" src=\"https:\/\/materace-dla-ciebie.pl\/produkty_files\/ico__0007_piana_4de5f8c243a8d.jpg\" alt=\"\" \/><\/div>\n<div class=\"technologie-item left\" style=\"float: left; margin-left: 12px; margin-bottom: 12px; position: relative;\"><img style=\"border: none;\" title=\"\" src=\"https:\/\/materace-dla-ciebie.pl\/produkty_files\/ico__0010_7stref_4de5f84ee4f48.jpg\" alt=\"\" \/><\/div>\n<div class=\"technologie-item left\" style=\"float: left; margin-left: 0px; margin-bottom: 12px; position: relative;\"><img style=\"border: none;\" title=\"\" src=\"https:\/\/materace-dla-ciebie.pl\/produkty_files\/ico__0003_owata_4de5fa51a71e0.jpg\" alt=\"\" \/><\/div>\n<div class=\"technologie-item left\" style=\"float: left; margin-left: 12px; margin-bottom: 12px; position: relative;\"><img style=\"border: none;\" title=\"\" src=\"https:\/\/materace-dla-ciebie.pl\/produkty_files\/ico__0002_bawelna_4de5fa785cf06.jpg\" alt=\"\" \/><\/div>\n<div class=\"technologie-item left\" style=\"float: left; margin-left: 12px; margin-bottom: 12px; position: relative;\"><img style=\"border: none;\" title=\"\" src=\"https:\/\/materace-dla-ciebie.pl\/produkty_files\/ico__0011_klima_4de5f7f9ba1c1.jpg\" alt=\"\" \/><\/div>\n<div class=\"technologie-item left\" style=\"float: left; margin-left: 12px; margin-bottom: 12px; position: relative;\"><img style=\"border: none;\" title=\"\" src=\"https:\/\/materace-dla-ciebie.pl\/produkty_files\/ico__0009_atest_4de5f87833696.jpg\" alt=\"\" \/><\/div>\n<div class=\"technologie-item left\" style=\"float: left; margin-left: 0px; margin-bottom: 12px; position: relative;\"><img style=\"border: none;\" title=\"\" src=\"https:\/\/materace-dla-ciebie.pl\/produkty_files\/ico__0017_siatka_4de5f75356fd4.jpg\" alt=\"\" \/><\/div>\n<div class=\"technologie-item left\" style=\"float: left; margin-left: 12px; margin-bottom: 12px; position: relative;\"><img style=\"border: none;\" title=\"\" src=\"https:\/\/materace-dla-ciebie.pl\/produkty_files\/ico__0008_zamek_4de5f89e8749f.jpg\" alt=\"\" \/><\/div>\n<div class=\"technologie-item left\" style=\"float: left; margin-left: 12px; margin-bottom: 12px; position: relative;\"><img style=\"border: none;\" title=\"\" src=\"https:\/\/materace-dla-ciebie.pl\/produkty_files\/antyaler_red_4de5f98a90383.jpg\" alt=\"\" \/><\/div>\n<div class=\"technologie-item left\" style=\"float: left; margin-left: 12px; margin-bottom: 12px; position: relative;\"><img style=\"border: none;\" title=\"\" src=\"https:\/\/materace-dla-ciebie.pl\/produkty_files\/ico__0013_h2_4de5fb149aba0.jpg\" alt=\"\" \/><\/div>\n<\/div>\n<\/div>\n<div class=\"product-heading\" style=\"height: 120px; padding-left: 5px; font-family: Verdana, sans-serif;\"><\/div>\n<p><strong>WSZELKICH PORAD UDZIELAMY POD NUMEREM TELEFONU ; 600 335 659<\/strong><\/p>\n<p><strong>-\u0141\u00f3\u017cko pod materac 120<\/strong><strong>\u00a0x 200<\/strong><\/p>\n<p>WYMIARY<\/p>\n<p>SZEROKO\u015a\u0106 \u00a0&#8211; 130 CM<\/p>\n<p>D\u0141UGO\u015a\u0106- 236 CM<\/p>\n<p>WYSOKO\u015a\u0106 &#8211; 67 CM<\/p>\n<p style=\"margin: 0px; padding: 0px 0px 10px; border: 0px; color: #666666; font-family: Verdana, Arial, sans-serif; font-size: 12.996px;\"><strong style=\"color: #000000; font-family: Verdana, Arial, Helvetica, sans-serif; font-size: 12px;\">-\u0141\u00f3\u017cko pod materac 140<\/strong><strong style=\"color: #000000; font-family: Verdana, Arial, Helvetica, sans-serif; font-size: 12px;\">\u00a0x 200<\/strong><\/p>\n<p>\u00a0SZEROKO\u015a\u0106 \u00a0&#8211; 150 CM<\/p>\n<p>D\u0141UGO\u015a\u0106- 236 CM<\/p>\n<p>WYSOKO\u015a\u0106 &#8211; 67 CM<\/p>\n<p style=\"margin: 0px; padding: 0px 0px 10px; border: 0px; color: #666666; font-family: Verdana, Arial, sans-serif; font-size: 12.996px;\"><strong style=\"color: #000000; font-family: Verdana, Arial, Helvetica, sans-serif; font-size: 12px;\">-\u0141\u00f3\u017cko pod materac 160<\/strong><strong style=\"color: #000000; font-family: Verdana, Arial, Helvetica, sans-serif; font-size: 12px;\">\u00a0x 200<\/strong><\/p>\n<p>\u00a0SZEROKO\u015a\u0106 \u00a0&#8211; 170 CM<\/p>\n<p>D\u0141UGO\u015a\u0106- 236 CM<\/p>\n<p>WYSOKO\u015a\u0106 &#8211; 67 CM<\/p>\n<p style=\"margin: 0px; padding: 0px 0px 10px; border: 0px; color: #666666; font-family: Verdana, Arial, sans-serif; font-size: 12.996px;\"><strong style=\"color: #000000; font-family: Verdana, Arial, Helvetica, sans-serif; font-size: 12px;\">-\u0141\u00f3\u017cko pod materac 180<\/strong><strong style=\"color: #000000; font-family: Verdana, Arial, Helvetica, sans-serif; font-size: 12px;\">\u00a0x 200<\/strong><\/p>\n<p>SZEROKO\u015a\u0106 \u00a0&#8211; 190 CM<\/p>\n<p>D\u0141UGO\u015a\u0106- 236 CM<\/p>\n<p>WYSOKO\u015a\u0106 &#8211; 67 CM<\/p>\n<p style=\"margin: 0px; padding: 0px 0px 10px; border: 0px; color: #666666; font-family: Verdana, Arial, sans-serif; font-size: 12.996px;\"><strong style=\"color: #000000; font-family: Verdana, Arial, Helvetica, sans-serif; font-size: 12px;\">-\u0141\u00f3\u017cko pod materac 200<\/strong><strong style=\"color: #000000; font-family: Verdana, Arial, Helvetica, sans-serif; font-size: 12px;\">\u00a0x 200<\/strong><\/p>\n<p>SZEROKO\u015a\u0106 \u00a0&#8211; 210 CM<\/p>\n<p>D\u0141UGO\u015a\u0106- 236 CM<\/p>\n<p>WYSOKO\u015a\u0106 &#8211; 67 CM<\/p>\n<p><strong>Gwarancja &#8211; 24 msc.<br \/>\n<\/strong><\/p>\n<p><strong>CZAS REALIZACJI \u00a0DO\u00a0<\/strong><strong>14 \u00a0DNI ROBOCZYCH<\/strong><\/p>\n<p><strong>Stoliki nocne mo\u017cna zakupi\u0107 w naszym sklepie.<br \/>\n<\/strong><\/p>\n<p><img src=\"https:\/\/www.tapicerowane-lozka.pl\/files\/ekoskorm.jpg\" alt=\"\u0142\u00f3\u017cko sk\u00f3ra ekologiczna\" \/><\/p>\n<p>Po z\u0142o\u017ceniu zam\u00f3wienia prosz\u0119 okre\u015bli\u0107 kolor , z kt\u00f3rego ma by\u0107 wykonany\u00a0<strong style=\"font-family: verdana, geneva, sans-serif;\">mebel.<\/strong><\/p>\n<p>Na \u017cyczenie wysy\u0142amy pr\u00f3bki tkanin w celu weryfikacji koloru\u00a0 (podane kolory na monitorze mog\u0105 nieznacznie r\u00f3\u017cni\u0107 si\u0119 od rzeczywistych).<\/p>\n<p>Instrukcja monta\u017cu oraz elementy monta\u017cowe do\u0142\u0105czone w komplecie z<strong>\u00a0\u0142\u00f3\u017ckiem<\/strong>.<\/p>\n<\/div>\n","protected":false},"excerpt":{"rendered":"<p>ZESTAW ZAWIERA: \u00a0\u0141\u00d3\u017bKO STILO 2 LUX STANDARD \u00a0MATERAC KIESZENIOWY SIEDMIOSTREFOWY POSEJDON STELA\u017b POD MATERAC \u00a0 \u00a0 \u00a0 \u00a0 \u00a0 \u00a0 \u00a0 \u00a0 \u00a0 \u00a0 \u00a0 \u00a0 \u00a0 \u00a0 \u00a0 \u00a0 \u00a0 \u00a0 \u00a0 \u00a0 \u00a0 \u00a0 \u00a0 \u00a0 \u00a0 \u00a0 \u00a0 \u00a0 \u00a0 \u00a0 \u00a0 \u00a0 \u00a0 \u00a0 \u00a0 \u00a0 \u00a0 \u00a0 \u00a0 \u00a0STILO 2 [&hellip;]<\/p>\n","protected":false},"featured_media":543,"template":"","meta":[],"_links":{"self":[{"href":"https:\/\/profitstore.pl\/index.php\/wp-json\/wp\/v2\/product\/512"}],"collection":[{"href":"https:\/\/profitstore.pl\/index.php\/wp-json\/wp\/v2\/product"}],"about":[{"href":"https:\/\/profitstore.pl\/index.php\/wp-json\/wp\/v2\/types\/product"}],"wp:featuredmedia":[{"embeddable":true,"href":"https:\/\/profitstore.pl\/index.php\/wp-json\/wp\/v2\/media\/543"}],"wp:attachment":[{"href":"https:\/\/profitstore.pl\/index.php\/wp-json\/wp\/v2\/media?parent=512"}],"curies":[{"name":"wp","href":"https:\/\/api.w.org\/{rel}","templated":true}]}}