{"id":50194,"date":"2022-01-26T13:34:20","date_gmt":"2022-01-26T13:34:20","guid":{"rendered":"https:\/\/profitstore.pl\/?post_type=product&#038;p=50194"},"modified":"2022-01-26T13:40:06","modified_gmt":"2022-01-26T13:40:06","slug":"krzeslo-toaletowe-na-kolkach","status":"publish","type":"product","link":"https:\/\/profitstore.pl\/index.php\/produkt\/krzeslo-toaletowe-na-kolkach\/","title":{"rendered":"Krzes\u0142o toaletowe na k\u00f3\u0142kach"},"content":{"rendered":"","protected":false},"excerpt":{"rendered":"","protected":false},"featured_media":0,"template":"","meta":[],"_links":{"self":[{"href":"https:\/\/profitstore.pl\/index.php\/wp-json\/wp\/v2\/product\/50194"}],"collection":[{"href":"https:\/\/profitstore.pl\/index.php\/wp-json\/wp\/v2\/product"}],"about":[{"href":"https:\/\/profitstore.pl\/index.php\/wp-json\/wp\/v2\/types\/product"}],"wp:attachment":[{"href":"https:\/\/profitstore.pl\/index.php\/wp-json\/wp\/v2\/media?parent=50194"}],"curies":[{"name":"wp","href":"https:\/\/api.w.org\/{rel}","templated":true}]}}